{"id":2346,"date":"2020-07-10T12:59:38","date_gmt":"2020-07-10T12:59:38","guid":{"rendered":"https:\/\/baanpakk.hu\/standards-iso\/"},"modified":"2020-11-12T09:09:17","modified_gmt":"2020-11-12T09:09:17","slug":"normen-iso","status":"publish","type":"page","link":"https:\/\/baanpakk.hu\/de\/normen-iso\/","title":{"rendered":"Normen\/ISO"},"content":{"rendered":"<div class=\"wpb-content-wrapper\"><p>[vc_row full_width=&#8220;stretch_row&#8220; content_placement=&#8220;bottom&#8220; css=&#8220;.vc_custom_1594386713745{margin-bottom: 15vh !important;padding-top: 8vh !important;padding-bottom: 4vh !important;background-image: url(https:\/\/baanpakk.hu\/wp-content\/uploads\/2020\/07\/baan-ipari-csomagolas-iso-header-bg2.jpg?id=1808) !important;background-position: center !important;background-repeat: no-repeat !important;background-size: cover !important;}&#8220; mobile_bg_img_hidden=&#8220;no&#8220; tablet_bg_img_hidden=&#8220;no&#8220; woodmart_parallax=&#8220;0&#8243; woodmart_gradient_switch=&#8220;no&#8220; row_reverse_mobile=&#8220;0&#8243; row_reverse_tablet=&#8220;0&#8243; woodmart_disable_overflow=&#8220;1&#8243;][vc_column css=&#8220;.vc_custom_1582037279782{padding-top: 0px !important;}&#8220; mobile_bg_img_hidden=&#8220;no&#8220; tablet_bg_img_hidden=&#8220;no&#8220; woodmart_parallax=&#8220;0&#8243; woodmart_sticky_column=&#8220;false&#8220; parallax_scroll=&#8220;no&#8220; mobile_reset_margin=&#8220;no&#8220; tablet_reset_margin=&#8220;no&#8220;]\t\n\t\t\t<div id=\"wd-5facfb881acd2\" class=\"woodmart-text-block-wrapper color-scheme-custom woodmart-title-size-custom woodmart-title-width-100 text-left vc_custom_1605172106194\">\n\t\t\t\t<div class=\"woodmart-title-container woodmart-text-block font-primary woodmart-font-weight-600\">\n\t\t\t\t\tSo geh\u00f6rt sich das\t\t\t\t<\/div>\n\t\t\t\t\t\n\t\t\t<\/div>\n\t\t\n\t\t<div id=\"wd-5facfb8e9a199\" class=\"title-wrapper  woodmart-title-color-white woodmart-title-style-default woodmart-title-width-70 text-left woodmart-title-size-custom vc_custom_1605172112460\">\n\t\t\t\n\t\t\t<div class=\"liner-continer\">\n\t\t\t\t<span class=\"left-line\"><\/span>\n\t\t\t\t<h1 class=\"woodmart-title-container title  woodmart-font-weight-700\" >Normen\/ISO<\/h1>\t\t\t\t\t\t\t\t<span class=\"right-line\"><\/span>\n\t\t\t<\/div>\n\t\t\t\n\t\t\t\n\t\t\t\t\t<\/div>\n\t\t\n\t\t[\/vc_column][vc_column css=&#8220;.vc_custom_1582035459294{padding-top: 0px !important;}&#8220; mobile_bg_img_hidden=&#8220;no&#8220; tablet_bg_img_hidden=&#8220;no&#8220; woodmart_parallax=&#8220;0&#8243; woodmart_sticky_column=&#8220;false&#8220; parallax_scroll=&#8220;no&#8220; mobile_reset_margin=&#8220;no&#8220; tablet_reset_margin=&#8220;no&#8220; offset=&#8220;vc_col-lg-6 vc_col-md-6 vc_col-xs-12&#8243;][vc_row_inner css=&#8220;.vc_custom_1581945789600{margin-bottom: 4vh !important;}&#8220; row_reverse_mobile=&#8220;0&#8243; row_reverse_tablet=&#8220;0&#8243;][vc_column_inner css=&#8220;.vc_custom_1581944820987{padding-top: 0px !important;}&#8220;]\t\n\t\t\t<div id=\"wd-5facfb969a483\" class=\"woodmart-text-block-wrapper color-scheme-custom woodmart-title-size-default woodmart-title-width-100 text-left vc_custom_1605172123810\">\n\t\t\t\t<div class=\"woodmart-title-container woodmart-text-block font-primary woodmart-font-weight-\">\n\t\t\t\t\tDer Einkauf des Bauholzes und der h\u00f6lzernen Plattenprodukten erfolgt \u00fcber streng kontrollierten und zertifizierten Zulieferanten.<\/p>\n<p>Die Lagerung des Holzmaterials und des entstehenden Holzabfalls erfolgt nebst Erf\u00fcllung strengster Auflagen.\t\t\t\t<\/div>\n\t\t\t\t\t\n\t\t\t<\/div>\n\t\t[\/vc_column_inner][\/vc_row_inner][vc_empty_space height=&#8220;1px&#8220; woodmart_hide_large=&#8220;0&#8243; woodmart_hide_medium=&#8220;0&#8243; woodmart_hide_small=&#8220;0&#8243; woodmart_hide_extra_small=&#8220;1&#8243; css=&#8220;.vc_custom_1582040633122{margin-bottom: -16vh !important;}&#8220;][\/vc_column][vc_column width=&#8220;1\/2&#8243; css=&#8220;.vc_custom_1593692106077{padding-top: 0px !important;}&#8220; mobile_bg_img_hidden=&#8220;no&#8220; tablet_bg_img_hidden=&#8220;no&#8220; woodmart_parallax=&#8220;0&#8243; woodmart_sticky_column=&#8220;false&#8220; parallax_scroll=&#8220;no&#8220; mobile_reset_margin=&#8220;no&#8220; tablet_reset_margin=&#8220;no&#8220;][vc_single_image image=&#8220;2350&#8243; img_size=&#8220;large&#8220; alignment=&#8220;right&#8220; scroll_x=&#8220;0&#8243; scroll_y=&#8220;-80&#8243; scroll_z=&#8220;0&#8243; parallax_scroll=&#8220;yes&#8220; css=&#8220;.vc_custom_1595858231463{margin-bottom: 0px !important;}&#8220; el_class=&#8220;img-border img-border-white&#8220;][vc_empty_space height=&#8220;1px&#8220; woodmart_hide_large=&#8220;0&#8243; woodmart_hide_medium=&#8220;0&#8243; woodmart_hide_small=&#8220;0&#8243; woodmart_hide_extra_small=&#8220;0&#8243; css=&#8220;.vc_custom_1582040626513{margin-bottom: -16vh !important;}&#8220;][\/vc_column][\/vc_row][vc_row full_width=&#8220;stretch_row&#8220; css=&#8220;.vc_custom_1593692789896{margin-bottom: 8vh !important;}&#8220; mobile_bg_img_hidden=&#8220;no&#8220; tablet_bg_img_hidden=&#8220;no&#8220; woodmart_parallax=&#8220;0&#8243; woodmart_gradient_switch=&#8220;no&#8220; row_reverse_mobile=&#8220;0&#8243; row_reverse_tablet=&#8220;0&#8243; woodmart_disable_overflow=&#8220;0&#8243;][vc_column offset=&#8220;vc_col-lg-offset-2 vc_col-lg-8 vc_col-md-offset-2 vc_col-md-8 vc_col-sm-offset-0&#8243; css=&#8220;.vc_custom_1499599304156{padding-top: 0px !important;}&#8220;]\n\t\t<div id=\"wd-5f0868f7ebcfd\" class=\"title-wrapper  woodmart-title-color-default woodmart-title-style-default woodmart-title-width-100 text-left woodmart-title-size-custom vc_custom_1594386681996\">\n\t\t\t\n\t\t\t<div class=\"liner-continer\">\n\t\t\t\t<span class=\"left-line\"><\/span>\n\t\t\t\t<h4 class=\"woodmart-title-container title  woodmart-font-weight-\" >MSZ EN ISO 9001:2001<\/h4>\t\t\t\t\t\t\t\t<span class=\"right-line\"><\/span>\n\t\t\t<\/div>\n\t\t\t\n\t\t\t\n\t\t\t\t\t<\/div>\n\t\t\n\t\t[vc_row_inner][vc_column_inner css=&#8220;.vc_custom_1494857398526{padding-top: 0px !important;}&#8220;][vc_column_text css=&#8220;.vc_custom_1605172137735{margin-bottom: 20px !important;}&#8220; text_larger=&#8220;no&#8220;]Wir haben die Optimierung unserer Produktionsabl\u00e4ufe, sowie die den Anforderungen vom h\u00f6chsten Niveau entsprechende qualit\u00e4tspolitische Erwartungen entlang <strong>der Richtlinien der MSZ EN ISO 9001:2001 Norm bestimmt.<\/strong><\/p>\n<p>Nebst der Konfektionierung und Bearbeitung der Naturholz- und Holzplattenprodukte erfolgt die vollumf\u00e4ngliche Erstellung der Kasten, Kisten, Paletten, sonstigen speziellen Verpackungsprodukten und die Vorbereitung zum Transport am Standort der Firma.[\/vc_column_text][\/vc_column_inner][\/vc_row_inner][vc_empty_space woodmart_hide_large=&#8220;0&#8243; woodmart_hide_medium=&#8220;0&#8243; woodmart_hide_small=&#8220;0&#8243; woodmart_hide_extra_small=&#8220;0&#8243;][\/vc_column][\/vc_row]<\/p>\n<\/div>","protected":false},"excerpt":{"rendered":"<p>[vc_row full_width=&#8220;stretch_row&#8220; content_placement=&#8220;bottom&#8220; css=&#8220;.vc_custom_1594386713745{margin-bottom: 15vh !important;padding-top: 8vh !important;padding-bottom: 4vh !important;background-image: url(https:\/\/baanpakk.hu\/wp-content\/uploads\/2020\/07\/baan-ipari-csomagolas-iso-header-bg2.jpg?id=1808) !important;background-position: center !important;background-repeat: no-repeat !important;background-size: cover !important;}&#8220; mobile_bg_img_hidden=&#8220;no&#8220; tablet_bg_img_hidden=&#8220;no&#8220;<\/p>\n","protected":false},"author":1,"featured_media":0,"parent":0,"menu_order":0,"comment_status":"closed","ping_status":"closed","template":"","meta":{"footnotes":""},"class_list":["post-2346","page","type-page","status-publish","hentry"],"yoast_head":"<!-- This site is optimized with the Yoast SEO plugin v26.7 - https:\/\/yoast.com\/wordpress\/plugins\/seo\/ -->\n<title>Normen\/ISO - BA\u00c1N PAKK - Professzion\u00e1lis ipari csomagol\u00e1s<\/title>\n<meta name=\"description\" content=\"Der Einkauf des Bauholzes und der h\u00f6lzernen Plattenprodukten erfolgt \u00fcber streng kontrollierten und zertifizierten Zulieferanten.\" \/>\n<meta name=\"robots\" content=\"index, follow, max-snippet:-1, max-image-preview:large, max-video-preview:-1\" \/>\n<link rel=\"canonical\" href=\"https:\/\/baanpakk.hu\/de\/normen-iso\/\" \/>\n<meta property=\"og:locale\" content=\"de_DE\" \/>\n<meta property=\"og:type\" content=\"article\" \/>\n<meta property=\"og:title\" content=\"Normen\/ISO - BA\u00c1N PAKK - Professzion\u00e1lis ipari csomagol\u00e1s\" \/>\n<meta property=\"og:description\" content=\"Der Einkauf des Bauholzes und der h\u00f6lzernen Plattenprodukten erfolgt \u00fcber streng kontrollierten und zertifizierten Zulieferanten.\" \/>\n<meta property=\"og:url\" content=\"https:\/\/baanpakk.hu\/de\/normen-iso\/\" \/>\n<meta property=\"og:site_name\" content=\"BA\u00c1N PAKK - Professzion\u00e1lis ipari csomagol\u00e1s\" \/>\n<meta property=\"article:modified_time\" content=\"2020-11-12T09:09:17+00:00\" \/>\n<meta name=\"twitter:card\" content=\"summary_large_image\" \/>\n<meta name=\"twitter:label1\" content=\"Gesch\u00e4tzte Lesezeit\" \/>\n\t<meta name=\"twitter:data1\" content=\"4\u00a0Minuten\" \/>\n<script type=\"application\/ld+json\" class=\"yoast-schema-graph\">{\"@context\":\"https:\/\/schema.org\",\"@graph\":[{\"@type\":\"WebPage\",\"@id\":\"https:\/\/baanpakk.hu\/de\/normen-iso\/\",\"url\":\"https:\/\/baanpakk.hu\/de\/normen-iso\/\",\"name\":\"Normen\/ISO - BA\u00c1N PAKK - Professzion\u00e1lis ipari csomagol\u00e1s\",\"isPartOf\":{\"@id\":\"https:\/\/baanpakk.hu\/de\/#website\"},\"datePublished\":\"2020-07-10T12:59:38+00:00\",\"dateModified\":\"2020-11-12T09:09:17+00:00\",\"description\":\"Der Einkauf des Bauholzes und der h\u00f6lzernen Plattenprodukten erfolgt \u00fcber streng kontrollierten und zertifizierten Zulieferanten.\",\"breadcrumb\":{\"@id\":\"https:\/\/baanpakk.hu\/de\/normen-iso\/#breadcrumb\"},\"inLanguage\":\"de\",\"potentialAction\":[{\"@type\":\"ReadAction\",\"target\":[\"https:\/\/baanpakk.hu\/de\/normen-iso\/\"]}]},{\"@type\":\"BreadcrumbList\",\"@id\":\"https:\/\/baanpakk.hu\/de\/normen-iso\/#breadcrumb\",\"itemListElement\":[{\"@type\":\"ListItem\",\"position\":1,\"name\":\"Kezd\u0151lap\",\"item\":\"https:\/\/baanpakk.hu\/de\/\"},{\"@type\":\"ListItem\",\"position\":2,\"name\":\"Normen\/ISO\"}]},{\"@type\":\"WebSite\",\"@id\":\"https:\/\/baanpakk.hu\/de\/#website\",\"url\":\"https:\/\/baanpakk.hu\/de\/\",\"name\":\"BA\u00c1N PAKK - Professzion\u00e1lis ipari csomagol\u00e1s\",\"description\":\"\",\"potentialAction\":[{\"@type\":\"SearchAction\",\"target\":{\"@type\":\"EntryPoint\",\"urlTemplate\":\"https:\/\/baanpakk.hu\/de\/?s={search_term_string}\"},\"query-input\":{\"@type\":\"PropertyValueSpecification\",\"valueRequired\":true,\"valueName\":\"search_term_string\"}}],\"inLanguage\":\"de\"}]}<\/script>\n<!-- \/ Yoast SEO plugin. -->","yoast_head_json":{"title":"Normen\/ISO - BA\u00c1N PAKK - Professzion\u00e1lis ipari csomagol\u00e1s","description":"Der Einkauf des Bauholzes und der h\u00f6lzernen Plattenprodukten erfolgt \u00fcber streng kontrollierten und zertifizierten Zulieferanten.","robots":{"index":"index","follow":"follow","max-snippet":"max-snippet:-1","max-image-preview":"max-image-preview:large","max-video-preview":"max-video-preview:-1"},"canonical":"https:\/\/baanpakk.hu\/de\/normen-iso\/","og_locale":"de_DE","og_type":"article","og_title":"Normen\/ISO - BA\u00c1N PAKK - Professzion\u00e1lis ipari csomagol\u00e1s","og_description":"Der Einkauf des Bauholzes und der h\u00f6lzernen Plattenprodukten erfolgt \u00fcber streng kontrollierten und zertifizierten Zulieferanten.","og_url":"https:\/\/baanpakk.hu\/de\/normen-iso\/","og_site_name":"BA\u00c1N PAKK - Professzion\u00e1lis ipari csomagol\u00e1s","article_modified_time":"2020-11-12T09:09:17+00:00","twitter_card":"summary_large_image","twitter_misc":{"Gesch\u00e4tzte Lesezeit":"4\u00a0Minuten"},"schema":{"@context":"https:\/\/schema.org","@graph":[{"@type":"WebPage","@id":"https:\/\/baanpakk.hu\/de\/normen-iso\/","url":"https:\/\/baanpakk.hu\/de\/normen-iso\/","name":"Normen\/ISO - BA\u00c1N PAKK - Professzion\u00e1lis ipari csomagol\u00e1s","isPartOf":{"@id":"https:\/\/baanpakk.hu\/de\/#website"},"datePublished":"2020-07-10T12:59:38+00:00","dateModified":"2020-11-12T09:09:17+00:00","description":"Der Einkauf des Bauholzes und der h\u00f6lzernen Plattenprodukten erfolgt \u00fcber streng kontrollierten und zertifizierten Zulieferanten.","breadcrumb":{"@id":"https:\/\/baanpakk.hu\/de\/normen-iso\/#breadcrumb"},"inLanguage":"de","potentialAction":[{"@type":"ReadAction","target":["https:\/\/baanpakk.hu\/de\/normen-iso\/"]}]},{"@type":"BreadcrumbList","@id":"https:\/\/baanpakk.hu\/de\/normen-iso\/#breadcrumb","itemListElement":[{"@type":"ListItem","position":1,"name":"Kezd\u0151lap","item":"https:\/\/baanpakk.hu\/de\/"},{"@type":"ListItem","position":2,"name":"Normen\/ISO"}]},{"@type":"WebSite","@id":"https:\/\/baanpakk.hu\/de\/#website","url":"https:\/\/baanpakk.hu\/de\/","name":"BA\u00c1N PAKK - Professzion\u00e1lis ipari csomagol\u00e1s","description":"","potentialAction":[{"@type":"SearchAction","target":{"@type":"EntryPoint","urlTemplate":"https:\/\/baanpakk.hu\/de\/?s={search_term_string}"},"query-input":{"@type":"PropertyValueSpecification","valueRequired":true,"valueName":"search_term_string"}}],"inLanguage":"de"}]}},"_links":{"self":[{"href":"https:\/\/baanpakk.hu\/de\/wp-json\/wp\/v2\/pages\/2346","targetHints":{"allow":["GET"]}}],"collection":[{"href":"https:\/\/baanpakk.hu\/de\/wp-json\/wp\/v2\/pages"}],"about":[{"href":"https:\/\/baanpakk.hu\/de\/wp-json\/wp\/v2\/types\/page"}],"author":[{"embeddable":true,"href":"https:\/\/baanpakk.hu\/de\/wp-json\/wp\/v2\/users\/1"}],"replies":[{"embeddable":true,"href":"https:\/\/baanpakk.hu\/de\/wp-json\/wp\/v2\/comments?post=2346"}],"version-history":[{"count":3,"href":"https:\/\/baanpakk.hu\/de\/wp-json\/wp\/v2\/pages\/2346\/revisions"}],"predecessor-version":[{"id":2352,"href":"https:\/\/baanpakk.hu\/de\/wp-json\/wp\/v2\/pages\/2346\/revisions\/2352"}],"wp:attachment":[{"href":"https:\/\/baanpakk.hu\/de\/wp-json\/wp\/v2\/media?parent=2346"}],"curies":[{"name":"wp","href":"https:\/\/api.w.org\/{rel}","templated":true}]}}