{"id":2910,"date":"2021-02-04T12:40:50","date_gmt":"2021-02-04T12:40:50","guid":{"rendered":"https:\/\/baanpakk.hu\/unseren-kompetenzen\/csomagolastervezes\/"},"modified":"2021-02-16T10:07:16","modified_gmt":"2021-02-16T10:07:16","slug":"verpackungsplanung","status":"publish","type":"page","link":"https:\/\/baanpakk.hu\/de\/unseren-kompetenzen\/verpackungsplanung\/","title":{"rendered":"Verpackungsplanung"},"content":{"rendered":"<div class=\"wpb-content-wrapper\"><p>[vc_row full_width=&#8220;stretch_row&#8220; content_placement=&#8220;bottom&#8220; css=&#8220;.vc_custom_1612445494509{margin-bottom: 0px !important;padding-top: 14vh !important;padding-bottom: 4vh !important;background-image: url(https:\/\/baanpakk.hu\/wp-content\/uploads\/2020\/07\/baan-pakk-pakkolj-velun-yellow.jpg?id=1668) !important;background-position: center !important;background-repeat: no-repeat !important;background-size: cover !important;}&#8220; mobile_bg_img_hidden=&#8220;no&#8220; tablet_bg_img_hidden=&#8220;no&#8220; woodmart_parallax=&#8220;0&#8243; woodmart_gradient_switch=&#8220;no&#8220; row_reverse_mobile=&#8220;0&#8243; row_reverse_tablet=&#8220;0&#8243; woodmart_disable_overflow=&#8220;1&#8243;][vc_column css=&#8220;.vc_custom_1582037279782{padding-top: 0px !important;}&#8220; mobile_bg_img_hidden=&#8220;no&#8220; tablet_bg_img_hidden=&#8220;no&#8220; woodmart_parallax=&#8220;0&#8243; woodmart_sticky_column=&#8220;false&#8220; parallax_scroll=&#8220;no&#8220; mobile_reset_margin=&#8220;no&#8220; tablet_reset_margin=&#8220;no&#8220;]\n\t\t<div id=\"wd-602b97e70e30c\" class=\"title-wrapper  woodmart-title-color-white woodmart-title-style-default woodmart-title-width-70 text-left woodmart-title-size-custom vc_custom_1613469672854\">\n\t\t\t\n\t\t\t<div class=\"liner-continer\">\n\t\t\t\t<span class=\"left-line\"><\/span>\n\t\t\t\t<h1 class=\"woodmart-title-container title  woodmart-font-weight-700\" >Verpackungsplanung<\/h1>\t\t\t\t\t\t\t\t<span class=\"right-line\"><\/span>\n\t\t\t<\/div>\n\t\t\t\n\t\t\t\n\t\t\t\t\t<\/div>\n\t\t\n\t\t[\/vc_column][vc_column css=&#8220;.vc_custom_1612445470045{margin-bottom: 0px !important;padding-top: 0px !important;}&#8220; mobile_bg_img_hidden=&#8220;no&#8220; tablet_bg_img_hidden=&#8220;no&#8220; woodmart_parallax=&#8220;0&#8243; woodmart_sticky_column=&#8220;false&#8220; parallax_scroll=&#8220;no&#8220; mobile_reset_margin=&#8220;no&#8220; tablet_reset_margin=&#8220;no&#8220; offset=&#8220;vc_col-xs-12&#8243;][vc_row_inner css=&#8220;.vc_custom_1612445475592{margin-bottom: 0px !important;}&#8220; row_reverse_mobile=&#8220;0&#8243; row_reverse_tablet=&#8220;0&#8243;][vc_column_inner css=&#8220;.vc_custom_1581944820987{padding-top: 0px !important;}&#8220;]\t\n\t\t\t<div id=\"wd-602b98e7d709b\" class=\"woodmart-text-block-wrapper color-scheme-custom woodmart-title-size-default woodmart-title-width-100 text-left vc_custom_1613469930457 sortores\">\n\t\t\t\t<div class=\"woodmart-title-container woodmart-text-block font-primary woodmart-font-weight-\">\n\t\t\t\t\tDie Planung der Verpackung wird von unserem Holzingenieur, beziehungsweise verpackungstechnischen Fachingenieur anhand der im Vorfeld erhaltenen, beziehungsweise selbst vermessenen Daten vorgenommen.<\/p>\n<p><strong>Im Laufe der Planung werden folgende Aspekte ber\u00fccksichtigt, damit die zu verpackende Ware im Laufe der Lieferung nicht besch\u00e4digt werden kann:<\/strong><\/p>\n<ul class=\"baan-list\">\n<li>die Transportart<\/li>\n<li>die im Laufe der Lieferung zu erwartenden Beanspruchungen<\/li>\n<li>die Parameter des Transportgutes<\/li>\n<li>den Inhalt der f\u00fcr die Verpackung aktuell geltenden Normen<\/li>\n<li>die Verpackungstechnologie<\/li>\n<li>die Umweltschutzvorschriften<\/li>\n<li>die Arbeitsschutzvorschriften<\/li>\n<li>die Ma\u00dfe des Lieferfahrzeuges<\/li>\n<li>im Falle des Containertransports werden die Ma\u00dfe der Verpackungseinheiten auf die Ma\u00dfe des Containers optimiert<\/li>\n<\/ul>\n<p><strong>Wir geben im Laufe der Planung genaue Empfehlungen f\u00fcr die notwendigen Lieferkapazit\u00e4ten. <\/strong>Wir geben die genaue St\u00fcckzahl und Typ der Container an.\t\t\t\t<\/div>\n\t\t\t\t\t\n\t\t\t<\/div>\n\t\t[\/vc_column_inner][\/vc_row_inner][\/vc_column][\/vc_row]<\/p>\n<\/div>","protected":false},"excerpt":{"rendered":"<p>[vc_row full_width=&#8220;stretch_row&#8220; content_placement=&#8220;bottom&#8220; css=&#8220;.vc_custom_1612445494509{margin-bottom: 0px !important;padding-top: 14vh !important;padding-bottom: 4vh !important;background-image: url(https:\/\/baanpakk.hu\/wp-content\/uploads\/2020\/07\/baan-pakk-pakkolj-velun-yellow.jpg?id=1668) !important;background-position: center !important;background-repeat: no-repeat !important;background-size: cover !important;}&#8220; mobile_bg_img_hidden=&#8220;no&#8220; tablet_bg_img_hidden=&#8220;no&#8220;<\/p>\n","protected":false},"author":1,"featured_media":0,"parent":2080,"menu_order":0,"comment_status":"closed","ping_status":"closed","template":"","meta":{"footnotes":""},"class_list":["post-2910","page","type-page","status-publish","hentry"],"yoast_head":"<!-- This site is optimized with the Yoast SEO plugin v26.7 - https:\/\/yoast.com\/wordpress\/plugins\/seo\/ -->\n<title>Verpackungsplanung - BA\u00c1N PAKK - Professzion\u00e1lis ipari csomagol\u00e1s<\/title>\n<meta name=\"description\" content=\"Die Planung der Verpackung wird von unserem Holzingenieur, beziehungsweise verpackungstechnischen Fachingenieur anhand der im Vorfeld erhaltenen, beziehungsweise selbst vermessenen Daten vorgenommen.\" \/>\n<meta name=\"robots\" content=\"index, follow, max-snippet:-1, max-image-preview:large, max-video-preview:-1\" \/>\n<link rel=\"canonical\" href=\"https:\/\/baanpakk.hu\/de\/unseren-kompetenzen\/verpackungsplanung\/\" \/>\n<meta property=\"og:locale\" content=\"de_DE\" \/>\n<meta property=\"og:type\" content=\"article\" \/>\n<meta property=\"og:title\" content=\"Verpackungsplanung - BA\u00c1N PAKK - Professzion\u00e1lis ipari csomagol\u00e1s\" \/>\n<meta property=\"og:description\" content=\"Die Planung der Verpackung wird von unserem Holzingenieur, beziehungsweise verpackungstechnischen Fachingenieur anhand der im Vorfeld erhaltenen, beziehungsweise selbst vermessenen Daten vorgenommen.\" \/>\n<meta property=\"og:url\" content=\"https:\/\/baanpakk.hu\/de\/unseren-kompetenzen\/verpackungsplanung\/\" \/>\n<meta property=\"og:site_name\" content=\"BA\u00c1N PAKK - Professzion\u00e1lis ipari csomagol\u00e1s\" \/>\n<meta property=\"article:modified_time\" content=\"2021-02-16T10:07:16+00:00\" \/>\n<meta name=\"twitter:card\" content=\"summary_large_image\" \/>\n<meta name=\"twitter:label1\" content=\"Gesch\u00e4tzte Lesezeit\" \/>\n\t<meta name=\"twitter:data1\" content=\"3\u00a0Minuten\" \/>\n<script type=\"application\/ld+json\" class=\"yoast-schema-graph\">{\"@context\":\"https:\/\/schema.org\",\"@graph\":[{\"@type\":\"WebPage\",\"@id\":\"https:\/\/baanpakk.hu\/de\/unseren-kompetenzen\/verpackungsplanung\/\",\"url\":\"https:\/\/baanpakk.hu\/de\/unseren-kompetenzen\/verpackungsplanung\/\",\"name\":\"Verpackungsplanung - BA\u00c1N PAKK - Professzion\u00e1lis ipari csomagol\u00e1s\",\"isPartOf\":{\"@id\":\"https:\/\/baanpakk.hu\/de\/#website\"},\"datePublished\":\"2021-02-04T12:40:50+00:00\",\"dateModified\":\"2021-02-16T10:07:16+00:00\",\"description\":\"Die Planung der Verpackung wird von unserem Holzingenieur, beziehungsweise verpackungstechnischen Fachingenieur anhand der im Vorfeld erhaltenen, beziehungsweise selbst vermessenen Daten vorgenommen.\",\"breadcrumb\":{\"@id\":\"https:\/\/baanpakk.hu\/de\/unseren-kompetenzen\/verpackungsplanung\/#breadcrumb\"},\"inLanguage\":\"de\",\"potentialAction\":[{\"@type\":\"ReadAction\",\"target\":[\"https:\/\/baanpakk.hu\/de\/unseren-kompetenzen\/verpackungsplanung\/\"]}]},{\"@type\":\"BreadcrumbList\",\"@id\":\"https:\/\/baanpakk.hu\/de\/unseren-kompetenzen\/verpackungsplanung\/#breadcrumb\",\"itemListElement\":[{\"@type\":\"ListItem\",\"position\":1,\"name\":\"Kezd\u0151lap\",\"item\":\"https:\/\/baanpakk.hu\/de\/\"},{\"@type\":\"ListItem\",\"position\":2,\"name\":\"Unseren Kompetenzen\",\"item\":\"https:\/\/baanpakk.hu\/de\/unseren-kompetenzen\/\"},{\"@type\":\"ListItem\",\"position\":3,\"name\":\"Verpackungsplanung\"}]},{\"@type\":\"WebSite\",\"@id\":\"https:\/\/baanpakk.hu\/de\/#website\",\"url\":\"https:\/\/baanpakk.hu\/de\/\",\"name\":\"BA\u00c1N PAKK - Professzion\u00e1lis ipari csomagol\u00e1s\",\"description\":\"\",\"potentialAction\":[{\"@type\":\"SearchAction\",\"target\":{\"@type\":\"EntryPoint\",\"urlTemplate\":\"https:\/\/baanpakk.hu\/de\/?s={search_term_string}\"},\"query-input\":{\"@type\":\"PropertyValueSpecification\",\"valueRequired\":true,\"valueName\":\"search_term_string\"}}],\"inLanguage\":\"de\"}]}<\/script>\n<!-- \/ Yoast SEO plugin. -->","yoast_head_json":{"title":"Verpackungsplanung - BA\u00c1N PAKK - Professzion\u00e1lis ipari csomagol\u00e1s","description":"Die Planung der Verpackung wird von unserem Holzingenieur, beziehungsweise verpackungstechnischen Fachingenieur anhand der im Vorfeld erhaltenen, beziehungsweise selbst vermessenen Daten vorgenommen.","robots":{"index":"index","follow":"follow","max-snippet":"max-snippet:-1","max-image-preview":"max-image-preview:large","max-video-preview":"max-video-preview:-1"},"canonical":"https:\/\/baanpakk.hu\/de\/unseren-kompetenzen\/verpackungsplanung\/","og_locale":"de_DE","og_type":"article","og_title":"Verpackungsplanung - BA\u00c1N PAKK - Professzion\u00e1lis ipari csomagol\u00e1s","og_description":"Die Planung der Verpackung wird von unserem Holzingenieur, beziehungsweise verpackungstechnischen Fachingenieur anhand der im Vorfeld erhaltenen, beziehungsweise selbst vermessenen Daten vorgenommen.","og_url":"https:\/\/baanpakk.hu\/de\/unseren-kompetenzen\/verpackungsplanung\/","og_site_name":"BA\u00c1N PAKK - Professzion\u00e1lis ipari csomagol\u00e1s","article_modified_time":"2021-02-16T10:07:16+00:00","twitter_card":"summary_large_image","twitter_misc":{"Gesch\u00e4tzte Lesezeit":"3\u00a0Minuten"},"schema":{"@context":"https:\/\/schema.org","@graph":[{"@type":"WebPage","@id":"https:\/\/baanpakk.hu\/de\/unseren-kompetenzen\/verpackungsplanung\/","url":"https:\/\/baanpakk.hu\/de\/unseren-kompetenzen\/verpackungsplanung\/","name":"Verpackungsplanung - BA\u00c1N PAKK - Professzion\u00e1lis ipari csomagol\u00e1s","isPartOf":{"@id":"https:\/\/baanpakk.hu\/de\/#website"},"datePublished":"2021-02-04T12:40:50+00:00","dateModified":"2021-02-16T10:07:16+00:00","description":"Die Planung der Verpackung wird von unserem Holzingenieur, beziehungsweise verpackungstechnischen Fachingenieur anhand der im Vorfeld erhaltenen, beziehungsweise selbst vermessenen Daten vorgenommen.","breadcrumb":{"@id":"https:\/\/baanpakk.hu\/de\/unseren-kompetenzen\/verpackungsplanung\/#breadcrumb"},"inLanguage":"de","potentialAction":[{"@type":"ReadAction","target":["https:\/\/baanpakk.hu\/de\/unseren-kompetenzen\/verpackungsplanung\/"]}]},{"@type":"BreadcrumbList","@id":"https:\/\/baanpakk.hu\/de\/unseren-kompetenzen\/verpackungsplanung\/#breadcrumb","itemListElement":[{"@type":"ListItem","position":1,"name":"Kezd\u0151lap","item":"https:\/\/baanpakk.hu\/de\/"},{"@type":"ListItem","position":2,"name":"Unseren Kompetenzen","item":"https:\/\/baanpakk.hu\/de\/unseren-kompetenzen\/"},{"@type":"ListItem","position":3,"name":"Verpackungsplanung"}]},{"@type":"WebSite","@id":"https:\/\/baanpakk.hu\/de\/#website","url":"https:\/\/baanpakk.hu\/de\/","name":"BA\u00c1N PAKK - Professzion\u00e1lis ipari csomagol\u00e1s","description":"","potentialAction":[{"@type":"SearchAction","target":{"@type":"EntryPoint","urlTemplate":"https:\/\/baanpakk.hu\/de\/?s={search_term_string}"},"query-input":{"@type":"PropertyValueSpecification","valueRequired":true,"valueName":"search_term_string"}}],"inLanguage":"de"}]}},"_links":{"self":[{"href":"https:\/\/baanpakk.hu\/de\/wp-json\/wp\/v2\/pages\/2910","targetHints":{"allow":["GET"]}}],"collection":[{"href":"https:\/\/baanpakk.hu\/de\/wp-json\/wp\/v2\/pages"}],"about":[{"href":"https:\/\/baanpakk.hu\/de\/wp-json\/wp\/v2\/types\/page"}],"author":[{"embeddable":true,"href":"https:\/\/baanpakk.hu\/de\/wp-json\/wp\/v2\/users\/1"}],"replies":[{"embeddable":true,"href":"https:\/\/baanpakk.hu\/de\/wp-json\/wp\/v2\/comments?post=2910"}],"version-history":[{"count":3,"href":"https:\/\/baanpakk.hu\/de\/wp-json\/wp\/v2\/pages\/2910\/revisions"}],"predecessor-version":[{"id":2921,"href":"https:\/\/baanpakk.hu\/de\/wp-json\/wp\/v2\/pages\/2910\/revisions\/2921"}],"up":[{"embeddable":true,"href":"https:\/\/baanpakk.hu\/de\/wp-json\/wp\/v2\/pages\/2080"}],"wp:attachment":[{"href":"https:\/\/baanpakk.hu\/de\/wp-json\/wp\/v2\/media?parent=2910"}],"curies":[{"name":"wp","href":"https:\/\/api.w.org\/{rel}","templated":true}]}}