{"id":2918,"date":"2021-02-08T09:41:13","date_gmt":"2021-02-08T09:41:13","guid":{"rendered":"https:\/\/baanpakk.hu\/unseren-kompetenzen\/foliak-csomagoloanyagok-gyartasa\/"},"modified":"2021-02-16T10:06:41","modified_gmt":"2021-02-16T10:06:41","slug":"folienherstellung","status":"publish","type":"page","link":"https:\/\/baanpakk.hu\/de\/unseren-kompetenzen\/folienherstellung\/","title":{"rendered":"Folienherstellung"},"content":{"rendered":"<div class=\"wpb-content-wrapper\"><p>[vc_row full_width=&#8220;stretch_row&#8220; content_placement=&#8220;bottom&#8220; css=&#8220;.vc_custom_1612266599096{margin-bottom: 50px !important;padding-top: 14vh !important;padding-bottom: 4vh !important;background-image: url(https:\/\/baanpakk.hu\/wp-content\/uploads\/2020\/07\/baan-pakk-pakkolj-velun-yellow.jpg?id=1668) !important;background-position: center !important;background-repeat: no-repeat !important;background-size: cover !important;}&#8220; mobile_bg_img_hidden=&#8220;no&#8220; tablet_bg_img_hidden=&#8220;no&#8220; woodmart_parallax=&#8220;0&#8243; woodmart_gradient_switch=&#8220;no&#8220; row_reverse_mobile=&#8220;0&#8243; row_reverse_tablet=&#8220;0&#8243; woodmart_disable_overflow=&#8220;1&#8243;][vc_column css=&#8220;.vc_custom_1582037279782{padding-top: 0px !important;}&#8220; mobile_bg_img_hidden=&#8220;no&#8220; tablet_bg_img_hidden=&#8220;no&#8220; woodmart_parallax=&#8220;0&#8243; woodmart_sticky_column=&#8220;false&#8220; parallax_scroll=&#8220;no&#8220; mobile_reset_margin=&#8220;no&#8220; tablet_reset_margin=&#8220;no&#8220;]\n\t\t<div id=\"wd-602b991f083c4\" class=\"title-wrapper  woodmart-title-color-white woodmart-title-style-default woodmart-title-width-70 text-left woodmart-title-size-custom vc_custom_1613469984873\">\n\t\t\t\n\t\t\t<div class=\"liner-continer\">\n\t\t\t\t<span class=\"left-line\"><\/span>\n\t\t\t\t<h1 class=\"woodmart-title-container title  woodmart-font-weight-700\" >Folienherstellung<\/h1>\t\t\t\t\t\t\t\t<span class=\"right-line\"><\/span>\n\t\t\t<\/div>\n\t\t\t\n\t\t\t\n\t\t\t\t\t<\/div>\n\t\t\n\t\t[\/vc_column][vc_column css=&#8220;.vc_custom_1594363705362{padding-top: 0px !important;}&#8220; mobile_bg_img_hidden=&#8220;no&#8220; tablet_bg_img_hidden=&#8220;no&#8220; woodmart_parallax=&#8220;0&#8243; woodmart_sticky_column=&#8220;false&#8220; parallax_scroll=&#8220;no&#8220; mobile_reset_margin=&#8220;no&#8220; tablet_reset_margin=&#8220;no&#8220; offset=&#8220;vc_col-xs-12&#8243;][vc_row_inner css=&#8220;.vc_custom_1581945789600{margin-bottom: 4vh !important;}&#8220; row_reverse_mobile=&#8220;0&#8243; row_reverse_tablet=&#8220;0&#8243;][vc_column_inner css=&#8220;.vc_custom_1581944820987{padding-top: 0px !important;}&#8220;]\t\n\t\t\t<div id=\"wd-602b9923531a4\" class=\"woodmart-text-block-wrapper color-scheme-custom woodmart-title-size-default woodmart-title-width-100 text-left vc_custom_1613469992214 sortores\">\n\t\t\t\t<div class=\"woodmart-title-container woodmart-text-block font-primary woodmart-font-weight-\">\n\t\t\t\t\tWir verrichten die Konfektionierung der f\u00fcr die Verpackung notwendigen, der Verpackungsart entsprechenden Folien in unserem eigenen Folienwerk. In unserem Lagerbestand sind jede f\u00fcr die Verpackung notwendigen Folienarten vorhanden, wir k\u00f6nnen damit die notwendigen, dem Ma\u00df und der Funktion entsprechenden Folienabdeckungen (Kistenauskleidungen) unverz\u00fcglich erstellen.\t\t\t\t<\/div>\n\t\t\t\t\t\n\t\t\t<\/div>\n\t\t[\/vc_column_inner][\/vc_row_inner][\/vc_column][\/vc_row][vc_row full_width=&#8220;stretch_row_content&#8220; mobile_bg_img_hidden=&#8220;no&#8220; tablet_bg_img_hidden=&#8220;no&#8220; woodmart_parallax=&#8220;0&#8243; woodmart_gradient_switch=&#8220;no&#8220; row_reverse_mobile=&#8220;0&#8243; row_reverse_tablet=&#8220;0&#8243; woodmart_disable_overflow=&#8220;0&#8243;][vc_column]\t\t\t<div id=\"gallery_743\" class=\"woodmart-images-gallery img-border-white img-border view-grid photoswipe-images\" >\n\t\t\t\t<div class=\"gallery-images row woodmart-spacing-10\">\n\t\t\t\t\t\t\t\t\t\t\t\t\t\t\t\t\t\t<div class=\"woodmart-gallery-item col-md-4 col-6\">\n\t\t\t\t\t\t\t\t\t\t\t\t\t\t\t\t\t<a href=\"https:\/\/baanpakk.hu\/wp-content\/uploads\/2021\/02\/baan-pakk-foliak-gyartasa.jpg\" data-index=\"1\" data-width=\"1920\" data-height=\"1280\"  >\n\t\t\t\t\t\t\t\t\t\t\t\t\t\t\t\t\n\t\t\t\t\t\t\t\t\t\t\t\t\t\t\t\t\t<img decoding=\"async\" class=\"woodmart-gallery-image image-1 \" src=\"https:\/\/baanpakk.hu\/wp-content\/uploads\/2021\/02\/baan-pakk-foliak-gyartasa-390x270.jpg\" width=\"390\" height=\"270\" alt=\"F\u00f3li\u00e1k, csomagol\u00f3anyagok gy\u00e1rt\u00e1sa\" title=\"baan-pakk-foliak-gyartasa\" loading=\"lazy\" \/>\t\t\t\t\t\t\t\t\t\t\t\t\t\t\t\t\n\t\t\t\t\t\t\t\t\t\t\t\t\t\t\t\t\t<\/a>\n\t\t\t\t\t\t\t\t\t\t\t\t\t\t\t<\/div>\n\t\t\t\t\t\t\t\t\t\t\t\t\t<div class=\"woodmart-gallery-item col-md-4 col-6\">\n\t\t\t\t\t\t\t\t\t\t\t\t\t\t\t\t\t<a href=\"https:\/\/baanpakk.hu\/wp-content\/uploads\/2021\/02\/baan-pakk-foliak-gyartasa5.jpg\" data-index=\"2\" data-width=\"1920\" data-height=\"1280\"  >\n\t\t\t\t\t\t\t\t\t\t\t\t\t\t\t\t\n\t\t\t\t\t\t\t\t\t\t\t\t\t\t\t\t\t<img decoding=\"async\" class=\"woodmart-gallery-image image-2 \" src=\"https:\/\/baanpakk.hu\/wp-content\/uploads\/2021\/02\/baan-pakk-foliak-gyartasa5-390x270.jpg\" width=\"390\" height=\"270\" alt=\"F\u00f3li\u00e1k, csomagol\u00f3anyagok gy\u00e1rt\u00e1sa\" title=\"baan-pakk-foliak-gyartasa5\" loading=\"lazy\" \/>\t\t\t\t\t\t\t\t\t\t\t\t\t\t\t\t\n\t\t\t\t\t\t\t\t\t\t\t\t\t\t\t\t\t<\/a>\n\t\t\t\t\t\t\t\t\t\t\t\t\t\t\t<\/div>\n\t\t\t\t\t\t\t\t\t\t\t\t\t<div class=\"woodmart-gallery-item col-md-4 col-6\">\n\t\t\t\t\t\t\t\t\t\t\t\t\t\t\t\t\t<a href=\"https:\/\/baanpakk.hu\/wp-content\/uploads\/2021\/02\/baan-pakk-foliak-gyartasa6.jpg\" data-index=\"3\" data-width=\"1920\" data-height=\"1280\"  >\n\t\t\t\t\t\t\t\t\t\t\t\t\t\t\t\t\n\t\t\t\t\t\t\t\t\t\t\t\t\t\t\t\t\t<img decoding=\"async\" class=\"woodmart-gallery-image image-3 \" src=\"https:\/\/baanpakk.hu\/wp-content\/uploads\/2021\/02\/baan-pakk-foliak-gyartasa6-390x270.jpg\" width=\"390\" height=\"270\" alt=\"F\u00f3li\u00e1k, csomagol\u00f3anyagok gy\u00e1rt\u00e1sa\" title=\"baan-pakk-foliak-gyartasa6\" loading=\"lazy\" \/>\t\t\t\t\t\t\t\t\t\t\t\t\t\t\t\t\n\t\t\t\t\t\t\t\t\t\t\t\t\t\t\t\t\t<\/a>\n\t\t\t\t\t\t\t\t\t\t\t\t\t\t\t<\/div>\n\t\t\t\t\t\t\t\t\t\t\t\t\t<div class=\"woodmart-gallery-item col-md-4 col-6\">\n\t\t\t\t\t\t\t\t\t\t\t\t\t\t\t\t\t<a href=\"https:\/\/baanpakk.hu\/wp-content\/uploads\/2021\/02\/baan-pakk-foliak-gyartasa2.jpg\" data-index=\"4\" data-width=\"2000\" data-height=\"1297\"  >\n\t\t\t\t\t\t\t\t\t\t\t\t\t\t\t\t\n\t\t\t\t\t\t\t\t\t\t\t\t\t\t\t\t\t<img decoding=\"async\" class=\"woodmart-gallery-image image-4 \" src=\"https:\/\/baanpakk.hu\/wp-content\/uploads\/2021\/02\/baan-pakk-foliak-gyartasa2-390x270.jpg\" width=\"390\" height=\"270\" alt=\"F\u00f3li\u00e1k, csomagol\u00f3anyagok gy\u00e1rt\u00e1sa\" title=\"baan-pakk-foliak-gyartasa2\" loading=\"lazy\" \/>\t\t\t\t\t\t\t\t\t\t\t\t\t\t\t\t\n\t\t\t\t\t\t\t\t\t\t\t\t\t\t\t\t\t<\/a>\n\t\t\t\t\t\t\t\t\t\t\t\t\t\t\t<\/div>\n\t\t\t\t\t\t\t\t\t\t\t\t\t<div class=\"woodmart-gallery-item col-md-4 col-6\">\n\t\t\t\t\t\t\t\t\t\t\t\t\t\t\t\t\t<a href=\"https:\/\/baanpakk.hu\/wp-content\/uploads\/2021\/02\/baan-pakk-foliak-gyartasa3.jpg\" data-index=\"5\" data-width=\"2000\" data-height=\"1299\"  >\n\t\t\t\t\t\t\t\t\t\t\t\t\t\t\t\t\n\t\t\t\t\t\t\t\t\t\t\t\t\t\t\t\t\t<img decoding=\"async\" class=\"woodmart-gallery-image image-5 \" src=\"https:\/\/baanpakk.hu\/wp-content\/uploads\/2021\/02\/baan-pakk-foliak-gyartasa3-390x270.jpg\" width=\"390\" height=\"270\" alt=\"F\u00f3li\u00e1k, csomagol\u00f3anyagok gy\u00e1rt\u00e1sa\" title=\"baan-pakk-foliak-gyartasa3\" loading=\"lazy\" \/>\t\t\t\t\t\t\t\t\t\t\t\t\t\t\t\t\n\t\t\t\t\t\t\t\t\t\t\t\t\t\t\t\t\t<\/a>\n\t\t\t\t\t\t\t\t\t\t\t\t\t\t\t<\/div>\n\t\t\t\t\t\t\t\t\t\t\t\t\t<div class=\"woodmart-gallery-item col-md-4 col-6\">\n\t\t\t\t\t\t\t\t\t\t\t\t\t\t\t\t\t<a href=\"https:\/\/baanpakk.hu\/wp-content\/uploads\/2021\/02\/baan-pakk-foliak-gyartasa4.jpg\" data-index=\"6\" data-width=\"2000\" data-height=\"1310\"  >\n\t\t\t\t\t\t\t\t\t\t\t\t\t\t\t\t\n\t\t\t\t\t\t\t\t\t\t\t\t\t\t\t\t\t<img decoding=\"async\" class=\"woodmart-gallery-image image-6 \" src=\"https:\/\/baanpakk.hu\/wp-content\/uploads\/2021\/02\/baan-pakk-foliak-gyartasa4-390x270.jpg\" width=\"390\" height=\"270\" alt=\"F\u00f3li\u00e1k, csomagol\u00f3anyagok gy\u00e1rt\u00e1sa\" title=\"baan-pakk-foliak-gyartasa4\" loading=\"lazy\" \/>\t\t\t\t\t\t\t\t\t\t\t\t\t\t\t\t\n\t\t\t\t\t\t\t\t\t\t\t\t\t\t\t\t\t<\/a>\n\t\t\t\t\t\t\t\t\t\t\t\t\t\t\t<\/div>\n\t\t\t\t\t\t\t\t\t\t\t\t\t\t\t<\/div>\n\t\t\t<\/div>\n\t\t\t\t\t[\/vc_column][\/vc_row]<\/p>\n<\/div>","protected":false},"excerpt":{"rendered":"<p>[vc_row full_width=&#8220;stretch_row&#8220; content_placement=&#8220;bottom&#8220; css=&#8220;.vc_custom_1612266599096{margin-bottom: 50px !important;padding-top: 14vh !important;padding-bottom: 4vh !important;background-image: url(https:\/\/baanpakk.hu\/wp-content\/uploads\/2020\/07\/baan-pakk-pakkolj-velun-yellow.jpg?id=1668) !important;background-position: center !important;background-repeat: no-repeat !important;background-size: cover !important;}&#8220; mobile_bg_img_hidden=&#8220;no&#8220; tablet_bg_img_hidden=&#8220;no&#8220;<\/p>\n","protected":false},"author":1,"featured_media":0,"parent":2080,"menu_order":0,"comment_status":"closed","ping_status":"closed","template":"","meta":{"footnotes":""},"class_list":["post-2918","page","type-page","status-publish","hentry"],"yoast_head":"<!-- This site is optimized with the Yoast SEO plugin v26.7 - https:\/\/yoast.com\/wordpress\/plugins\/seo\/ -->\n<title>Folienherstellung - BA\u00c1N PAKK - Professzion\u00e1lis ipari csomagol\u00e1s<\/title>\n<meta name=\"description\" content=\"Wir verrichten die Konfektionierung der f\u00fcr die Verpackung notwendigen, der Verpackungsart entsprechenden Folien in unserem eigenen Folienwerk.\" \/>\n<meta name=\"robots\" content=\"index, follow, max-snippet:-1, max-image-preview:large, max-video-preview:-1\" \/>\n<link rel=\"canonical\" href=\"https:\/\/baanpakk.hu\/de\/unseren-kompetenzen\/folienherstellung\/\" \/>\n<meta property=\"og:locale\" content=\"de_DE\" \/>\n<meta property=\"og:type\" content=\"article\" \/>\n<meta property=\"og:title\" content=\"Folienherstellung - BA\u00c1N PAKK - Professzion\u00e1lis ipari csomagol\u00e1s\" \/>\n<meta property=\"og:description\" content=\"Wir verrichten die Konfektionierung der f\u00fcr die Verpackung notwendigen, der Verpackungsart entsprechenden Folien in unserem eigenen Folienwerk.\" \/>\n<meta property=\"og:url\" content=\"https:\/\/baanpakk.hu\/de\/unseren-kompetenzen\/folienherstellung\/\" \/>\n<meta property=\"og:site_name\" content=\"BA\u00c1N PAKK - Professzion\u00e1lis ipari csomagol\u00e1s\" \/>\n<meta property=\"article:modified_time\" content=\"2021-02-16T10:06:41+00:00\" \/>\n<meta name=\"twitter:card\" content=\"summary_large_image\" \/>\n<meta name=\"twitter:label1\" content=\"Gesch\u00e4tzte Lesezeit\" \/>\n\t<meta name=\"twitter:data1\" content=\"2\u00a0Minuten\" \/>\n<script type=\"application\/ld+json\" class=\"yoast-schema-graph\">{\"@context\":\"https:\/\/schema.org\",\"@graph\":[{\"@type\":\"WebPage\",\"@id\":\"https:\/\/baanpakk.hu\/de\/unseren-kompetenzen\/folienherstellung\/\",\"url\":\"https:\/\/baanpakk.hu\/de\/unseren-kompetenzen\/folienherstellung\/\",\"name\":\"Folienherstellung - BA\u00c1N PAKK - Professzion\u00e1lis ipari csomagol\u00e1s\",\"isPartOf\":{\"@id\":\"https:\/\/baanpakk.hu\/de\/#website\"},\"datePublished\":\"2021-02-08T09:41:13+00:00\",\"dateModified\":\"2021-02-16T10:06:41+00:00\",\"description\":\"Wir verrichten die Konfektionierung der f\u00fcr die Verpackung notwendigen, der Verpackungsart entsprechenden Folien in unserem eigenen Folienwerk.\",\"breadcrumb\":{\"@id\":\"https:\/\/baanpakk.hu\/de\/unseren-kompetenzen\/folienherstellung\/#breadcrumb\"},\"inLanguage\":\"de\",\"potentialAction\":[{\"@type\":\"ReadAction\",\"target\":[\"https:\/\/baanpakk.hu\/de\/unseren-kompetenzen\/folienherstellung\/\"]}]},{\"@type\":\"BreadcrumbList\",\"@id\":\"https:\/\/baanpakk.hu\/de\/unseren-kompetenzen\/folienherstellung\/#breadcrumb\",\"itemListElement\":[{\"@type\":\"ListItem\",\"position\":1,\"name\":\"Kezd\u0151lap\",\"item\":\"https:\/\/baanpakk.hu\/de\/\"},{\"@type\":\"ListItem\",\"position\":2,\"name\":\"Unseren Kompetenzen\",\"item\":\"https:\/\/baanpakk.hu\/de\/unseren-kompetenzen\/\"},{\"@type\":\"ListItem\",\"position\":3,\"name\":\"Folienherstellung\"}]},{\"@type\":\"WebSite\",\"@id\":\"https:\/\/baanpakk.hu\/de\/#website\",\"url\":\"https:\/\/baanpakk.hu\/de\/\",\"name\":\"BA\u00c1N PAKK - Professzion\u00e1lis ipari csomagol\u00e1s\",\"description\":\"\",\"potentialAction\":[{\"@type\":\"SearchAction\",\"target\":{\"@type\":\"EntryPoint\",\"urlTemplate\":\"https:\/\/baanpakk.hu\/de\/?s={search_term_string}\"},\"query-input\":{\"@type\":\"PropertyValueSpecification\",\"valueRequired\":true,\"valueName\":\"search_term_string\"}}],\"inLanguage\":\"de\"}]}<\/script>\n<!-- \/ Yoast SEO plugin. -->","yoast_head_json":{"title":"Folienherstellung - BA\u00c1N PAKK - Professzion\u00e1lis ipari csomagol\u00e1s","description":"Wir verrichten die Konfektionierung der f\u00fcr die Verpackung notwendigen, der Verpackungsart entsprechenden Folien in unserem eigenen Folienwerk.","robots":{"index":"index","follow":"follow","max-snippet":"max-snippet:-1","max-image-preview":"max-image-preview:large","max-video-preview":"max-video-preview:-1"},"canonical":"https:\/\/baanpakk.hu\/de\/unseren-kompetenzen\/folienherstellung\/","og_locale":"de_DE","og_type":"article","og_title":"Folienherstellung - BA\u00c1N PAKK - Professzion\u00e1lis ipari csomagol\u00e1s","og_description":"Wir verrichten die Konfektionierung der f\u00fcr die Verpackung notwendigen, der Verpackungsart entsprechenden Folien in unserem eigenen Folienwerk.","og_url":"https:\/\/baanpakk.hu\/de\/unseren-kompetenzen\/folienherstellung\/","og_site_name":"BA\u00c1N PAKK - Professzion\u00e1lis ipari csomagol\u00e1s","article_modified_time":"2021-02-16T10:06:41+00:00","twitter_card":"summary_large_image","twitter_misc":{"Gesch\u00e4tzte Lesezeit":"2\u00a0Minuten"},"schema":{"@context":"https:\/\/schema.org","@graph":[{"@type":"WebPage","@id":"https:\/\/baanpakk.hu\/de\/unseren-kompetenzen\/folienherstellung\/","url":"https:\/\/baanpakk.hu\/de\/unseren-kompetenzen\/folienherstellung\/","name":"Folienherstellung - BA\u00c1N PAKK - Professzion\u00e1lis ipari csomagol\u00e1s","isPartOf":{"@id":"https:\/\/baanpakk.hu\/de\/#website"},"datePublished":"2021-02-08T09:41:13+00:00","dateModified":"2021-02-16T10:06:41+00:00","description":"Wir verrichten die Konfektionierung der f\u00fcr die Verpackung notwendigen, der Verpackungsart entsprechenden Folien in unserem eigenen Folienwerk.","breadcrumb":{"@id":"https:\/\/baanpakk.hu\/de\/unseren-kompetenzen\/folienherstellung\/#breadcrumb"},"inLanguage":"de","potentialAction":[{"@type":"ReadAction","target":["https:\/\/baanpakk.hu\/de\/unseren-kompetenzen\/folienherstellung\/"]}]},{"@type":"BreadcrumbList","@id":"https:\/\/baanpakk.hu\/de\/unseren-kompetenzen\/folienherstellung\/#breadcrumb","itemListElement":[{"@type":"ListItem","position":1,"name":"Kezd\u0151lap","item":"https:\/\/baanpakk.hu\/de\/"},{"@type":"ListItem","position":2,"name":"Unseren Kompetenzen","item":"https:\/\/baanpakk.hu\/de\/unseren-kompetenzen\/"},{"@type":"ListItem","position":3,"name":"Folienherstellung"}]},{"@type":"WebSite","@id":"https:\/\/baanpakk.hu\/de\/#website","url":"https:\/\/baanpakk.hu\/de\/","name":"BA\u00c1N PAKK - Professzion\u00e1lis ipari csomagol\u00e1s","description":"","potentialAction":[{"@type":"SearchAction","target":{"@type":"EntryPoint","urlTemplate":"https:\/\/baanpakk.hu\/de\/?s={search_term_string}"},"query-input":{"@type":"PropertyValueSpecification","valueRequired":true,"valueName":"search_term_string"}}],"inLanguage":"de"}]}},"_links":{"self":[{"href":"https:\/\/baanpakk.hu\/de\/wp-json\/wp\/v2\/pages\/2918","targetHints":{"allow":["GET"]}}],"collection":[{"href":"https:\/\/baanpakk.hu\/de\/wp-json\/wp\/v2\/pages"}],"about":[{"href":"https:\/\/baanpakk.hu\/de\/wp-json\/wp\/v2\/types\/page"}],"author":[{"embeddable":true,"href":"https:\/\/baanpakk.hu\/de\/wp-json\/wp\/v2\/users\/1"}],"replies":[{"embeddable":true,"href":"https:\/\/baanpakk.hu\/de\/wp-json\/wp\/v2\/comments?post=2918"}],"version-history":[{"count":2,"href":"https:\/\/baanpakk.hu\/de\/wp-json\/wp\/v2\/pages\/2918\/revisions"}],"predecessor-version":[{"id":2920,"href":"https:\/\/baanpakk.hu\/de\/wp-json\/wp\/v2\/pages\/2918\/revisions\/2920"}],"up":[{"embeddable":true,"href":"https:\/\/baanpakk.hu\/de\/wp-json\/wp\/v2\/pages\/2080"}],"wp:attachment":[{"href":"https:\/\/baanpakk.hu\/de\/wp-json\/wp\/v2\/media?parent=2918"}],"curies":[{"name":"wp","href":"https:\/\/api.w.org\/{rel}","templated":true}]}}