{"id":2122,"date":"2020-10-29T12:45:31","date_gmt":"2020-10-29T12:45:31","guid":{"rendered":"https:\/\/baanpakk.hu\/?page_id=2122"},"modified":"2021-10-11T09:48:34","modified_gmt":"2021-10-11T09:48:34","slug":"contact","status":"publish","type":"page","link":"https:\/\/baanpakk.hu\/en\/contact\/","title":{"rendered":"Contact"},"content":{"rendered":"<div class=\"wpb-content-wrapper\"><p>[vc_row css=&#8221;.vc_custom_1593597994107{padding-bottom: 3vh !important;}&#8221; mobile_bg_img_hidden=&#8221;no&#8221; tablet_bg_img_hidden=&#8221;no&#8221; woodmart_parallax=&#8221;0&#8243; woodmart_gradient_switch=&#8221;no&#8221; row_reverse_mobile=&#8221;0&#8243; row_reverse_tablet=&#8221;0&#8243; woodmart_disable_overflow=&#8221;0&#8243;][vc_column]\t\n\t\t\t<div id=\"wd-5f9ab7e69b397\" class=\"woodmart-text-block-wrapper color-scheme-custom woodmart-title-size-custom woodmart-title-width-100 text-left vc_custom_1603975171375\">\n\t\t\t\t<div class=\"woodmart-title-container woodmart-text-block font-primary woodmart-font-weight-600\">\n\t\t\t\t\tPack your pack with us!\t\t\t\t<\/div>\n\t\t\t\t\t\n\t\t\t<\/div>\n\t\t\t\n\t\t\t<div id=\"wd-5fa8fd4e0b004\" class=\"woodmart-text-block-wrapper color-scheme-custom woodmart-title-size-custom woodmart-title-width-100 text-left vc_custom_1604910424173\">\n\t\t\t\t<div class=\"woodmart-title-container woodmart-text-block font-primary woodmart-font-weight-500\">\n\t\t\t\t\t<\/p>\n<div class=\"vc_row wpb_row vc_row-fluid vc_custom_1593597994107\">\n<div class=\"wpb_column vc_column_container vc_col-sm-12\">\n<div class=\"vc_column-inner\">\n<div class=\"wpb_wrapper\">\n<div id=\"wd-5f087266ad21b\" class=\"woodmart-text-block-wrapper color-scheme-custom woodmart-title-size-custom woodmart-title-width-100 text-left vc_custom_1594389103629\">\n<div class=\"woodmart-title-container woodmart-text-block font-primary woodmart-font-weight-500\">Ba\u00e1n Faipari Kereskedelmi \u00e9s Szolg\u00e1ltat\u00f3 Bet\u00e9ti T\u00e1rsas\u00e1g<\/div>\n<\/div>\n<\/div>\n<\/div>\n<\/div>\n<\/div>\n<p>\t\t\t\t<\/div>\n\t\t\t\t\t\n\t\t\t<\/div>\n\t\t[\/vc_column][\/vc_row][vc_row mobile_bg_img_hidden=&#8221;no&#8221; tablet_bg_img_hidden=&#8221;no&#8221; woodmart_parallax=&#8221;0&#8243; woodmart_gradient_switch=&#8221;no&#8221; row_reverse_mobile=&#8221;0&#8243; row_reverse_tablet=&#8221;0&#8243; woodmart_disable_overflow=&#8221;0&#8243;][vc_column width=&#8221;1\/3&#8243;]\t\n\t\t\t<div id=\"wd-5f9ab8ba26b84\" class=\"woodmart-text-block-wrapper color-scheme-dark woodmart-title-size-custom woodmart-title-width-100 text-left vc_custom_1603975432881\">\n\t\t\t\t<div class=\"woodmart-title-container woodmart-text-block font-primary woodmart-font-weight-700\">\n\t\t\t\t\tHEADQUARTERS\t\t\t\t<\/div>\n\t\t\t\t\t\n\t\t\t<\/div>\n\t\t\t\t\t<div class=\"info-box-wrapper \">\n\t\t\t\t<div id=\"wd-5efc4d24cfaf1\" class=\" woodmart-info-box text-left box-icon-align-left box-style- color-scheme-dark woodmart-bg-none box-title-default vc_custom_1593593128702\"  >\n\t\t\t\t\t\t\t\t\t\t<div class=\"info-box-content\">\n\t\t\t\t\t\t\t\t\t\t\t\t<div class=\"info-box-inner reset-mb-10\">\n\t\t\t\t\t\t\t<p>9181 Kimle, Hunyadi u. 24.<\/p>\n\t\t\t\t\t\t<\/div>\n\n\t\t\t\t\t\t\t\t\t\t\t\t\n\t\t\t\t\t<\/div>\n\n\t\t\t\t\t\t\t\t\t<\/div>\n\t\t\t<\/div>\n\t\t\t\n\t\t\t<div id=\"wd-5f9ab8b34e278\" class=\"woodmart-text-block-wrapper color-scheme-dark woodmart-title-size-custom woodmart-title-width-100 text-left vc_custom_1603975351823\">\n\t\t\t\t<div class=\"woodmart-title-container woodmart-text-block font-primary woodmart-font-weight-700\">\n\t\t\t\t\tSITE\t\t\t\t<\/div>\n\t\t\t\t\t\n\t\t\t<\/div>\n\t\t\t\t\t<div class=\"info-box-wrapper \">\n\t\t\t\t<div id=\"wd-5efc4d2a320f5\" class=\" woodmart-info-box text-left box-icon-align-left box-style- color-scheme-dark woodmart-bg-none box-title-default vc_custom_1593593133653\"  >\n\t\t\t\t\t\t\t\t\t\t<div class=\"info-box-content\">\n\t\t\t\t\t\t\t\t\t\t\t\t<div class=\"info-box-inner reset-mb-10\">\n\t\t\t\t\t\t\t<p>9181 Kimle, Kossuth L. u. 99.<\/p>\n\t\t\t\t\t\t<\/div>\n\n\t\t\t\t\t\t\t\t\t\t\t\t\n\t\t\t\t\t<\/div>\n\n\t\t\t\t\t\t\t\t\t<\/div>\n\t\t\t<\/div>\n\t\t\t\n\t\t\t<div id=\"wd-5f9ab90d379df\" class=\"woodmart-text-block-wrapper color-scheme-dark woodmart-title-size-custom woodmart-title-width-100 text-left vc_custom_1603975441949\">\n\t\t\t\t<div class=\"woodmart-title-container woodmart-text-block font-primary woodmart-font-weight-700\">\n\t\t\t\t\tPHONE\t\t\t\t<\/div>\n\t\t\t\t\t\n\t\t\t<\/div>\n\t\t\t\t\t<div class=\"info-box-wrapper \">\n\t\t\t\t<div id=\"wd-5f1edf0fc2759\" class=\" woodmart-info-box text-left box-icon-align-left box-style- color-scheme-dark woodmart-bg-none box-title-default vc_custom_1595858707545\"  >\n\t\t\t\t\t\t\t\t\t\t<div class=\"info-box-content\">\n\t\t\t\t\t\t\t\t\t\t\t\t<div class=\"info-box-inner reset-mb-10\">\n\t\t\t\t\t\t\t<p><a href=\"tel:+3696572034\">+36 96 572 034<\/a><br \/>\n<a href=\"tel:+36209190405\">+36 20 919 0405<\/a><br \/>\n<a href=\"tel:+36209542030\">+36 20 954 2030<\/a><br \/>\n<a href=\"tel:+36205244015\">+36 20 524 4015<\/a><\/p>\n\t\t\t\t\t\t<\/div>\n\n\t\t\t\t\t\t\t\t\t\t\t\t\n\t\t\t\t\t<\/div>\n\n\t\t\t\t\t\t\t\t\t<\/div>\n\t\t\t<\/div>\n\t\t\t\n\t\t\t<div id=\"wd-5f9ab917782dd\" class=\"woodmart-text-block-wrapper color-scheme-dark woodmart-title-size-custom woodmart-title-width-100 text-left vc_custom_1603975476667\">\n\t\t\t\t<div class=\"woodmart-title-container woodmart-text-block font-primary woodmart-font-weight-700\">\n\t\t\t\t\tE-MAIL\t\t\t\t<\/div>\n\t\t\t\t\t\n\t\t\t<\/div>\n\t\t\t\t\t<div class=\"info-box-wrapper \">\n\t\t\t\t<div id=\"wd-5efc4b915d7bb\" class=\" woodmart-info-box text-left box-icon-align-left box-style- color-scheme-dark woodmart-bg-none box-title-default vc_custom_1593592742286\"  >\n\t\t\t\t\t\t\t\t\t\t<div class=\"info-box-content\">\n\t\t\t\t\t\t\t\t\t\t\t\t<div class=\"info-box-inner reset-mb-10\">\n\t\t\t\t\t\t\t<p><a href=\"mailto:info@baanpakk.hu\">info@baanpakk.hu<\/a><\/p>\n\t\t\t\t\t\t<\/div>\n\n\t\t\t\t\t\t\t\t\t\t\t\t\n\t\t\t\t\t<\/div>\n\n\t\t\t\t\t\t\t\t\t<\/div>\n\t\t\t<\/div>\n\t\t[\/vc_column][vc_column width=&#8221;2\/3&#8243; scroll_x=&#8221;0&#8243; scroll_y=&#8221;-80&#8243; scroll_z=&#8221;0&#8243; mobile_bg_img_hidden=&#8221;no&#8221; tablet_bg_img_hidden=&#8221;no&#8221; woodmart_parallax=&#8221;0&#8243; woodmart_sticky_column=&#8221;false&#8221; parallax_scroll=&#8221;yes&#8221; mobile_reset_margin=&#8221;no&#8221; tablet_reset_margin=&#8221;no&#8221;][vc_empty_space woodmart_hide_large=&#8221;0&#8243; woodmart_hide_medium=&#8221;0&#8243; woodmart_hide_small=&#8221;0&#8243; woodmart_hide_extra_small=&#8221;0&#8243;][vc_single_image image=&#8221;2126&#8243; img_size=&#8221;785&#215;582&#8243; parallax_scroll=&#8221;no&#8221; el_class=&#8221;img-border&#8221;][\/vc_column][\/vc_row][vc_section full_width=&#8221;stretch_row&#8221; mobile_bg_img_hidden=&#8221;no&#8221; tablet_bg_img_hidden=&#8221;no&#8221; woodmart_parallax=&#8221;0&#8243; woodmart_gradient_switch=&#8221;no&#8221; woodmart_disable_overflow=&#8221;1&#8243; css=&#8221;.vc_custom_1595940615041{margin-bottom: -40px !important;padding-bottom: 50px !important;}&#8221;][vc_row full_width=&#8221;stretch_row_content_no_spaces&#8221; mobile_bg_img_hidden=&#8221;no&#8221; tablet_bg_img_hidden=&#8221;no&#8221; woodmart_parallax=&#8221;0&#8243; woodmart_gradient_switch=&#8221;no&#8221; row_reverse_mobile=&#8221;0&#8243; row_reverse_tablet=&#8221;0&#8243; woodmart_disable_overflow=&#8221;0&#8243;][vc_column]\t\t\t<div id=\"wd-5d385020c0aba\" class=\"woodmart-row-divider wd-5d385020c0aba dvr-position-bottom dvr-style-diagonal-right\">\n\t\t\t\t<svg xmlns=\"http:\/\/www.w3.org\/2000\/svg\" version=\"1.1\" xmlns=\"http:\/\/www.w3.org\/1999\/xlink\" width=\"100%\" height=\"50px\" viewBox=\"0 0 100 100\" preserveAspectRatio=\"none\">\n  <polygon points=\"0,100 100,0 100,100 \"\/>\n<\/svg>\n\t\t\t\t\t\t\t<\/div>\n\t\t[\/vc_column][\/vc_row][vc_row full_width=&#8221;stretch_row&#8221; css=&#8221;.vc_custom_1596095616791{padding-bottom: 50px !important;background-color: #f9f9f9 !important;}&#8221; mobile_bg_img_hidden=&#8221;no&#8221; tablet_bg_img_hidden=&#8221;no&#8221; woodmart_parallax=&#8221;0&#8243; woodmart_gradient_switch=&#8221;no&#8221; row_reverse_mobile=&#8221;0&#8243; row_reverse_tablet=&#8221;0&#8243; woodmart_disable_overflow=&#8221;1&#8243;][vc_column mobile_bg_img_hidden=&#8221;no&#8221; tablet_bg_img_hidden=&#8221;no&#8221; woodmart_parallax=&#8221;0&#8243; woodmart_sticky_column=&#8221;false&#8221; parallax_scroll=&#8221;no&#8221; mobile_reset_margin=&#8221;no&#8221; tablet_reset_margin=&#8221;no&#8221; css=&#8221;.vc_custom_1633945658630{margin-bottom: 4vh !important;}&#8221;]\t\t\t<div class=\"google-map-container  content-vertical-top content-horizontal-left map-lazy-loading\" style=\"height:500px;\" data-map-args='{\"latitude\":\"47.813789\",\"longitude\":\"17.379599\",\"zoom\":\"15\",\"mouse_zoom\":\"no\",\"init_type\":\"scroll\",\"init_offset\":\"100\",\"json_style\":\"[\\n    {\\n        \\\"featureType\\\": \\\"all\\\",\\n        \\\"elementType\\\": \\\"labels\\\",\\n        \\\"stylers\\\": [\\n            {\\n                \\\"visibility\\\": \\\"off\\\"\\n            }\\n        ]\\n    },\\n    {\\n        \\\"featureType\\\": \\\"administrative\\\",\\n        \\\"elementType\\\": \\\"all\\\",\\n        \\\"stylers\\\": [\\n            {\\n                \\\"visibility\\\": \\\"simplified\\\"\\n            },\\n            {\\n                \\\"color\\\": \\\"#5b6571\\\"\\n            },\\n            {\\n                \\\"lightness\\\": \\\"35\\\"\\n            }\\n        ]\\n    },\\n    {\\n        \\\"featureType\\\": \\\"administrative.neighborhood\\\",\\n        \\\"elementType\\\": \\\"all\\\",\\n        \\\"stylers\\\": [\\n            {\\n                \\\"visibility\\\": \\\"off\\\"\\n            }\\n        ]\\n    },\\n    {\\n        \\\"featureType\\\": \\\"landscape\\\",\\n        \\\"elementType\\\": \\\"all\\\",\\n        \\\"stylers\\\": [\\n            {\\n                \\\"visibility\\\": \\\"on\\\"\\n            },\\n            {\\n                \\\"color\\\": \\\"#f3f4f4\\\"\\n            }\\n        ]\\n    },\\n    {\\n        \\\"featureType\\\": \\\"landscape.man_made\\\",\\n        \\\"elementType\\\": \\\"geometry\\\",\\n        \\\"stylers\\\": [\\n            {\\n                \\\"weight\\\": 0.9\\n            },\\n            {\\n                \\\"visibility\\\": \\\"off\\\"\\n            }\\n        ]\\n    },\\n    {\\n        \\\"featureType\\\": \\\"poi.park\\\",\\n        \\\"elementType\\\": \\\"geometry.fill\\\",\\n        \\\"stylers\\\": [\\n            {\\n                \\\"visibility\\\": \\\"on\\\"\\n            },\\n            {\\n                \\\"color\\\": \\\"#83cead\\\"\\n            }\\n        ]\\n    },\\n    {\\n        \\\"featureType\\\": \\\"road\\\",\\n        \\\"elementType\\\": \\\"all\\\",\\n        \\\"stylers\\\": [\\n            {\\n                \\\"visibility\\\": \\\"on\\\"\\n            },\\n            {\\n                \\\"color\\\": \\\"#ffffff\\\"\\n            }\\n        ]\\n    },\\n    {\\n        \\\"featureType\\\": \\\"road\\\",\\n        \\\"elementType\\\": \\\"labels\\\",\\n        \\\"stylers\\\": [\\n            {\\n                \\\"visibility\\\": \\\"off\\\"\\n            }\\n        ]\\n    },\\n    {\\n        \\\"featureType\\\": \\\"road.highway\\\",\\n        \\\"elementType\\\": \\\"all\\\",\\n        \\\"stylers\\\": [\\n            {\\n                \\\"visibility\\\": \\\"on\\\"\\n            },\\n            {\\n                \\\"color\\\": \\\"#ffd300\\\"\\n            }\\n        ]\\n    },\\n    {\\n        \\\"featureType\\\": \\\"road.highway\\\",\\n        \\\"elementType\\\": \\\"geometry\\\",\\n        \\\"stylers\\\": [\\n            {\\n                \\\"visibility\\\": \\\"on\\\"\\n            }\\n        ]\\n    },\\n    {\\n        \\\"featureType\\\": \\\"road.highway\\\",\\n        \\\"elementType\\\": \\\"labels\\\",\\n        \\\"stylers\\\": [\\n            {\\n                \\\"visibility\\\": \\\"off\\\"\\n            }\\n        ]\\n    },\\n    {\\n        \\\"featureType\\\": \\\"road.highway\\\",\\n        \\\"elementType\\\": \\\"labels.text\\\",\\n        \\\"stylers\\\": [\\n            {\\n                \\\"visibility\\\": \\\"simplified\\\"\\n            },\\n            {\\n                \\\"color\\\": \\\"#004899\\\"\\n            }\\n        ]\\n    },\\n    {\\n        \\\"featureType\\\": \\\"road.highway\\\",\\n        \\\"elementType\\\": \\\"labels.icon\\\",\\n        \\\"stylers\\\": [\\n            {\\n                \\\"visibility\\\": \\\"off\\\"\\n            }\\n        ]\\n    },\\n    {\\n        \\\"featureType\\\": \\\"road.highway.controlled_access\\\",\\n        \\\"elementType\\\": \\\"labels.icon\\\",\\n        \\\"stylers\\\": [\\n            {\\n                \\\"visibility\\\": \\\"off\\\"\\n            }\\n        ]\\n    },\\n    {\\n        \\\"featureType\\\": \\\"road.arterial\\\",\\n        \\\"elementType\\\": \\\"all\\\",\\n        \\\"stylers\\\": [\\n            {\\n                \\\"visibility\\\": \\\"simplified\\\"\\n            },\\n            {\\n                \\\"color\\\": \\\"#ffffff\\\"\\n            }\\n        ]\\n    },\\n    {\\n        \\\"featureType\\\": \\\"road.arterial\\\",\\n        \\\"elementType\\\": \\\"geometry.fill\\\",\\n        \\\"stylers\\\": [\\n            {\\n                \\\"visibility\\\": \\\"simplified\\\"\\n            },\\n            {\\n                \\\"color\\\": \\\"#ffd300\\\"\\n            }\\n        ]\\n    },\\n    {\\n        \\\"featureType\\\": \\\"road.arterial\\\",\\n        \\\"elementType\\\": \\\"labels\\\",\\n        \\\"stylers\\\": [\\n            {\\n                \\\"visibility\\\": \\\"off\\\"\\n            }\\n        ]\\n    },\\n    {\\n        \\\"featureType\\\": \\\"road.arterial\\\",\\n        \\\"elementType\\\": \\\"labels.icon\\\",\\n        \\\"stylers\\\": [\\n            {\\n                \\\"visibility\\\": \\\"off\\\"\\n            }\\n        ]\\n    },\\n    {\\n        \\\"featureType\\\": \\\"road.local\\\",\\n        \\\"elementType\\\": \\\"geometry.fill\\\",\\n        \\\"stylers\\\": [\\n            {\\n                \\\"visibility\\\": \\\"on\\\"\\n            },\\n            {\\n                \\\"color\\\": \\\"#ffd300\\\"\\n            }\\n        ]\\n    },\\n    {\\n        \\\"featureType\\\": \\\"road.local\\\",\\n        \\\"elementType\\\": \\\"labels.text\\\",\\n        \\\"stylers\\\": [\\n            {\\n                \\\"visibility\\\": \\\"simplified\\\"\\n            },\\n            {\\n                \\\"color\\\": \\\"#004899\\\"\\n            }\\n        ]\\n    },\\n    {\\n        \\\"featureType\\\": \\\"water\\\",\\n        \\\"elementType\\\": \\\"all\\\",\\n        \\\"stylers\\\": [\\n            {\\n                \\\"visibility\\\": \\\"on\\\"\\n            },\\n            {\\n                \\\"color\\\": \\\"#004899\\\"\\n            }\\n        ]\\n    }\\n]\",\"marker_icon\":\"https:\\\/\\\/baanpakk.hu\\\/wp-content\\\/uploads\\\/2020\\\/07\\\/baan-map-pin.png\",\"marker_text_needed\":\"no\",\"marker_text\":\"<h3 style=\\\"min-width:300px; text-align:center; margin:15px;\\\"><\\\/h3>\",\"selector\":\"woodmart-map-id-6a04c31644c9f\"}'>\n\n\t\t\t\t\t\t\t\t\t<div class=\"woodmart-map-placeholder wd-fill\">\n\t\t\t\t\t\t<img decoding=\"async\" src=\"https:\/\/baanpakk.hu\/wp-content\/themes\/woodmart\/inc\/admin\/assets\/images\/google-map-placeholder.jpg\">\t\t\t\t\t<\/div>\n\t\t\t\t\t\t\t\t\n\t\t\t\t\t\t\t\t\n\t\t\t\t<div class=\"woodmart-google-map-wrapper\">\n\t\t\t\t\t<div id=\"woodmart-map-id-6a04c31644c9f\" class=\"woodmart-google-map without-content\"><\/div>\n\t\t\t\t<\/div>\n\n\t\t\t\t\t\t\t<\/div>\n\t\t[vc_empty_space woodmart_hide_large=&#8221;0&#8243; woodmart_hide_medium=&#8221;0&#8243; woodmart_hide_small=&#8221;0&#8243; woodmart_hide_extra_small=&#8221;0&#8243;][\/vc_column][\/vc_row][\/vc_section]<\/p>\n<\/div>","protected":false},"excerpt":{"rendered":"<p>[vc_row css=&#8221;.vc_custom_1593597994107{padding-bottom: 3vh !important;}&#8221; mobile_bg_img_hidden=&#8221;no&#8221; tablet_bg_img_hidden=&#8221;no&#8221; woodmart_parallax=&#8221;0&#8243; woodmart_gradient_switch=&#8221;no&#8221; row_reverse_mobile=&#8221;0&#8243; row_reverse_tablet=&#8221;0&#8243; woodmart_disable_overflow=&#8221;0&#8243;][vc_column][\/vc_column][\/vc_row][vc_row mobile_bg_img_hidden=&#8221;no&#8221; tablet_bg_img_hidden=&#8221;no&#8221; woodmart_parallax=&#8221;0&#8243; woodmart_gradient_switch=&#8221;no&#8221; row_reverse_mobile=&#8221;0&#8243; row_reverse_tablet=&#8221;0&#8243; woodmart_disable_overflow=&#8221;0&#8243;][vc_column width=&#8221;1\/3&#8243;][\/vc_column][vc_column width=&#8221;2\/3&#8243;<\/p>\n","protected":false},"author":2,"featured_media":0,"parent":0,"menu_order":0,"comment_status":"closed","ping_status":"closed","template":"","meta":{"footnotes":""},"class_list":["post-2122","page","type-page","status-publish","hentry"],"yoast_head":"<!-- This site is optimized with the Yoast SEO plugin v26.7 - https:\/\/yoast.com\/wordpress\/plugins\/seo\/ -->\n<title>Contact - BA\u00c1N PAKK - Professzion\u00e1lis ipari csomagol\u00e1s<\/title>\n<meta name=\"robots\" content=\"index, follow, max-snippet:-1, max-image-preview:large, max-video-preview:-1\" \/>\n<link rel=\"canonical\" href=\"https:\/\/baanpakk.hu\/en\/contact\/\" \/>\n<meta property=\"og:locale\" content=\"en_US\" \/>\n<meta property=\"og:type\" content=\"article\" \/>\n<meta property=\"og:title\" content=\"Contact - BA\u00c1N PAKK - Professzion\u00e1lis ipari csomagol\u00e1s\" \/>\n<meta property=\"og:description\" content=\"[vc_row css=&#8221;.vc_custom_1593597994107{padding-bottom: 3vh !important;}&#8221; mobile_bg_img_hidden=&#8221;no&#8221; tablet_bg_img_hidden=&#8221;no&#8221; woodmart_parallax=&#8221;0&#8243; woodmart_gradient_switch=&#8221;no&#8221; row_reverse_mobile=&#8221;0&#8243; row_reverse_tablet=&#8221;0&#8243; woodmart_disable_overflow=&#8221;0&#8243;][vc_column][\/vc_column][\/vc_row][vc_row mobile_bg_img_hidden=&#8221;no&#8221; tablet_bg_img_hidden=&#8221;no&#8221; woodmart_parallax=&#8221;0&#8243; woodmart_gradient_switch=&#8221;no&#8221; row_reverse_mobile=&#8221;0&#8243; row_reverse_tablet=&#8221;0&#8243; woodmart_disable_overflow=&#8221;0&#8243;][vc_column width=&#8221;1\/3&#8243;][\/vc_column][vc_column width=&#8221;2\/3&#8243;\" \/>\n<meta property=\"og:url\" content=\"https:\/\/baanpakk.hu\/en\/contact\/\" \/>\n<meta property=\"og:site_name\" content=\"BA\u00c1N PAKK - Professzion\u00e1lis ipari csomagol\u00e1s\" \/>\n<meta property=\"article:modified_time\" content=\"2021-10-11T09:48:34+00:00\" \/>\n<meta name=\"twitter:card\" content=\"summary_large_image\" \/>\n<meta name=\"twitter:label1\" content=\"Est. reading time\" \/>\n\t<meta name=\"twitter:data1\" content=\"7 minutes\" \/>\n<script type=\"application\/ld+json\" class=\"yoast-schema-graph\">{\"@context\":\"https:\/\/schema.org\",\"@graph\":[{\"@type\":\"WebPage\",\"@id\":\"https:\/\/baanpakk.hu\/en\/contact\/\",\"url\":\"https:\/\/baanpakk.hu\/en\/contact\/\",\"name\":\"Contact - BA\u00c1N PAKK - Professzion\u00e1lis ipari csomagol\u00e1s\",\"isPartOf\":{\"@id\":\"https:\/\/baanpakk.hu\/en\/#website\"},\"datePublished\":\"2020-10-29T12:45:31+00:00\",\"dateModified\":\"2021-10-11T09:48:34+00:00\",\"breadcrumb\":{\"@id\":\"https:\/\/baanpakk.hu\/en\/contact\/#breadcrumb\"},\"inLanguage\":\"en-US\",\"potentialAction\":[{\"@type\":\"ReadAction\",\"target\":[\"https:\/\/baanpakk.hu\/en\/contact\/\"]}]},{\"@type\":\"BreadcrumbList\",\"@id\":\"https:\/\/baanpakk.hu\/en\/contact\/#breadcrumb\",\"itemListElement\":[{\"@type\":\"ListItem\",\"position\":1,\"name\":\"Kezd\u0151lap\",\"item\":\"https:\/\/baanpakk.hu\/en\/\"},{\"@type\":\"ListItem\",\"position\":2,\"name\":\"Contact\"}]},{\"@type\":\"WebSite\",\"@id\":\"https:\/\/baanpakk.hu\/en\/#website\",\"url\":\"https:\/\/baanpakk.hu\/en\/\",\"name\":\"BA\u00c1N PAKK - Professzion\u00e1lis ipari csomagol\u00e1s\",\"description\":\"\",\"potentialAction\":[{\"@type\":\"SearchAction\",\"target\":{\"@type\":\"EntryPoint\",\"urlTemplate\":\"https:\/\/baanpakk.hu\/en\/?s={search_term_string}\"},\"query-input\":{\"@type\":\"PropertyValueSpecification\",\"valueRequired\":true,\"valueName\":\"search_term_string\"}}],\"inLanguage\":\"en-US\"}]}<\/script>\n<!-- \/ Yoast SEO plugin. -->","yoast_head_json":{"title":"Contact - BA\u00c1N PAKK - Professzion\u00e1lis ipari csomagol\u00e1s","robots":{"index":"index","follow":"follow","max-snippet":"max-snippet:-1","max-image-preview":"max-image-preview:large","max-video-preview":"max-video-preview:-1"},"canonical":"https:\/\/baanpakk.hu\/en\/contact\/","og_locale":"en_US","og_type":"article","og_title":"Contact - BA\u00c1N PAKK - Professzion\u00e1lis ipari csomagol\u00e1s","og_description":"[vc_row css=&#8221;.vc_custom_1593597994107{padding-bottom: 3vh !important;}&#8221; mobile_bg_img_hidden=&#8221;no&#8221; tablet_bg_img_hidden=&#8221;no&#8221; woodmart_parallax=&#8221;0&#8243; woodmart_gradient_switch=&#8221;no&#8221; row_reverse_mobile=&#8221;0&#8243; row_reverse_tablet=&#8221;0&#8243; woodmart_disable_overflow=&#8221;0&#8243;][vc_column][\/vc_column][\/vc_row][vc_row mobile_bg_img_hidden=&#8221;no&#8221; tablet_bg_img_hidden=&#8221;no&#8221; woodmart_parallax=&#8221;0&#8243; woodmart_gradient_switch=&#8221;no&#8221; row_reverse_mobile=&#8221;0&#8243; row_reverse_tablet=&#8221;0&#8243; woodmart_disable_overflow=&#8221;0&#8243;][vc_column width=&#8221;1\/3&#8243;][\/vc_column][vc_column width=&#8221;2\/3&#8243;","og_url":"https:\/\/baanpakk.hu\/en\/contact\/","og_site_name":"BA\u00c1N PAKK - Professzion\u00e1lis ipari csomagol\u00e1s","article_modified_time":"2021-10-11T09:48:34+00:00","twitter_card":"summary_large_image","twitter_misc":{"Est. reading time":"7 minutes"},"schema":{"@context":"https:\/\/schema.org","@graph":[{"@type":"WebPage","@id":"https:\/\/baanpakk.hu\/en\/contact\/","url":"https:\/\/baanpakk.hu\/en\/contact\/","name":"Contact - BA\u00c1N PAKK - Professzion\u00e1lis ipari csomagol\u00e1s","isPartOf":{"@id":"https:\/\/baanpakk.hu\/en\/#website"},"datePublished":"2020-10-29T12:45:31+00:00","dateModified":"2021-10-11T09:48:34+00:00","breadcrumb":{"@id":"https:\/\/baanpakk.hu\/en\/contact\/#breadcrumb"},"inLanguage":"en-US","potentialAction":[{"@type":"ReadAction","target":["https:\/\/baanpakk.hu\/en\/contact\/"]}]},{"@type":"BreadcrumbList","@id":"https:\/\/baanpakk.hu\/en\/contact\/#breadcrumb","itemListElement":[{"@type":"ListItem","position":1,"name":"Kezd\u0151lap","item":"https:\/\/baanpakk.hu\/en\/"},{"@type":"ListItem","position":2,"name":"Contact"}]},{"@type":"WebSite","@id":"https:\/\/baanpakk.hu\/en\/#website","url":"https:\/\/baanpakk.hu\/en\/","name":"BA\u00c1N PAKK - Professzion\u00e1lis ipari csomagol\u00e1s","description":"","potentialAction":[{"@type":"SearchAction","target":{"@type":"EntryPoint","urlTemplate":"https:\/\/baanpakk.hu\/en\/?s={search_term_string}"},"query-input":{"@type":"PropertyValueSpecification","valueRequired":true,"valueName":"search_term_string"}}],"inLanguage":"en-US"}]}},"_links":{"self":[{"href":"https:\/\/baanpakk.hu\/en\/wp-json\/wp\/v2\/pages\/2122","targetHints":{"allow":["GET"]}}],"collection":[{"href":"https:\/\/baanpakk.hu\/en\/wp-json\/wp\/v2\/pages"}],"about":[{"href":"https:\/\/baanpakk.hu\/en\/wp-json\/wp\/v2\/types\/page"}],"author":[{"embeddable":true,"href":"https:\/\/baanpakk.hu\/en\/wp-json\/wp\/v2\/users\/2"}],"replies":[{"embeddable":true,"href":"https:\/\/baanpakk.hu\/en\/wp-json\/wp\/v2\/comments?post=2122"}],"version-history":[{"count":6,"href":"https:\/\/baanpakk.hu\/en\/wp-json\/wp\/v2\/pages\/2122\/revisions"}],"predecessor-version":[{"id":3071,"href":"https:\/\/baanpakk.hu\/en\/wp-json\/wp\/v2\/pages\/2122\/revisions\/3071"}],"wp:attachment":[{"href":"https:\/\/baanpakk.hu\/en\/wp-json\/wp\/v2\/media?parent=2122"}],"curies":[{"name":"wp","href":"https:\/\/api.w.org\/{rel}","templated":true}]}}