{"id":2936,"date":"2021-02-04T12:40:50","date_gmt":"2021-02-04T12:40:50","guid":{"rendered":"https:\/\/baanpakk.hu\/our-competencies\/csomagolastervezes\/"},"modified":"2021-02-16T11:02:31","modified_gmt":"2021-02-16T11:02:31","slug":"packaging-design","status":"publish","type":"page","link":"https:\/\/baanpakk.hu\/en\/our-competencies\/packaging-design\/","title":{"rendered":"Packaging design"},"content":{"rendered":"<div class=\"wpb-content-wrapper\"><p>[vc_row full_width=&#8221;stretch_row&#8221; content_placement=&#8221;bottom&#8221; css=&#8221;.vc_custom_1612445494509{margin-bottom: 0px !important;padding-top: 14vh !important;padding-bottom: 4vh !important;background-image: url(https:\/\/baanpakk.hu\/wp-content\/uploads\/2020\/07\/baan-pakk-pakkolj-velun-yellow.jpg?id=1668) !important;background-position: center !important;background-repeat: no-repeat !important;background-size: cover !important;}&#8221; mobile_bg_img_hidden=&#8221;no&#8221; tablet_bg_img_hidden=&#8221;no&#8221; woodmart_parallax=&#8221;0&#8243; woodmart_gradient_switch=&#8221;no&#8221; row_reverse_mobile=&#8221;0&#8243; row_reverse_tablet=&#8221;0&#8243; woodmart_disable_overflow=&#8221;1&#8243;][vc_column css=&#8221;.vc_custom_1582037279782{padding-top: 0px !important;}&#8221; mobile_bg_img_hidden=&#8221;no&#8221; tablet_bg_img_hidden=&#8221;no&#8221; woodmart_parallax=&#8221;0&#8243; woodmart_sticky_column=&#8221;false&#8221; parallax_scroll=&#8221;no&#8221; mobile_reset_margin=&#8221;no&#8221; tablet_reset_margin=&#8221;no&#8221;]\n\t\t<div id=\"wd-602ba5a82c8fe\" class=\"title-wrapper  woodmart-title-color-white woodmart-title-style-default woodmart-title-width-70 text-left woodmart-title-size-custom vc_custom_1613473193902\">\n\t\t\t\n\t\t\t<div class=\"liner-continer\">\n\t\t\t\t<span class=\"left-line\"><\/span>\n\t\t\t\t<h1 class=\"woodmart-title-container title  woodmart-font-weight-700\" >Packaging design<\/h1>\t\t\t\t\t\t\t\t<span class=\"right-line\"><\/span>\n\t\t\t<\/div>\n\t\t\t\n\t\t\t\n\t\t\t\t\t<\/div>\n\t\t\n\t\t[\/vc_column][vc_column css=&#8221;.vc_custom_1612445470045{margin-bottom: 0px !important;padding-top: 0px !important;}&#8221; mobile_bg_img_hidden=&#8221;no&#8221; tablet_bg_img_hidden=&#8221;no&#8221; woodmart_parallax=&#8221;0&#8243; woodmart_sticky_column=&#8221;false&#8221; parallax_scroll=&#8221;no&#8221; mobile_reset_margin=&#8221;no&#8221; tablet_reset_margin=&#8221;no&#8221; offset=&#8221;vc_col-xs-12&#8243;][vc_row_inner css=&#8221;.vc_custom_1612445475592{margin-bottom: 0px !important;}&#8221; row_reverse_mobile=&#8221;0&#8243; row_reverse_tablet=&#8221;0&#8243;][vc_column_inner css=&#8221;.vc_custom_1581944820987{padding-top: 0px !important;}&#8221;]\t\n\t\t\t<div id=\"wd-602ba63eb3eba\" class=\"woodmart-text-block-wrapper color-scheme-custom woodmart-title-size-default woodmart-title-width-100 text-left vc_custom_1613473349832 sortores\">\n\t\t\t\t<div class=\"woodmart-title-container woodmart-text-block font-primary woodmart-font-weight-\">\n\t\t\t\t\tThe design of the packaging is carried out by our wood industry engineer and packaging technology engineer based on the previously received and assessed data.<\/p>\n<p><strong>When planning, the following are taken into account so that the goods to be packed are not damaged during transport:<\/strong><\/p>\n<ul class=\"baan-list\">\n<li>mode of transport<\/li>\n<li>expected loads during transport<\/li>\n<li>the parameters of the goods to be transported<\/li>\n<li>current packaging standards<\/li>\n<li>packaging technology<\/li>\n<li>environmental regulations<\/li>\n<li>occupational safety rules<\/li>\n<li>dimensions of the transport vehicle<\/li>\n<li>in the case of container transport, the dimensions of the packaging units are optimized for the enclosure dimensions of the container<\/li>\n<\/ul>\n<p><strong>During the planning, we make a precise proposal for the required transport capacity. We specify the exact number of containers and container type.<\/strong>\t\t\t\t<\/div>\n\t\t\t\t\t\n\t\t\t<\/div>\n\t\t[\/vc_column_inner][\/vc_row_inner][\/vc_column][\/vc_row]<\/p>\n<\/div>","protected":false},"excerpt":{"rendered":"<p>[vc_row full_width=&#8221;stretch_row&#8221; content_placement=&#8221;bottom&#8221; css=&#8221;.vc_custom_1612445494509{margin-bottom: 0px !important;padding-top: 14vh !important;padding-bottom: 4vh !important;background-image: url(https:\/\/baanpakk.hu\/wp-content\/uploads\/2020\/07\/baan-pakk-pakkolj-velun-yellow.jpg?id=1668) !important;background-position: center !important;background-repeat: no-repeat !important;background-size: cover !important;}&#8221; mobile_bg_img_hidden=&#8221;no&#8221; tablet_bg_img_hidden=&#8221;no&#8221;<\/p>\n","protected":false},"author":1,"featured_media":0,"parent":2000,"menu_order":0,"comment_status":"closed","ping_status":"closed","template":"","meta":{"footnotes":""},"class_list":["post-2936","page","type-page","status-publish","hentry"],"yoast_head":"<!-- This site is optimized with the Yoast SEO plugin v26.7 - https:\/\/yoast.com\/wordpress\/plugins\/seo\/ -->\n<title>Packaging design - BA\u00c1N PAKK - Professzion\u00e1lis ipari csomagol\u00e1s<\/title>\n<meta name=\"description\" content=\"The design of the packaging is carried out by our wood industry engineer and packaging technology engineer based on the previously received and assessed data.\" \/>\n<meta name=\"robots\" content=\"index, follow, max-snippet:-1, max-image-preview:large, max-video-preview:-1\" \/>\n<link rel=\"canonical\" href=\"https:\/\/baanpakk.hu\/en\/our-competencies\/packaging-design\/\" \/>\n<meta property=\"og:locale\" content=\"en_US\" \/>\n<meta property=\"og:type\" content=\"article\" \/>\n<meta property=\"og:title\" content=\"Packaging design - BA\u00c1N PAKK - Professzion\u00e1lis ipari csomagol\u00e1s\" \/>\n<meta property=\"og:description\" content=\"The design of the packaging is carried out by our wood industry engineer and packaging technology engineer based on the previously received and assessed data.\" \/>\n<meta property=\"og:url\" content=\"https:\/\/baanpakk.hu\/en\/our-competencies\/packaging-design\/\" \/>\n<meta property=\"og:site_name\" content=\"BA\u00c1N PAKK - Professzion\u00e1lis ipari csomagol\u00e1s\" \/>\n<meta property=\"article:modified_time\" content=\"2021-02-16T11:02:31+00:00\" \/>\n<meta name=\"twitter:card\" content=\"summary_large_image\" \/>\n<meta name=\"twitter:label1\" content=\"Est. reading time\" \/>\n\t<meta name=\"twitter:data1\" content=\"3 minutes\" \/>\n<script type=\"application\/ld+json\" class=\"yoast-schema-graph\">{\"@context\":\"https:\/\/schema.org\",\"@graph\":[{\"@type\":\"WebPage\",\"@id\":\"https:\/\/baanpakk.hu\/en\/our-competencies\/packaging-design\/\",\"url\":\"https:\/\/baanpakk.hu\/en\/our-competencies\/packaging-design\/\",\"name\":\"Packaging design - BA\u00c1N PAKK - Professzion\u00e1lis ipari csomagol\u00e1s\",\"isPartOf\":{\"@id\":\"https:\/\/baanpakk.hu\/en\/#website\"},\"datePublished\":\"2021-02-04T12:40:50+00:00\",\"dateModified\":\"2021-02-16T11:02:31+00:00\",\"description\":\"The design of the packaging is carried out by our wood industry engineer and packaging technology engineer based on the previously received and assessed data.\",\"breadcrumb\":{\"@id\":\"https:\/\/baanpakk.hu\/en\/our-competencies\/packaging-design\/#breadcrumb\"},\"inLanguage\":\"en-US\",\"potentialAction\":[{\"@type\":\"ReadAction\",\"target\":[\"https:\/\/baanpakk.hu\/en\/our-competencies\/packaging-design\/\"]}]},{\"@type\":\"BreadcrumbList\",\"@id\":\"https:\/\/baanpakk.hu\/en\/our-competencies\/packaging-design\/#breadcrumb\",\"itemListElement\":[{\"@type\":\"ListItem\",\"position\":1,\"name\":\"Kezd\u0151lap\",\"item\":\"https:\/\/baanpakk.hu\/en\/\"},{\"@type\":\"ListItem\",\"position\":2,\"name\":\"Our competencies\",\"item\":\"https:\/\/baanpakk.hu\/en\/our-competencies\/\"},{\"@type\":\"ListItem\",\"position\":3,\"name\":\"Packaging design\"}]},{\"@type\":\"WebSite\",\"@id\":\"https:\/\/baanpakk.hu\/en\/#website\",\"url\":\"https:\/\/baanpakk.hu\/en\/\",\"name\":\"BA\u00c1N PAKK - Professzion\u00e1lis ipari csomagol\u00e1s\",\"description\":\"\",\"potentialAction\":[{\"@type\":\"SearchAction\",\"target\":{\"@type\":\"EntryPoint\",\"urlTemplate\":\"https:\/\/baanpakk.hu\/en\/?s={search_term_string}\"},\"query-input\":{\"@type\":\"PropertyValueSpecification\",\"valueRequired\":true,\"valueName\":\"search_term_string\"}}],\"inLanguage\":\"en-US\"}]}<\/script>\n<!-- \/ Yoast SEO plugin. -->","yoast_head_json":{"title":"Packaging design - BA\u00c1N PAKK - Professzion\u00e1lis ipari csomagol\u00e1s","description":"The design of the packaging is carried out by our wood industry engineer and packaging technology engineer based on the previously received and assessed data.","robots":{"index":"index","follow":"follow","max-snippet":"max-snippet:-1","max-image-preview":"max-image-preview:large","max-video-preview":"max-video-preview:-1"},"canonical":"https:\/\/baanpakk.hu\/en\/our-competencies\/packaging-design\/","og_locale":"en_US","og_type":"article","og_title":"Packaging design - BA\u00c1N PAKK - Professzion\u00e1lis ipari csomagol\u00e1s","og_description":"The design of the packaging is carried out by our wood industry engineer and packaging technology engineer based on the previously received and assessed data.","og_url":"https:\/\/baanpakk.hu\/en\/our-competencies\/packaging-design\/","og_site_name":"BA\u00c1N PAKK - Professzion\u00e1lis ipari csomagol\u00e1s","article_modified_time":"2021-02-16T11:02:31+00:00","twitter_card":"summary_large_image","twitter_misc":{"Est. reading time":"3 minutes"},"schema":{"@context":"https:\/\/schema.org","@graph":[{"@type":"WebPage","@id":"https:\/\/baanpakk.hu\/en\/our-competencies\/packaging-design\/","url":"https:\/\/baanpakk.hu\/en\/our-competencies\/packaging-design\/","name":"Packaging design - BA\u00c1N PAKK - Professzion\u00e1lis ipari csomagol\u00e1s","isPartOf":{"@id":"https:\/\/baanpakk.hu\/en\/#website"},"datePublished":"2021-02-04T12:40:50+00:00","dateModified":"2021-02-16T11:02:31+00:00","description":"The design of the packaging is carried out by our wood industry engineer and packaging technology engineer based on the previously received and assessed data.","breadcrumb":{"@id":"https:\/\/baanpakk.hu\/en\/our-competencies\/packaging-design\/#breadcrumb"},"inLanguage":"en-US","potentialAction":[{"@type":"ReadAction","target":["https:\/\/baanpakk.hu\/en\/our-competencies\/packaging-design\/"]}]},{"@type":"BreadcrumbList","@id":"https:\/\/baanpakk.hu\/en\/our-competencies\/packaging-design\/#breadcrumb","itemListElement":[{"@type":"ListItem","position":1,"name":"Kezd\u0151lap","item":"https:\/\/baanpakk.hu\/en\/"},{"@type":"ListItem","position":2,"name":"Our competencies","item":"https:\/\/baanpakk.hu\/en\/our-competencies\/"},{"@type":"ListItem","position":3,"name":"Packaging design"}]},{"@type":"WebSite","@id":"https:\/\/baanpakk.hu\/en\/#website","url":"https:\/\/baanpakk.hu\/en\/","name":"BA\u00c1N PAKK - Professzion\u00e1lis ipari csomagol\u00e1s","description":"","potentialAction":[{"@type":"SearchAction","target":{"@type":"EntryPoint","urlTemplate":"https:\/\/baanpakk.hu\/en\/?s={search_term_string}"},"query-input":{"@type":"PropertyValueSpecification","valueRequired":true,"valueName":"search_term_string"}}],"inLanguage":"en-US"}]}},"_links":{"self":[{"href":"https:\/\/baanpakk.hu\/en\/wp-json\/wp\/v2\/pages\/2936","targetHints":{"allow":["GET"]}}],"collection":[{"href":"https:\/\/baanpakk.hu\/en\/wp-json\/wp\/v2\/pages"}],"about":[{"href":"https:\/\/baanpakk.hu\/en\/wp-json\/wp\/v2\/types\/page"}],"author":[{"embeddable":true,"href":"https:\/\/baanpakk.hu\/en\/wp-json\/wp\/v2\/users\/1"}],"replies":[{"embeddable":true,"href":"https:\/\/baanpakk.hu\/en\/wp-json\/wp\/v2\/comments?post=2936"}],"version-history":[{"count":3,"href":"https:\/\/baanpakk.hu\/en\/wp-json\/wp\/v2\/pages\/2936\/revisions"}],"predecessor-version":[{"id":2944,"href":"https:\/\/baanpakk.hu\/en\/wp-json\/wp\/v2\/pages\/2936\/revisions\/2944"}],"up":[{"embeddable":true,"href":"https:\/\/baanpakk.hu\/en\/wp-json\/wp\/v2\/pages\/2000"}],"wp:attachment":[{"href":"https:\/\/baanpakk.hu\/en\/wp-json\/wp\/v2\/media?parent=2936"}],"curies":[{"name":"wp","href":"https:\/\/api.w.org\/{rel}","templated":true}]}}