{"id":2174,"date":"2020-10-29T13:58:36","date_gmt":"2020-10-29T13:58:36","guid":{"rendered":"https:\/\/baanpakk.hu\/?page_id=2174"},"modified":"2020-11-03T08:57:06","modified_gmt":"2020-11-03T08:57:06","slug":"o-nas","status":"publish","type":"page","link":"https:\/\/baanpakk.hu\/sk\/o-nas\/","title":{"rendered":"O n\u00e1s"},"content":{"rendered":"<div class=\"wpb-content-wrapper\"><p>[vc_row full_width=&#8220;stretch_row&#8220; content_placement=&#8220;bottom&#8220; css=&#8220;.vc_custom_1593692746553{margin-bottom: 15vh !important;padding-top: 8vh !important;padding-bottom: 4vh !important;background-image: url(https:\/\/baanpakk.hu\/wp-content\/uploads\/2020\/07\/baan-pakk-pakkolj-velun-yellow.jpg?id=1668) !important;background-position: center !important;background-repeat: no-repeat !important;background-size: cover !important;}&#8220; mobile_bg_img_hidden=&#8220;no&#8220; tablet_bg_img_hidden=&#8220;no&#8220; woodmart_parallax=&#8220;0&#8243; woodmart_gradient_switch=&#8220;no&#8220; row_reverse_mobile=&#8220;0&#8243; row_reverse_tablet=&#8220;0&#8243; woodmart_disable_overflow=&#8220;1&#8243;][vc_column css=&#8220;.vc_custom_1582037279782{padding-top: 0px !important;}&#8220; mobile_bg_img_hidden=&#8220;no&#8220; tablet_bg_img_hidden=&#8220;no&#8220; woodmart_parallax=&#8220;0&#8243; woodmart_sticky_column=&#8220;false&#8220; parallax_scroll=&#8220;no&#8220; mobile_reset_margin=&#8220;no&#8220; tablet_reset_margin=&#8220;no&#8220;]\t\n\t\t\t<div id=\"wd-5fa11a144f167\" class=\"woodmart-text-block-wrapper color-scheme-custom woodmart-title-size-custom woodmart-title-width-100 text-left vc_custom_1604393543267\">\n\t\t\t\t<div class=\"woodmart-title-container woodmart-text-block font-primary woodmart-font-weight-600\">\n\t\t\t\t\tO n\u00e1s\t\t\t\t<\/div>\n\t\t\t\t\t\n\t\t\t<\/div>\n\t\t\n\t\t<div id=\"wd-5efdcb6abbf02\" class=\"title-wrapper  woodmart-title-color-white woodmart-title-style-default woodmart-title-width-70 text-left woodmart-title-size-custom vc_custom_1593691002846\">\n\t\t\t\n\t\t\t<div class=\"liner-continer\">\n\t\t\t\t<span class=\"left-line\"><\/span>\n\t\t\t\t<h1 class=\"woodmart-title-container title  woodmart-font-weight-700\" >Ba\u00e1n &amp; Ba\u00e1n<\/h1>\t\t\t\t\t\t\t\t<span class=\"right-line\"><\/span>\n\t\t\t<\/div>\n\t\t\t\n\t\t\t\n\t\t\t\t\t<\/div>\n\t\t\n\t\t[\/vc_column][vc_column css=&#8220;.vc_custom_1582035459294{padding-top: 0px !important;}&#8220; mobile_bg_img_hidden=&#8220;no&#8220; tablet_bg_img_hidden=&#8220;no&#8220; woodmart_parallax=&#8220;0&#8243; woodmart_sticky_column=&#8220;false&#8220; parallax_scroll=&#8220;no&#8220; mobile_reset_margin=&#8220;no&#8220; tablet_reset_margin=&#8220;no&#8220; offset=&#8220;vc_col-lg-6 vc_col-md-6 vc_col-xs-12&#8243;][vc_row_inner css=&#8220;.vc_custom_1581945789600{margin-bottom: 4vh !important;}&#8220; row_reverse_mobile=&#8220;0&#8243; row_reverse_tablet=&#8220;0&#8243;][vc_column_inner css=&#8220;.vc_custom_1581944820987{padding-top: 0px !important;}&#8220;]\t\n\t\t\t<div id=\"wd-5fa11a4f34089\" class=\"woodmart-text-block-wrapper color-scheme-custom woodmart-title-size-default woodmart-title-width-100 text-left vc_custom_1604393608135\">\n\t\t\t\t<div class=\"woodmart-title-container woodmart-text-block font-primary woodmart-font-weight-\">\n\t\t\t\t\tN\u00e1\u0161 rodinn\u00fd podnik sme zalo\u017eili v\u00a0roku 1999, m\u00f4\u017eeme poveda\u0165, \u017ee v\u00a0minulom tis\u00edcro\u010d\u00ed&#8230;<br \/>\nOd po\u010diatkov sa zaober\u00e1me <strong>navrhovan\u00edm a\u00a0v\u00fdrobou priemyseln\u00e9ho balenia.<\/strong> Na\u0161im cie\u013eom bola\u00a0 in\u017einierska \u010dinnos\u0165 zalo\u017een\u00e1 na poznatkoch o\u00a0materi\u00e1loch a\u00a0tie\u017e odborne vytvoren\u00e9 technologick\u00e9 z\u00e1zemie.\t\t\t\t<\/div>\n\t\t\t\t\t\n\t\t\t<\/div>\n\t\t[\/vc_column_inner][\/vc_row_inner][vc_single_image image=&#8220;2162&#8243; img_size=&#8220;580&#215;360&#8243; alignment=&#8220;center&#8220; scroll_x=&#8220;120&#8243; scroll_y=&#8220;0&#8243; scroll_z=&#8220;0&#8243; parallax_scroll=&#8220;yes&#8220; css=&#8220;.vc_custom_1593692044914{margin-bottom: 0px !important;}&#8220; el_class=&#8220;hidden-xs img-border img-border-white&#8220;][vc_empty_space height=&#8220;1px&#8220; woodmart_hide_large=&#8220;0&#8243; woodmart_hide_medium=&#8220;0&#8243; woodmart_hide_small=&#8220;0&#8243; woodmart_hide_extra_small=&#8220;1&#8243; css=&#8220;.vc_custom_1582040633122{margin-bottom: -16vh !important;}&#8220;][\/vc_column][vc_column width=&#8220;1\/2&#8243; css=&#8220;.vc_custom_1593692106077{padding-top: 0px !important;}&#8220; mobile_bg_img_hidden=&#8220;no&#8220; tablet_bg_img_hidden=&#8220;no&#8220; woodmart_parallax=&#8220;0&#8243; woodmart_sticky_column=&#8220;false&#8220; parallax_scroll=&#8220;no&#8220; mobile_reset_margin=&#8220;no&#8220; tablet_reset_margin=&#8220;no&#8220;][vc_single_image image=&#8220;2180&#8243; img_size=&#8220;480&#215;660&#8243; alignment=&#8220;right&#8220; scroll_x=&#8220;0&#8243; scroll_y=&#8220;-80&#8243; scroll_z=&#8220;0&#8243; parallax_scroll=&#8220;yes&#8220; css=&#8220;.vc_custom_1593692172826{margin-bottom: 0px !important;}&#8220; el_class=&#8220;img-border img-border-white&#8220;][vc_empty_space height=&#8220;1px&#8220; woodmart_hide_large=&#8220;0&#8243; woodmart_hide_medium=&#8220;0&#8243; woodmart_hide_small=&#8220;0&#8243; woodmart_hide_extra_small=&#8220;0&#8243; css=&#8220;.vc_custom_1582040626513{margin-bottom: -16vh !important;}&#8220;][\/vc_column][\/vc_row][vc_row full_width=&#8220;stretch_row&#8220; css=&#8220;.vc_custom_1593692789896{margin-bottom: 8vh !important;}&#8220; mobile_bg_img_hidden=&#8220;no&#8220; tablet_bg_img_hidden=&#8220;no&#8220; woodmart_parallax=&#8220;0&#8243; woodmart_gradient_switch=&#8220;no&#8220; row_reverse_mobile=&#8220;0&#8243; row_reverse_tablet=&#8220;0&#8243; woodmart_disable_overflow=&#8220;0&#8243;][vc_column offset=&#8220;vc_col-lg-offset-2 vc_col-lg-8 vc_col-md-offset-2 vc_col-md-8 vc_col-sm-offset-0&#8243; css=&#8220;.vc_custom_1499599304156{padding-top: 0px !important;}&#8220;]\n\t\t<div id=\"wd-5fa11a8dd77d9\" class=\"title-wrapper  woodmart-title-color-default woodmart-title-style-default woodmart-title-width-100 text-left woodmart-title-size-custom vc_custom_1604393635005\">\n\t\t\t\n\t\t\t<div class=\"liner-continer\">\n\t\t\t\t<span class=\"left-line\"><\/span>\n\t\t\t\t<h4 class=\"woodmart-title-container title  woodmart-font-weight-\" >Pakuj s nami!<\/h4>\t\t\t\t\t\t\t\t<span class=\"right-line\"><\/span>\n\t\t\t<\/div>\n\t\t\t\n\t\t\t\n\t\t\t\t\t<\/div>\n\t\t\n\t\t[vc_row_inner css=&#8220;.vc_custom_1593693563034{margin-right: 0px !important;margin-bottom: 20px !important;margin-left: 0px !important;background-color: #004899 !important;border-radius: 15px !important;}&#8220; row_reverse_mobile=&#8220;0&#8243; row_reverse_tablet=&#8220;0&#8243;][vc_column_inner width=&#8220;1\/2&#8243; css=&#8220;.vc_custom_1499604113587{border-right-width: 1px !important;padding-top: 35px !important;border-right-color: rgba(255,255,255,0.3) !important;border-right-style: solid !important;}&#8220; offset=&#8220;vc_col-xs-6&#8243;]\t\t\t<div class=\"woodmart-counter  counter-large text-center color-scheme-light \" id=\"wd-5fa11aa5880c2\">\n\t\t\t\t<span class=\"counter-value woodmart-font-weight-600\" data-state=\"new\" data-final=\"15000\">15000<\/span>\n\t\t\t\t\t\t\t\t\t<span class=\"counter-label\">priemyselnej z\u00f3ny<\/span>\n\t\t\t\t\n\t\t\t\t\t\t\t<\/div>\n\t\t\t\n\t\t[\/vc_column_inner][vc_column_inner width=&#8220;1\/2&#8243; css=&#8220;.vc_custom_1499604100036{padding-top: 35px !important;}&#8220; offset=&#8220;vc_col-xs-6&#8243;]\t\t\t<div class=\"woodmart-counter  counter-large text-center color-scheme-light \" id=\"wd-5fa11ab3dd9ae\">\n\t\t\t\t<span class=\"counter-value woodmart-font-weight-600\" data-state=\"new\" data-final=\"3700\">3700<\/span>\n\t\t\t\t\t\t\t\t\t<span class=\"counter-label\">v\u00fdrobn\u00e9 haly<\/span>\n\t\t\t\t\n\t\t\t\t\t\t\t<\/div>\n\t\t\t\n\t\t[\/vc_column_inner][\/vc_row_inner][vc_row_inner][vc_column_inner css=&#8220;.vc_custom_1494857398526{padding-top: 0px !important;}&#8220;][vc_column_text css=&#8220;.vc_custom_1604393673823{margin-bottom: 20px !important;}&#8220; text_larger=&#8220;no&#8220;]V\u017edy sme vyh\u013ead\u00e1vali v\u00fdzvy, mo\u017eno preto nie je \u017eiadna n\u00e1hoda, \u017ee partneri poveruj\u00fa na\u0161u firmu komplexn\u00fdmi \u00falohami od pl\u00e1novania a\u017e po zhotovenie.<\/p>\n<p>Okrem dom\u00e1cich klientov sa na\u0161e produkty dost\u00e1vaj\u00fa do Spojen\u00fdch \u0161t\u00e1tov americk\u00fdch, do \u010c\u00edny a\u00a0samozrejme do viacer\u00fdch \u010dlensk\u00fdch \u0161t\u00e1tov Eur\u00f3pskej \u00fanie.<\/p>\n<p>Odborn\u00e9 sk\u00fasenosti troch desa\u0165ro\u010d\u00ed znamenaj\u00fa pre na\u0161ich klientov tak\u00fa istotu, ktor\u00e1 z\u00e1rove\u0148 zaru\u010duje aj vysok\u00fa kvalitu v\u00fdroby a\u00a0realiz\u00e1cie.[\/vc_column_text][\/vc_column_inner][\/vc_row_inner][vc_empty_space woodmart_hide_large=&#8220;0&#8243; woodmart_hide_medium=&#8220;0&#8243; woodmart_hide_small=&#8220;0&#8243; woodmart_hide_extra_small=&#8220;0&#8243;]<div id=\"wd-5fa11acc28195\" class=\"woodmart-button-wrapper text-center\"><a href=\"https:\/\/baanpakk.hu\/sk\/kontakt\/\" title=\"Kontakt\" class=\"btn btn-scheme-dark btn-scheme-hover-light btn-style-default btn-shape-round btn-size-extra-large btn-icon-pos-right\">Kontakt<span class=\"wd-btn-icon\"><i class=\"fas fa-arrow-right\"><\/i><\/span><\/a><\/div>[\/vc_column][\/vc_row]<\/p>\n<\/div>","protected":false},"excerpt":{"rendered":"<p>[vc_row full_width=&#8220;stretch_row&#8220; content_placement=&#8220;bottom&#8220; css=&#8220;.vc_custom_1593692746553{margin-bottom: 15vh !important;padding-top: 8vh !important;padding-bottom: 4vh !important;background-image: url(https:\/\/baanpakk.hu\/wp-content\/uploads\/2020\/07\/baan-pakk-pakkolj-velun-yellow.jpg?id=1668) !important;background-position: center !important;background-repeat: no-repeat !important;background-size: cover !important;}&#8220; mobile_bg_img_hidden=&#8220;no&#8220; tablet_bg_img_hidden=&#8220;no&#8220;<\/p>\n","protected":false},"author":2,"featured_media":0,"parent":0,"menu_order":0,"comment_status":"closed","ping_status":"closed","template":"","meta":{"footnotes":""},"class_list":["post-2174","page","type-page","status-publish","hentry"],"yoast_head":"<!-- This site is optimized with the Yoast SEO plugin v26.7 - https:\/\/yoast.com\/wordpress\/plugins\/seo\/ -->\n<title>O n\u00e1s - BA\u00c1N PAKK - Professzion\u00e1lis ipari csomagol\u00e1s<\/title>\n<meta name=\"robots\" content=\"index, follow, max-snippet:-1, max-image-preview:large, max-video-preview:-1\" \/>\n<link rel=\"canonical\" href=\"https:\/\/baanpakk.hu\/sk\/o-nas\/\" \/>\n<meta property=\"og:locale\" content=\"sk_SK\" \/>\n<meta property=\"og:type\" content=\"article\" \/>\n<meta property=\"og:title\" content=\"O n\u00e1s - BA\u00c1N PAKK - Professzion\u00e1lis ipari csomagol\u00e1s\" \/>\n<meta property=\"og:description\" content=\"[vc_row full_width=&#8220;stretch_row&#8220; content_placement=&#8220;bottom&#8220; css=&#8220;.vc_custom_1593692746553{margin-bottom: 15vh !important;padding-top: 8vh !important;padding-bottom: 4vh !important;background-image: url(https:\/\/baanpakk.hu\/wp-content\/uploads\/2020\/07\/baan-pakk-pakkolj-velun-yellow.jpg?id=1668) !important;background-position: center !important;background-repeat: no-repeat !important;background-size: cover !important;}&#8220; mobile_bg_img_hidden=&#8220;no&#8220; tablet_bg_img_hidden=&#8220;no&#8220;\" \/>\n<meta property=\"og:url\" content=\"https:\/\/baanpakk.hu\/sk\/o-nas\/\" \/>\n<meta property=\"og:site_name\" content=\"BA\u00c1N PAKK - Professzion\u00e1lis ipari csomagol\u00e1s\" \/>\n<meta property=\"article:modified_time\" content=\"2020-11-03T08:57:06+00:00\" \/>\n<meta name=\"twitter:card\" content=\"summary_large_image\" \/>\n<meta name=\"twitter:label1\" content=\"Predpokladan\u00fd \u010das \u010d\u00edtania\" \/>\n\t<meta name=\"twitter:data1\" content=\"6 min\u00fat\" \/>\n<script type=\"application\/ld+json\" class=\"yoast-schema-graph\">{\"@context\":\"https:\/\/schema.org\",\"@graph\":[{\"@type\":\"WebPage\",\"@id\":\"https:\/\/baanpakk.hu\/sk\/o-nas\/\",\"url\":\"https:\/\/baanpakk.hu\/sk\/o-nas\/\",\"name\":\"O n\u00e1s - BA\u00c1N PAKK - Professzion\u00e1lis ipari csomagol\u00e1s\",\"isPartOf\":{\"@id\":\"https:\/\/baanpakk.hu\/sk\/#website\"},\"datePublished\":\"2020-10-29T13:58:36+00:00\",\"dateModified\":\"2020-11-03T08:57:06+00:00\",\"breadcrumb\":{\"@id\":\"https:\/\/baanpakk.hu\/sk\/o-nas\/#breadcrumb\"},\"inLanguage\":\"sk-SK\",\"potentialAction\":[{\"@type\":\"ReadAction\",\"target\":[\"https:\/\/baanpakk.hu\/sk\/o-nas\/\"]}]},{\"@type\":\"BreadcrumbList\",\"@id\":\"https:\/\/baanpakk.hu\/sk\/o-nas\/#breadcrumb\",\"itemListElement\":[{\"@type\":\"ListItem\",\"position\":1,\"name\":\"Kezd\u0151lap\",\"item\":\"https:\/\/baanpakk.hu\/sk\/\"},{\"@type\":\"ListItem\",\"position\":2,\"name\":\"O n\u00e1s\"}]},{\"@type\":\"WebSite\",\"@id\":\"https:\/\/baanpakk.hu\/sk\/#website\",\"url\":\"https:\/\/baanpakk.hu\/sk\/\",\"name\":\"BA\u00c1N PAKK - Professzion\u00e1lis ipari csomagol\u00e1s\",\"description\":\"\",\"potentialAction\":[{\"@type\":\"SearchAction\",\"target\":{\"@type\":\"EntryPoint\",\"urlTemplate\":\"https:\/\/baanpakk.hu\/sk\/?s={search_term_string}\"},\"query-input\":{\"@type\":\"PropertyValueSpecification\",\"valueRequired\":true,\"valueName\":\"search_term_string\"}}],\"inLanguage\":\"sk-SK\"}]}<\/script>\n<!-- \/ Yoast SEO plugin. -->","yoast_head_json":{"title":"O n\u00e1s - BA\u00c1N PAKK - Professzion\u00e1lis ipari csomagol\u00e1s","robots":{"index":"index","follow":"follow","max-snippet":"max-snippet:-1","max-image-preview":"max-image-preview:large","max-video-preview":"max-video-preview:-1"},"canonical":"https:\/\/baanpakk.hu\/sk\/o-nas\/","og_locale":"sk_SK","og_type":"article","og_title":"O n\u00e1s - BA\u00c1N PAKK - Professzion\u00e1lis ipari csomagol\u00e1s","og_description":"[vc_row full_width=&#8220;stretch_row&#8220; content_placement=&#8220;bottom&#8220; css=&#8220;.vc_custom_1593692746553{margin-bottom: 15vh !important;padding-top: 8vh !important;padding-bottom: 4vh !important;background-image: url(https:\/\/baanpakk.hu\/wp-content\/uploads\/2020\/07\/baan-pakk-pakkolj-velun-yellow.jpg?id=1668) !important;background-position: center !important;background-repeat: no-repeat !important;background-size: cover !important;}&#8220; mobile_bg_img_hidden=&#8220;no&#8220; tablet_bg_img_hidden=&#8220;no&#8220;","og_url":"https:\/\/baanpakk.hu\/sk\/o-nas\/","og_site_name":"BA\u00c1N PAKK - Professzion\u00e1lis ipari csomagol\u00e1s","article_modified_time":"2020-11-03T08:57:06+00:00","twitter_card":"summary_large_image","twitter_misc":{"Predpokladan\u00fd \u010das \u010d\u00edtania":"6 min\u00fat"},"schema":{"@context":"https:\/\/schema.org","@graph":[{"@type":"WebPage","@id":"https:\/\/baanpakk.hu\/sk\/o-nas\/","url":"https:\/\/baanpakk.hu\/sk\/o-nas\/","name":"O n\u00e1s - BA\u00c1N PAKK - Professzion\u00e1lis ipari csomagol\u00e1s","isPartOf":{"@id":"https:\/\/baanpakk.hu\/sk\/#website"},"datePublished":"2020-10-29T13:58:36+00:00","dateModified":"2020-11-03T08:57:06+00:00","breadcrumb":{"@id":"https:\/\/baanpakk.hu\/sk\/o-nas\/#breadcrumb"},"inLanguage":"sk-SK","potentialAction":[{"@type":"ReadAction","target":["https:\/\/baanpakk.hu\/sk\/o-nas\/"]}]},{"@type":"BreadcrumbList","@id":"https:\/\/baanpakk.hu\/sk\/o-nas\/#breadcrumb","itemListElement":[{"@type":"ListItem","position":1,"name":"Kezd\u0151lap","item":"https:\/\/baanpakk.hu\/sk\/"},{"@type":"ListItem","position":2,"name":"O n\u00e1s"}]},{"@type":"WebSite","@id":"https:\/\/baanpakk.hu\/sk\/#website","url":"https:\/\/baanpakk.hu\/sk\/","name":"BA\u00c1N PAKK - Professzion\u00e1lis ipari csomagol\u00e1s","description":"","potentialAction":[{"@type":"SearchAction","target":{"@type":"EntryPoint","urlTemplate":"https:\/\/baanpakk.hu\/sk\/?s={search_term_string}"},"query-input":{"@type":"PropertyValueSpecification","valueRequired":true,"valueName":"search_term_string"}}],"inLanguage":"sk-SK"}]}},"_links":{"self":[{"href":"https:\/\/baanpakk.hu\/sk\/wp-json\/wp\/v2\/pages\/2174","targetHints":{"allow":["GET"]}}],"collection":[{"href":"https:\/\/baanpakk.hu\/sk\/wp-json\/wp\/v2\/pages"}],"about":[{"href":"https:\/\/baanpakk.hu\/sk\/wp-json\/wp\/v2\/types\/page"}],"author":[{"embeddable":true,"href":"https:\/\/baanpakk.hu\/sk\/wp-json\/wp\/v2\/users\/2"}],"replies":[{"embeddable":true,"href":"https:\/\/baanpakk.hu\/sk\/wp-json\/wp\/v2\/comments?post=2174"}],"version-history":[{"count":15,"href":"https:\/\/baanpakk.hu\/sk\/wp-json\/wp\/v2\/pages\/2174\/revisions"}],"predecessor-version":[{"id":2300,"href":"https:\/\/baanpakk.hu\/sk\/wp-json\/wp\/v2\/pages\/2174\/revisions\/2300"}],"wp:attachment":[{"href":"https:\/\/baanpakk.hu\/sk\/wp-json\/wp\/v2\/media?parent=2174"}],"curies":[{"name":"wp","href":"https:\/\/api.w.org\/{rel}","templated":true}]}}