{"id":2196,"date":"2020-10-29T14:26:09","date_gmt":"2020-10-29T14:26:09","guid":{"rendered":"https:\/\/baanpakk.hu\/?page_id=2196"},"modified":"2020-10-29T15:06:21","modified_gmt":"2020-10-29T15:06:21","slug":"vyrobna-technologia","status":"publish","type":"page","link":"https:\/\/baanpakk.hu\/sk\/vyrobna-technologia\/","title":{"rendered":"V\u00fdrobn\u00e1 technol\u00f3gia"},"content":{"rendered":"<div class=\"wpb-content-wrapper\"><p>[vc_row full_width=&#8220;stretch_row&#8220; content_placement=&#8220;bottom&#8220; css=&#8220;.vc_custom_1594369723998{margin-bottom: 15vh !important;padding-top: 8vh !important;padding-bottom: 4vh !important;background-image: url(https:\/\/baanpakk.hu\/wp-content\/uploads\/2020\/07\/gyartastechnologia-header-bg-1.jpg?id=1779) !important;background-position: center !important;background-repeat: no-repeat !important;background-size: cover !important;}&#8220; mobile_bg_img_hidden=&#8220;no&#8220; tablet_bg_img_hidden=&#8220;no&#8220; woodmart_parallax=&#8220;0&#8243; woodmart_gradient_switch=&#8220;no&#8220; row_reverse_mobile=&#8220;0&#8243; row_reverse_tablet=&#8220;0&#8243; woodmart_disable_overflow=&#8220;1&#8243;][vc_column css=&#8220;.vc_custom_1582037279782{padding-top: 0px !important;}&#8220; mobile_bg_img_hidden=&#8220;no&#8220; tablet_bg_img_hidden=&#8220;no&#8220; woodmart_parallax=&#8220;0&#8243; woodmart_sticky_column=&#8220;false&#8220; parallax_scroll=&#8220;no&#8220; mobile_reset_margin=&#8220;no&#8220; tablet_reset_margin=&#8220;no&#8220;]\t\n\t\t\t<div id=\"wd-5f9ad131c53f8\" class=\"woodmart-text-block-wrapper color-scheme-custom woodmart-title-size-custom woodmart-title-width-100 text-left vc_custom_1603981620919\">\n\t\t\t\t<div class=\"woodmart-title-container woodmart-text-block font-primary woodmart-font-weight-600\">\n\t\t\t\t\tV\u00fdrobn\u00e1 technol\u00f3gia \/ infra\u0161trukt\u00fara\t\t\t\t<\/div>\n\t\t\t\t\t\n\t\t\t<\/div>\n\t\t\n\t\t<div id=\"wd-5f9acff73fb60\" class=\"title-wrapper  woodmart-title-color-white woodmart-title-style-default woodmart-title-width-70 text-left woodmart-title-size-custom vc_custom_1603981319393\">\n\t\t\t\n\t\t\t<div class=\"liner-continer\">\n\t\t\t\t<span class=\"left-line\"><\/span>\n\t\t\t\t<h1 class=\"woodmart-title-container title  woodmart-font-weight-700\" >Profesion\u00e1lne stroje, sk\u00fasen\u00ed odborn\u00edci<\/h1>\t\t\t\t\t\t\t\t<span class=\"right-line\"><\/span>\n\t\t\t<\/div>\n\t\t\t\n\t\t\t\n\t\t\t\t\t<\/div>\n\t\t\n\t\t[\/vc_column][vc_column css=&#8220;.vc_custom_1594363705362{padding-top: 0px !important;}&#8220; mobile_bg_img_hidden=&#8220;no&#8220; tablet_bg_img_hidden=&#8220;no&#8220; woodmart_parallax=&#8220;0&#8243; woodmart_sticky_column=&#8220;false&#8220; parallax_scroll=&#8220;no&#8220; mobile_reset_margin=&#8220;no&#8220; tablet_reset_margin=&#8220;no&#8220; offset=&#8220;vc_col-xs-12&#8243;][vc_row_inner css=&#8220;.vc_custom_1581945789600{margin-bottom: 4vh !important;}&#8220; row_reverse_mobile=&#8220;0&#8243; row_reverse_tablet=&#8220;0&#8243;][vc_column_inner css=&#8220;.vc_custom_1581944820987{padding-top: 0px !important;}&#8220;]\t\n\t\t\t<div id=\"wd-5f9ad00af0e14\" class=\"woodmart-text-block-wrapper color-scheme-custom woodmart-title-size-default woodmart-title-width-100 text-left vc_custom_1603981400132\">\n\t\t\t\t<div class=\"woodmart-title-container woodmart-text-block font-primary woodmart-font-weight-\">\n\t\t\t\t\tNeust\u00e1le roz\u0161irovan\u00fd strojov\u00fd park a rozvoj v\u00fdrobn\u00fdch technol\u00f3gi\u00ed nie je jedine\u010dn\u00e9 iba v oblasti vytv\u00e1rania kon\u0161trukci\u00ed, ale aj v oblasti \u0161peci\u00e1lnych tepelno-technick\u00fdch a in\u00fdch chemick\u00fdch procesov.<br \/>\nPriebe\u017en\u00e9 vzdel\u00e1vanie na\u0161ich spolupracovn\u00edkov pova\u017eujeme za rovnako d\u00f4le\u017eit\u00e9, ako vkladanie najmodernej\u0161\u00edch technol\u00f3gi\u00ed pre v\u00fdrobu balen\u00ed do v\u00fdrobn\u00e9ho procesu.<br \/>\nV pr\u00edpade pr\u00e1c pri zlo\u017een\u00ed kon\u0161trukci\u00ed v r\u00fdchlej a efekt\u00edvnej v\u00fdrobe popri tradi\u010dn\u00fdch technol\u00f3gi\u00ed pom\u00e1ha aj automat na vstre\u013eovanie klincov s NC-riaden\u00edm.<br \/>\n\t\t\t\t<\/div>\n\t\t\t\t\t\n\t\t\t<\/div>\n\t\t[\/vc_column_inner][\/vc_row_inner]\t\t\t<div id=\"gallery_695\" class=\"woodmart-images-gallery img-border-white img-border view-grid photoswipe-images\" >\n\t\t\t\t<div class=\"gallery-images row woodmart-spacing-10\">\n\t\t\t\t\t\t\t\t\t\t\t\t\t\t\t\t\t\t<div class=\"woodmart-gallery-item col-md-4 col-6\">\n\t\t\t\t\t\t\t\t\t\t\t\t\t\t\t\t\t<a href=\"https:\/\/baanpakk.hu\/wp-content\/uploads\/2020\/07\/baan-pakk-ipari-csomagolas1.jpg\" data-index=\"1\" data-width=\"1920\" data-height=\"1280\"  >\n\t\t\t\t\t\t\t\t\t\t\t\t\t\t\t\t\n\t\t\t\t\t\t\t\t\t\t\t\t\t\t\t\t\t<img decoding=\"async\" class=\"woodmart-gallery-image image-1 \" src=\"https:\/\/baanpakk.hu\/wp-content\/uploads\/2020\/07\/baan-pakk-ipari-csomagolas1-390x270.jpg\" width=\"390\" height=\"270\" alt=\"baan-pakk-ipari-csomagolas1\" title=\"baan-pakk-ipari-csomagolas1\" loading=\"lazy\" \/>\t\t\t\t\t\t\t\t\t\t\t\t\t\t\t\t\n\t\t\t\t\t\t\t\t\t\t\t\t\t\t\t\t\t<\/a>\n\t\t\t\t\t\t\t\t\t\t\t\t\t\t\t<\/div>\n\t\t\t\t\t\t\t\t\t\t\t\t\t<div class=\"woodmart-gallery-item col-md-4 col-6\">\n\t\t\t\t\t\t\t\t\t\t\t\t\t\t\t\t\t<a href=\"https:\/\/baanpakk.hu\/wp-content\/uploads\/2020\/07\/baan-pakk-ipari-csomagolas2.jpg\" data-index=\"2\" data-width=\"1920\" data-height=\"1280\"  >\n\t\t\t\t\t\t\t\t\t\t\t\t\t\t\t\t\n\t\t\t\t\t\t\t\t\t\t\t\t\t\t\t\t\t<img decoding=\"async\" class=\"woodmart-gallery-image image-2 \" src=\"https:\/\/baanpakk.hu\/wp-content\/uploads\/2020\/07\/baan-pakk-ipari-csomagolas2-390x270.jpg\" width=\"390\" height=\"270\" alt=\"baan-pakk-ipari-csomagolas2\" title=\"baan-pakk-ipari-csomagolas2\" loading=\"lazy\" \/>\t\t\t\t\t\t\t\t\t\t\t\t\t\t\t\t\n\t\t\t\t\t\t\t\t\t\t\t\t\t\t\t\t\t<\/a>\n\t\t\t\t\t\t\t\t\t\t\t\t\t\t\t<\/div>\n\t\t\t\t\t\t\t\t\t\t\t\t\t<div class=\"woodmart-gallery-item col-md-4 col-6\">\n\t\t\t\t\t\t\t\t\t\t\t\t\t\t\t\t\t<a href=\"https:\/\/baanpakk.hu\/wp-content\/uploads\/2020\/07\/baan-pakk-ipari-csomagolas3.jpg\" data-index=\"3\" data-width=\"1920\" data-height=\"1280\"  >\n\t\t\t\t\t\t\t\t\t\t\t\t\t\t\t\t\n\t\t\t\t\t\t\t\t\t\t\t\t\t\t\t\t\t<img decoding=\"async\" class=\"woodmart-gallery-image image-3 \" src=\"https:\/\/baanpakk.hu\/wp-content\/uploads\/2020\/07\/baan-pakk-ipari-csomagolas3-390x270.jpg\" width=\"390\" height=\"270\" alt=\"baan-pakk-ipari-csomagolas3\" title=\"baan-pakk-ipari-csomagolas3\" loading=\"lazy\" \/>\t\t\t\t\t\t\t\t\t\t\t\t\t\t\t\t\n\t\t\t\t\t\t\t\t\t\t\t\t\t\t\t\t\t<\/a>\n\t\t\t\t\t\t\t\t\t\t\t\t\t\t\t<\/div>\n\t\t\t\t\t\t\t\t\t\t\t\t\t<div class=\"woodmart-gallery-item col-md-4 col-6\">\n\t\t\t\t\t\t\t\t\t\t\t\t\t\t\t\t\t<a href=\"https:\/\/baanpakk.hu\/wp-content\/uploads\/2020\/07\/baan-pakk-ipari-csomagolas4.jpg\" data-index=\"4\" data-width=\"1920\" data-height=\"1280\"  >\n\t\t\t\t\t\t\t\t\t\t\t\t\t\t\t\t\n\t\t\t\t\t\t\t\t\t\t\t\t\t\t\t\t\t<img decoding=\"async\" class=\"woodmart-gallery-image image-4 \" src=\"https:\/\/baanpakk.hu\/wp-content\/uploads\/2020\/07\/baan-pakk-ipari-csomagolas4-390x270.jpg\" width=\"390\" height=\"270\" alt=\"baan-pakk-ipari-csomagolas4\" title=\"baan-pakk-ipari-csomagolas4\" loading=\"lazy\" \/>\t\t\t\t\t\t\t\t\t\t\t\t\t\t\t\t\n\t\t\t\t\t\t\t\t\t\t\t\t\t\t\t\t\t<\/a>\n\t\t\t\t\t\t\t\t\t\t\t\t\t\t\t<\/div>\n\t\t\t\t\t\t\t\t\t\t\t\t\t<div class=\"woodmart-gallery-item col-md-4 col-6\">\n\t\t\t\t\t\t\t\t\t\t\t\t\t\t\t\t\t<a href=\"https:\/\/baanpakk.hu\/wp-content\/uploads\/2020\/07\/baan-pakk-ipari-csomagolas5.jpg\" data-index=\"5\" data-width=\"1920\" data-height=\"1280\"  >\n\t\t\t\t\t\t\t\t\t\t\t\t\t\t\t\t\n\t\t\t\t\t\t\t\t\t\t\t\t\t\t\t\t\t<img decoding=\"async\" class=\"woodmart-gallery-image image-5 \" src=\"https:\/\/baanpakk.hu\/wp-content\/uploads\/2020\/07\/baan-pakk-ipari-csomagolas5-390x270.jpg\" width=\"390\" height=\"270\" alt=\"baan-pakk-ipari-csomagolas5\" title=\"baan-pakk-ipari-csomagolas5\" loading=\"lazy\" \/>\t\t\t\t\t\t\t\t\t\t\t\t\t\t\t\t\n\t\t\t\t\t\t\t\t\t\t\t\t\t\t\t\t\t<\/a>\n\t\t\t\t\t\t\t\t\t\t\t\t\t\t\t<\/div>\n\t\t\t\t\t\t\t\t\t\t\t\t\t<div class=\"woodmart-gallery-item col-md-4 col-6\">\n\t\t\t\t\t\t\t\t\t\t\t\t\t\t\t\t\t<a href=\"https:\/\/baanpakk.hu\/wp-content\/uploads\/2020\/07\/baan-pakk-ipari-csomagolas6.jpg\" data-index=\"6\" data-width=\"1920\" data-height=\"1280\"  >\n\t\t\t\t\t\t\t\t\t\t\t\t\t\t\t\t\n\t\t\t\t\t\t\t\t\t\t\t\t\t\t\t\t\t<img decoding=\"async\" class=\"woodmart-gallery-image image-6 \" src=\"https:\/\/baanpakk.hu\/wp-content\/uploads\/2020\/07\/baan-pakk-ipari-csomagolas6-390x270.jpg\" width=\"390\" height=\"270\" alt=\"baan-pakk-ipari-csomagolas6\" title=\"baan-pakk-ipari-csomagolas6\" loading=\"lazy\" \/>\t\t\t\t\t\t\t\t\t\t\t\t\t\t\t\t\n\t\t\t\t\t\t\t\t\t\t\t\t\t\t\t\t\t<\/a>\n\t\t\t\t\t\t\t\t\t\t\t\t\t\t\t<\/div>\n\t\t\t\t\t\t\t\t\t\t\t\t\t\t\t<\/div>\n\t\t\t<\/div>\n\t\t\t\t\t[vc_empty_space height=&#8220;1px&#8220; woodmart_hide_large=&#8220;0&#8243; woodmart_hide_medium=&#8220;0&#8243; woodmart_hide_small=&#8220;0&#8243; woodmart_hide_extra_small=&#8220;1&#8243; css=&#8220;.vc_custom_1582040633122{margin-bottom: -16vh !important;}&#8220;][\/vc_column][\/vc_row][vc_row full_width=&#8220;stretch_row&#8220; css=&#8220;.vc_custom_1594370008394{margin-top: 3vh !important;margin-bottom: 8vh !important;}&#8220; mobile_bg_img_hidden=&#8220;no&#8220; tablet_bg_img_hidden=&#8220;no&#8220; woodmart_parallax=&#8220;0&#8243; woodmart_gradient_switch=&#8220;no&#8220; row_reverse_mobile=&#8220;0&#8243; row_reverse_tablet=&#8220;0&#8243; woodmart_disable_overflow=&#8220;0&#8243;][vc_column offset=&#8220;vc_col-lg-offset-2 vc_col-lg-8 vc_col-md-offset-2 vc_col-md-8 vc_col-sm-offset-0&#8243; css=&#8220;.vc_custom_1594364720335{padding-top: 0px !important;}&#8220; mobile_bg_img_hidden=&#8220;no&#8220; tablet_bg_img_hidden=&#8220;no&#8220; woodmart_parallax=&#8220;0&#8243; woodmart_sticky_column=&#8220;false&#8220; parallax_scroll=&#8220;no&#8220; mobile_reset_margin=&#8220;no&#8220; tablet_reset_margin=&#8220;no&#8220;][vc_empty_space woodmart_hide_large=&#8220;0&#8243; woodmart_hide_medium=&#8220;0&#8243; woodmart_hide_small=&#8220;0&#8243; woodmart_hide_extra_small=&#8220;0&#8243;]\t\n\t\t\t<div id=\"wd-5f9ad05d12d55\" class=\"woodmart-text-block-wrapper color-scheme-custom woodmart-title-size-custom woodmart-title-width-100 text-center vc_custom_1603981449094\">\n\t\t\t\t<div class=\"woodmart-title-container woodmart-text-block font-primary woodmart-font-weight-700\">\n\t\t\t\t\t\u010cI JE TEPLO, \u010cI JE ZIMA\t\t\t\t<\/div>\n\t\t\t\t\t\n\t\t\t<\/div>\n\t\t\t\n\t\t\t<div id=\"wd-5f9ad08c7fa3b\" class=\"woodmart-text-block-wrapper color-scheme-custom woodmart-title-size-custom woodmart-title-width-100 text-center vc_custom_1603981465476\">\n\t\t\t\t<div class=\"woodmart-title-container woodmart-text-block font-primary woodmart-font-weight-500\">\n\t\t\t\t\tTechnologick\u00e9 procesy\t\t\t\t<\/div>\n\t\t\t\t\t\n\t\t\t<\/div>\n\t\t[vc_row_inner][vc_column_inner css=&#8220;.vc_custom_1494857398526{padding-top: 0px !important;}&#8220;][vc_column_text css=&#8220;.vc_custom_1603981482859{margin-bottom: 20px !important;}&#8220; text_larger=&#8220;no&#8220;]\u0160peci\u00e1lny baliaci materi\u00e1l vyr\u00e1bame aj pre mno\u017estvo oblast\u00ed, kde typ prepravovan\u00e9ho tovaru alebo pr\u00e1vne predpisy cie\u013eovej krajiny vy\u017eaduj\u00fa, aby pou\u017eit\u00e9 materi\u00e1ly pre\u0161li procesom tepeln\u00e9ho alebo chemick\u00e9ho opracovania.<\/p>\n<p><strong>Pre obe oblasti m\u00e1me dostato\u010dn\u00e9 technologick\u00e9 z\u00e1zemie pre obsl\u00fa\u017eenie objedn\u00e1vok ve\u013ek\u00e9ho rozsahu.<\/strong><\/p>\n<p>Popri na\u0161ich sk\u00fasenostiach pri \u0161peci\u00e1lnom opracovan\u00ed drevenej hmoty klientom pom\u00e1hame aj administr\u00e1ciou procesov a\u00a0tie\u017e sledovan\u00edm \u010fal\u0161\u00edch protokol\u00e1rnych predpisov.[\/vc_column_text][\/vc_column_inner][\/vc_row_inner][vc_empty_space woodmart_hide_large=&#8220;0&#8243; woodmart_hide_medium=&#8220;0&#8243; woodmart_hide_small=&#8220;0&#8243; woodmart_hide_extra_small=&#8220;0&#8243;]\n\t\t<div id=\"wd-5f9ad0add9f8a\" class=\"title-wrapper  woodmart-title-color-default woodmart-title-style-default woodmart-title-width-100 text-left woodmart-title-size-default \">\n\t\t\t\n\t\t\t<div class=\"liner-continer\">\n\t\t\t\t<span class=\"left-line\"><\/span>\n\t\t\t\t<h4 class=\"woodmart-title-container title  woodmart-font-weight-\" >Technologick\u00e9 procesy tepeln\u00e9ho opracovania<\/h4>\t\t\t\t\t\t\t\t<span class=\"right-line\"><\/span>\n\t\t\t<\/div>\n\t\t\t\n\t\t\t\n\t\t\t\t\t<\/div>\n\t\t\n\t\t\n\t\t<div class=\"woodmart-list color-scheme- woodmart-text-size-default woodmart-list-type-image woodmart-list-style-default baan-list \" id=\"wd-5f9ad0b7d9d34\">\n\t\t\t<ul>\n\t\t\t\t\t\t\t\t\t\t\t\t\t\t<li>\n\t\t\t\t\t\t\t\t\t\t\t\t\t<div class=\"list-icon\">\n\t\t\t\t\t\t\t\t\t\t\t\t\t\t\t\t\t<img decoding=\"async\" class=\"list-image \" src=\"\" width=\"\" height=\"\" alt=\"baan-list\" title=\"baan-list\" loading=\"lazy\" \/>\t\t\t\t\t\t\t\t\t\t\t\t\t\t\t<\/div>\n\t\t\t\t\t\t\t\t\t\t\t\t<span class=\"list-content\">Tepeln\u00e9 opracovanie drevnej hmoty pod\u013ea normy ISPM 15 <\/span>\n\t\t\t\t\t<\/li>\n\t\t\t\t\t\t\t\t\t\t\t\t\t\t<li>\n\t\t\t\t\t\t\t\t\t\t\t\t\t<div class=\"list-icon\">\n\t\t\t\t\t\t\t\t\t\t\t\t\t\t\t\t\t<img decoding=\"async\" class=\"list-image \" src=\"\" width=\"\" height=\"\" alt=\"baan-list\" title=\"baan-list\" loading=\"lazy\" \/>\t\t\t\t\t\t\t\t\t\t\t\t\t\t\t<\/div>\n\t\t\t\t\t\t\t\t\t\t\t\t<span class=\"list-content\">Chemick\u00e1 impregn\u00e1cia (CPI)<\/span>\n\t\t\t\t\t<\/li>\n\t\t\t\t\t\t\t<\/ul>\n\t\t\t\t\t<\/div>\n\t\t\n\t\t[\/vc_column][\/vc_row][vc_row full_width=&#8220;stretch_row_content&#8220; mobile_bg_img_hidden=&#8220;no&#8220; tablet_bg_img_hidden=&#8220;no&#8220; woodmart_parallax=&#8220;0&#8243; woodmart_gradient_switch=&#8220;no&#8220; row_reverse_mobile=&#8220;0&#8243; row_reverse_tablet=&#8220;0&#8243; woodmart_disable_overflow=&#8220;0&#8243; css=&#8220;.vc_custom_1594382217202{margin-top: 0px !important;}&#8220;][vc_column scroll_x=&#8220;0&#8243; scroll_y=&#8220;-40&#8243; scroll_z=&#8220;0&#8243; css=&#8220;.vc_custom_1594388808392{margin-top: 0px !important;padding-top: 30px !important;}&#8220; mobile_bg_img_hidden=&#8220;no&#8220; tablet_bg_img_hidden=&#8220;no&#8220; woodmart_parallax=&#8220;0&#8243; woodmart_sticky_column=&#8220;false&#8220; parallax_scroll=&#8220;yes&#8220; mobile_reset_margin=&#8220;no&#8220; tablet_reset_margin=&#8220;no&#8220;]\t\t\t<div id=\"gallery_806\" class=\"woodmart-images-gallery img-border view-grid photoswipe-images\" >\n\t\t\t\t<div class=\"gallery-images row woodmart-spacing-10\">\n\t\t\t\t\t\t\t\t\t\t\t\t\t\t\t\t\t\t<div class=\"woodmart-gallery-item col-lg-20_0 col-md-3 col-sm-4 col-6\">\n\t\t\t\t\t\t\t\t\t\t\t\t\t\t\t\t\t<a href=\"https:\/\/baanpakk.hu\/wp-content\/uploads\/2020\/07\/baan-csomagolastechnika-1.jpg\" data-index=\"1\" data-width=\"1920\" data-height=\"1280\"  >\n\t\t\t\t\t\t\t\t\t\t\t\t\t\t\t\t\n\t\t\t\t\t\t\t\t\t\t\t\t\t\t\t\t\t<img decoding=\"async\" class=\"woodmart-gallery-image image-1 \" src=\"https:\/\/baanpakk.hu\/wp-content\/uploads\/2020\/07\/baan-csomagolastechnika-1-390x270.jpg\" width=\"390\" height=\"270\" alt=\"baan-csomagolastechnika-1\" title=\"baan-csomagolastechnika-1\" loading=\"lazy\" \/>\t\t\t\t\t\t\t\t\t\t\t\t\t\t\t\t\n\t\t\t\t\t\t\t\t\t\t\t\t\t\t\t\t\t<\/a>\n\t\t\t\t\t\t\t\t\t\t\t\t\t\t\t<\/div>\n\t\t\t\t\t\t\t\t\t\t\t\t\t<div class=\"woodmart-gallery-item col-lg-20_0 col-md-3 col-sm-4 col-6\">\n\t\t\t\t\t\t\t\t\t\t\t\t\t\t\t\t\t<a href=\"https:\/\/baanpakk.hu\/wp-content\/uploads\/2020\/07\/baan-csomagolastechnika-2.jpg\" data-index=\"2\" data-width=\"1920\" data-height=\"1280\"  >\n\t\t\t\t\t\t\t\t\t\t\t\t\t\t\t\t\n\t\t\t\t\t\t\t\t\t\t\t\t\t\t\t\t\t<img decoding=\"async\" class=\"woodmart-gallery-image image-2 \" src=\"https:\/\/baanpakk.hu\/wp-content\/uploads\/2020\/07\/baan-csomagolastechnika-2-390x270.jpg\" width=\"390\" height=\"270\" alt=\"baan-csomagolastechnika-2\" title=\"baan-csomagolastechnika-2\" loading=\"lazy\" \/>\t\t\t\t\t\t\t\t\t\t\t\t\t\t\t\t\n\t\t\t\t\t\t\t\t\t\t\t\t\t\t\t\t\t<\/a>\n\t\t\t\t\t\t\t\t\t\t\t\t\t\t\t<\/div>\n\t\t\t\t\t\t\t\t\t\t\t\t\t<div class=\"woodmart-gallery-item col-lg-20_0 col-md-3 col-sm-4 col-6\">\n\t\t\t\t\t\t\t\t\t\t\t\t\t\t\t\t\t<a href=\"https:\/\/baanpakk.hu\/wp-content\/uploads\/2020\/07\/baan-csomagolastechnika-3.jpg\" data-index=\"3\" data-width=\"1920\" data-height=\"1280\"  >\n\t\t\t\t\t\t\t\t\t\t\t\t\t\t\t\t\n\t\t\t\t\t\t\t\t\t\t\t\t\t\t\t\t\t<img decoding=\"async\" class=\"woodmart-gallery-image image-3 \" src=\"https:\/\/baanpakk.hu\/wp-content\/uploads\/2020\/07\/baan-csomagolastechnika-3-390x270.jpg\" width=\"390\" height=\"270\" alt=\"baan-csomagolastechnika-3\" title=\"baan-csomagolastechnika-3\" loading=\"lazy\" \/>\t\t\t\t\t\t\t\t\t\t\t\t\t\t\t\t\n\t\t\t\t\t\t\t\t\t\t\t\t\t\t\t\t\t<\/a>\n\t\t\t\t\t\t\t\t\t\t\t\t\t\t\t<\/div>\n\t\t\t\t\t\t\t\t\t\t\t\t\t<div class=\"woodmart-gallery-item col-lg-20_0 col-md-3 col-sm-4 col-6\">\n\t\t\t\t\t\t\t\t\t\t\t\t\t\t\t\t\t<a href=\"https:\/\/baanpakk.hu\/wp-content\/uploads\/2020\/07\/baan-csomagolastechnika-4.jpg\" data-index=\"4\" data-width=\"1920\" data-height=\"1280\"  >\n\t\t\t\t\t\t\t\t\t\t\t\t\t\t\t\t\n\t\t\t\t\t\t\t\t\t\t\t\t\t\t\t\t\t<img decoding=\"async\" class=\"woodmart-gallery-image image-4 \" src=\"https:\/\/baanpakk.hu\/wp-content\/uploads\/2020\/07\/baan-csomagolastechnika-4-390x270.jpg\" width=\"390\" height=\"270\" alt=\"baan-csomagolastechnika-4\" title=\"baan-csomagolastechnika-4\" loading=\"lazy\" \/>\t\t\t\t\t\t\t\t\t\t\t\t\t\t\t\t\n\t\t\t\t\t\t\t\t\t\t\t\t\t\t\t\t\t<\/a>\n\t\t\t\t\t\t\t\t\t\t\t\t\t\t\t<\/div>\n\t\t\t\t\t\t\t\t\t\t\t\t\t<div class=\"woodmart-gallery-item col-lg-20_0 col-md-3 col-sm-4 col-6\">\n\t\t\t\t\t\t\t\t\t\t\t\t\t\t\t\t\t<a href=\"https:\/\/baanpakk.hu\/wp-content\/uploads\/2020\/07\/baan-csomagolastechnika-5.jpg\" data-index=\"5\" data-width=\"1920\" data-height=\"1280\"  >\n\t\t\t\t\t\t\t\t\t\t\t\t\t\t\t\t\n\t\t\t\t\t\t\t\t\t\t\t\t\t\t\t\t\t<img decoding=\"async\" class=\"woodmart-gallery-image image-5 \" src=\"https:\/\/baanpakk.hu\/wp-content\/uploads\/2020\/07\/baan-csomagolastechnika-5-390x270.jpg\" width=\"390\" height=\"270\" alt=\"baan-csomagolastechnika-5\" title=\"baan-csomagolastechnika-5\" loading=\"lazy\" \/>\t\t\t\t\t\t\t\t\t\t\t\t\t\t\t\t\n\t\t\t\t\t\t\t\t\t\t\t\t\t\t\t\t\t<\/a>\n\t\t\t\t\t\t\t\t\t\t\t\t\t\t\t<\/div>\n\t\t\t\t\t\t\t\t\t\t\t\t\t\t\t<\/div>\n\t\t\t<\/div>\n\t\t\t\t\t[\/vc_column][\/vc_row]<\/p>\n<\/div>","protected":false},"excerpt":{"rendered":"<p>[vc_row full_width=&#8220;stretch_row&#8220; content_placement=&#8220;bottom&#8220; css=&#8220;.vc_custom_1594369723998{margin-bottom: 15vh !important;padding-top: 8vh !important;padding-bottom: 4vh !important;background-image: url(https:\/\/baanpakk.hu\/wp-content\/uploads\/2020\/07\/gyartastechnologia-header-bg-1.jpg?id=1779) !important;background-position: center !important;background-repeat: no-repeat !important;background-size: cover !important;}&#8220; mobile_bg_img_hidden=&#8220;no&#8220; tablet_bg_img_hidden=&#8220;no&#8220;<\/p>\n","protected":false},"author":2,"featured_media":0,"parent":0,"menu_order":0,"comment_status":"closed","ping_status":"closed","template":"","meta":{"footnotes":""},"class_list":["post-2196","page","type-page","status-publish","hentry"],"yoast_head":"<!-- This site is optimized with the Yoast SEO plugin v26.7 - https:\/\/yoast.com\/wordpress\/plugins\/seo\/ -->\n<title>V\u00fdrobn\u00e1 technol\u00f3gia - BA\u00c1N PAKK - Professzion\u00e1lis ipari csomagol\u00e1s<\/title>\n<meta name=\"robots\" content=\"index, follow, max-snippet:-1, max-image-preview:large, max-video-preview:-1\" \/>\n<link rel=\"canonical\" href=\"https:\/\/baanpakk.hu\/sk\/vyrobna-technologia\/\" \/>\n<meta property=\"og:locale\" content=\"sk_SK\" \/>\n<meta property=\"og:type\" content=\"article\" \/>\n<meta property=\"og:title\" content=\"V\u00fdrobn\u00e1 technol\u00f3gia - BA\u00c1N PAKK - Professzion\u00e1lis ipari csomagol\u00e1s\" \/>\n<meta property=\"og:description\" content=\"[vc_row full_width=&#8220;stretch_row&#8220; content_placement=&#8220;bottom&#8220; css=&#8220;.vc_custom_1594369723998{margin-bottom: 15vh !important;padding-top: 8vh !important;padding-bottom: 4vh !important;background-image: url(https:\/\/baanpakk.hu\/wp-content\/uploads\/2020\/07\/gyartastechnologia-header-bg-1.jpg?id=1779) !important;background-position: center !important;background-repeat: no-repeat !important;background-size: cover !important;}&#8220; mobile_bg_img_hidden=&#8220;no&#8220; tablet_bg_img_hidden=&#8220;no&#8220;\" \/>\n<meta property=\"og:url\" content=\"https:\/\/baanpakk.hu\/sk\/vyrobna-technologia\/\" \/>\n<meta property=\"og:site_name\" content=\"BA\u00c1N PAKK - Professzion\u00e1lis ipari csomagol\u00e1s\" \/>\n<meta property=\"article:modified_time\" content=\"2020-10-29T15:06:21+00:00\" \/>\n<meta name=\"twitter:card\" content=\"summary_large_image\" \/>\n<meta name=\"twitter:label1\" content=\"Predpokladan\u00fd \u010das \u010d\u00edtania\" \/>\n\t<meta name=\"twitter:data1\" content=\"6 min\u00fat\" \/>\n<script type=\"application\/ld+json\" class=\"yoast-schema-graph\">{\"@context\":\"https:\/\/schema.org\",\"@graph\":[{\"@type\":\"WebPage\",\"@id\":\"https:\/\/baanpakk.hu\/sk\/vyrobna-technologia\/\",\"url\":\"https:\/\/baanpakk.hu\/sk\/vyrobna-technologia\/\",\"name\":\"V\u00fdrobn\u00e1 technol\u00f3gia - BA\u00c1N PAKK - Professzion\u00e1lis ipari csomagol\u00e1s\",\"isPartOf\":{\"@id\":\"https:\/\/baanpakk.hu\/sk\/#website\"},\"datePublished\":\"2020-10-29T14:26:09+00:00\",\"dateModified\":\"2020-10-29T15:06:21+00:00\",\"breadcrumb\":{\"@id\":\"https:\/\/baanpakk.hu\/sk\/vyrobna-technologia\/#breadcrumb\"},\"inLanguage\":\"sk-SK\",\"potentialAction\":[{\"@type\":\"ReadAction\",\"target\":[\"https:\/\/baanpakk.hu\/sk\/vyrobna-technologia\/\"]}]},{\"@type\":\"BreadcrumbList\",\"@id\":\"https:\/\/baanpakk.hu\/sk\/vyrobna-technologia\/#breadcrumb\",\"itemListElement\":[{\"@type\":\"ListItem\",\"position\":1,\"name\":\"Kezd\u0151lap\",\"item\":\"https:\/\/baanpakk.hu\/sk\/\"},{\"@type\":\"ListItem\",\"position\":2,\"name\":\"V\u00fdrobn\u00e1 technol\u00f3gia\"}]},{\"@type\":\"WebSite\",\"@id\":\"https:\/\/baanpakk.hu\/sk\/#website\",\"url\":\"https:\/\/baanpakk.hu\/sk\/\",\"name\":\"BA\u00c1N PAKK - Professzion\u00e1lis ipari csomagol\u00e1s\",\"description\":\"\",\"potentialAction\":[{\"@type\":\"SearchAction\",\"target\":{\"@type\":\"EntryPoint\",\"urlTemplate\":\"https:\/\/baanpakk.hu\/sk\/?s={search_term_string}\"},\"query-input\":{\"@type\":\"PropertyValueSpecification\",\"valueRequired\":true,\"valueName\":\"search_term_string\"}}],\"inLanguage\":\"sk-SK\"}]}<\/script>\n<!-- \/ Yoast SEO plugin. -->","yoast_head_json":{"title":"V\u00fdrobn\u00e1 technol\u00f3gia - BA\u00c1N PAKK - Professzion\u00e1lis ipari csomagol\u00e1s","robots":{"index":"index","follow":"follow","max-snippet":"max-snippet:-1","max-image-preview":"max-image-preview:large","max-video-preview":"max-video-preview:-1"},"canonical":"https:\/\/baanpakk.hu\/sk\/vyrobna-technologia\/","og_locale":"sk_SK","og_type":"article","og_title":"V\u00fdrobn\u00e1 technol\u00f3gia - BA\u00c1N PAKK - Professzion\u00e1lis ipari csomagol\u00e1s","og_description":"[vc_row full_width=&#8220;stretch_row&#8220; content_placement=&#8220;bottom&#8220; css=&#8220;.vc_custom_1594369723998{margin-bottom: 15vh !important;padding-top: 8vh !important;padding-bottom: 4vh !important;background-image: url(https:\/\/baanpakk.hu\/wp-content\/uploads\/2020\/07\/gyartastechnologia-header-bg-1.jpg?id=1779) !important;background-position: center !important;background-repeat: no-repeat !important;background-size: cover !important;}&#8220; mobile_bg_img_hidden=&#8220;no&#8220; tablet_bg_img_hidden=&#8220;no&#8220;","og_url":"https:\/\/baanpakk.hu\/sk\/vyrobna-technologia\/","og_site_name":"BA\u00c1N PAKK - Professzion\u00e1lis ipari csomagol\u00e1s","article_modified_time":"2020-10-29T15:06:21+00:00","twitter_card":"summary_large_image","twitter_misc":{"Predpokladan\u00fd \u010das \u010d\u00edtania":"6 min\u00fat"},"schema":{"@context":"https:\/\/schema.org","@graph":[{"@type":"WebPage","@id":"https:\/\/baanpakk.hu\/sk\/vyrobna-technologia\/","url":"https:\/\/baanpakk.hu\/sk\/vyrobna-technologia\/","name":"V\u00fdrobn\u00e1 technol\u00f3gia - BA\u00c1N PAKK - Professzion\u00e1lis ipari csomagol\u00e1s","isPartOf":{"@id":"https:\/\/baanpakk.hu\/sk\/#website"},"datePublished":"2020-10-29T14:26:09+00:00","dateModified":"2020-10-29T15:06:21+00:00","breadcrumb":{"@id":"https:\/\/baanpakk.hu\/sk\/vyrobna-technologia\/#breadcrumb"},"inLanguage":"sk-SK","potentialAction":[{"@type":"ReadAction","target":["https:\/\/baanpakk.hu\/sk\/vyrobna-technologia\/"]}]},{"@type":"BreadcrumbList","@id":"https:\/\/baanpakk.hu\/sk\/vyrobna-technologia\/#breadcrumb","itemListElement":[{"@type":"ListItem","position":1,"name":"Kezd\u0151lap","item":"https:\/\/baanpakk.hu\/sk\/"},{"@type":"ListItem","position":2,"name":"V\u00fdrobn\u00e1 technol\u00f3gia"}]},{"@type":"WebSite","@id":"https:\/\/baanpakk.hu\/sk\/#website","url":"https:\/\/baanpakk.hu\/sk\/","name":"BA\u00c1N PAKK - Professzion\u00e1lis ipari csomagol\u00e1s","description":"","potentialAction":[{"@type":"SearchAction","target":{"@type":"EntryPoint","urlTemplate":"https:\/\/baanpakk.hu\/sk\/?s={search_term_string}"},"query-input":{"@type":"PropertyValueSpecification","valueRequired":true,"valueName":"search_term_string"}}],"inLanguage":"sk-SK"}]}},"_links":{"self":[{"href":"https:\/\/baanpakk.hu\/sk\/wp-json\/wp\/v2\/pages\/2196","targetHints":{"allow":["GET"]}}],"collection":[{"href":"https:\/\/baanpakk.hu\/sk\/wp-json\/wp\/v2\/pages"}],"about":[{"href":"https:\/\/baanpakk.hu\/sk\/wp-json\/wp\/v2\/types\/page"}],"author":[{"embeddable":true,"href":"https:\/\/baanpakk.hu\/sk\/wp-json\/wp\/v2\/users\/2"}],"replies":[{"embeddable":true,"href":"https:\/\/baanpakk.hu\/sk\/wp-json\/wp\/v2\/comments?post=2196"}],"version-history":[{"count":5,"href":"https:\/\/baanpakk.hu\/sk\/wp-json\/wp\/v2\/pages\/2196\/revisions"}],"predecessor-version":[{"id":2238,"href":"https:\/\/baanpakk.hu\/sk\/wp-json\/wp\/v2\/pages\/2196\/revisions\/2238"}],"wp:attachment":[{"href":"https:\/\/baanpakk.hu\/sk\/wp-json\/wp\/v2\/media?parent=2196"}],"curies":[{"name":"wp","href":"https:\/\/api.w.org\/{rel}","templated":true}]}}