{"id":2239,"date":"2020-10-29T14:59:03","date_gmt":"2020-10-29T14:59:03","guid":{"rendered":"https:\/\/baanpakk.hu\/?page_id=2239"},"modified":"2020-10-29T14:59:03","modified_gmt":"2020-10-29T14:59:03","slug":"404-2","status":"publish","type":"page","link":"https:\/\/baanpakk.hu\/sk\/404-2\/","title":{"rendered":"404"},"content":{"rendered":"<div class=\"wpb-content-wrapper\"><p>[vc_row content_placement=&#8220;middle&#8220; row_reverse_mobile=&#8220;1&#8243; css=&#8220;.vc_custom_1596528638228{padding-top: 20% !important;}&#8220; mobile_bg_img_hidden=&#8220;no&#8220; tablet_bg_img_hidden=&#8220;no&#8220; woodmart_parallax=&#8220;0&#8243; woodmart_gradient_switch=&#8220;no&#8220; row_reverse_tablet=&#8220;0&#8243; woodmart_disable_overflow=&#8220;0&#8243;][vc_column woodmart_bg_position=&#8220;center-center&#8220; woodmart_text_align=&#8220;center&#8220; css=&#8220;.vc_custom_1525787650089{padding-top: 4vh !important;padding-bottom: 4vh !important;background-position: 0 0 !important;background-repeat: no-repeat !important;}&#8220;]\t\n\t\t\t<div id=\"wd-5f9ad89bae97f\" class=\"woodmart-text-block-wrapper color-scheme-custom woodmart-title-size-custom woodmart-title-width-100 text-center vc_custom_1603983534122\">\n\t\t\t\t<div class=\"woodmart-title-container woodmart-text-block font-primary woodmart-font-weight-700\">\n\t\t\t\t\tStr\u00e1nka, ktor\u00fa ste h\u013eadali, sa nena\u0161la!\t\t\t\t<\/div>\n\t\t\t\t\t\n\t\t\t<\/div>\n\t\t[\/vc_column][\/vc_row]<\/p>\n<\/div>","protected":false},"excerpt":{"rendered":"<p>[vc_row content_placement=&#8220;middle&#8220; row_reverse_mobile=&#8220;1&#8243; css=&#8220;.vc_custom_1596528638228{padding-top: 20% !important;}&#8220; mobile_bg_img_hidden=&#8220;no&#8220; tablet_bg_img_hidden=&#8220;no&#8220; woodmart_parallax=&#8220;0&#8243; woodmart_gradient_switch=&#8220;no&#8220; row_reverse_tablet=&#8220;0&#8243; woodmart_disable_overflow=&#8220;0&#8243;][vc_column woodmart_bg_position=&#8220;center-center&#8220; woodmart_text_align=&#8220;center&#8220; css=&#8220;.vc_custom_1525787650089{padding-top: 4vh !important;padding-bottom: 4vh !important;background-position: 0<\/p>\n","protected":false},"author":2,"featured_media":0,"parent":0,"menu_order":0,"comment_status":"closed","ping_status":"closed","template":"","meta":{"footnotes":""},"class_list":["post-2239","page","type-page","status-publish","hentry"],"yoast_head":"<!-- This site is optimized with the Yoast SEO plugin v26.7 - https:\/\/yoast.com\/wordpress\/plugins\/seo\/ -->\n<title>404 - BA\u00c1N PAKK - Professzion\u00e1lis ipari csomagol\u00e1s<\/title>\n<meta name=\"robots\" content=\"index, follow, max-snippet:-1, max-image-preview:large, max-video-preview:-1\" \/>\n<link rel=\"canonical\" href=\"https:\/\/baanpakk.hu\/sk\/404-2\/\" \/>\n<meta property=\"og:locale\" content=\"sk_SK\" \/>\n<meta property=\"og:type\" content=\"article\" \/>\n<meta property=\"og:title\" content=\"404 - BA\u00c1N PAKK - Professzion\u00e1lis ipari csomagol\u00e1s\" \/>\n<meta property=\"og:description\" content=\"[vc_row content_placement=&#8220;middle&#8220; row_reverse_mobile=&#8220;1&#8243; css=&#8220;.vc_custom_1596528638228{padding-top: 20% !important;}&#8220; mobile_bg_img_hidden=&#8220;no&#8220; tablet_bg_img_hidden=&#8220;no&#8220; woodmart_parallax=&#8220;0&#8243; woodmart_gradient_switch=&#8220;no&#8220; row_reverse_tablet=&#8220;0&#8243; woodmart_disable_overflow=&#8220;0&#8243;][vc_column woodmart_bg_position=&#8220;center-center&#8220; woodmart_text_align=&#8220;center&#8220; css=&#8220;.vc_custom_1525787650089{padding-top: 4vh !important;padding-bottom: 4vh !important;background-position: 0\" \/>\n<meta property=\"og:url\" content=\"https:\/\/baanpakk.hu\/sk\/404-2\/\" \/>\n<meta property=\"og:site_name\" content=\"BA\u00c1N PAKK - Professzion\u00e1lis ipari csomagol\u00e1s\" \/>\n<meta name=\"twitter:card\" content=\"summary_large_image\" \/>\n<meta name=\"twitter:label1\" content=\"Predpokladan\u00fd \u010das \u010d\u00edtania\" \/>\n\t<meta name=\"twitter:data1\" content=\"1 min\u00fata\" \/>\n<script type=\"application\/ld+json\" class=\"yoast-schema-graph\">{\"@context\":\"https:\/\/schema.org\",\"@graph\":[{\"@type\":\"WebPage\",\"@id\":\"https:\/\/baanpakk.hu\/sk\/404-2\/\",\"url\":\"https:\/\/baanpakk.hu\/sk\/404-2\/\",\"name\":\"404 - BA\u00c1N PAKK - Professzion\u00e1lis ipari csomagol\u00e1s\",\"isPartOf\":{\"@id\":\"https:\/\/baanpakk.hu\/sk\/#website\"},\"datePublished\":\"2020-10-29T14:59:03+00:00\",\"breadcrumb\":{\"@id\":\"https:\/\/baanpakk.hu\/sk\/404-2\/#breadcrumb\"},\"inLanguage\":\"sk-SK\",\"potentialAction\":[{\"@type\":\"ReadAction\",\"target\":[\"https:\/\/baanpakk.hu\/sk\/404-2\/\"]}]},{\"@type\":\"BreadcrumbList\",\"@id\":\"https:\/\/baanpakk.hu\/sk\/404-2\/#breadcrumb\",\"itemListElement\":[{\"@type\":\"ListItem\",\"position\":1,\"name\":\"Kezd\u0151lap\",\"item\":\"https:\/\/baanpakk.hu\/sk\/\"},{\"@type\":\"ListItem\",\"position\":2,\"name\":\"404\"}]},{\"@type\":\"WebSite\",\"@id\":\"https:\/\/baanpakk.hu\/sk\/#website\",\"url\":\"https:\/\/baanpakk.hu\/sk\/\",\"name\":\"BA\u00c1N PAKK - Professzion\u00e1lis ipari csomagol\u00e1s\",\"description\":\"\",\"potentialAction\":[{\"@type\":\"SearchAction\",\"target\":{\"@type\":\"EntryPoint\",\"urlTemplate\":\"https:\/\/baanpakk.hu\/sk\/?s={search_term_string}\"},\"query-input\":{\"@type\":\"PropertyValueSpecification\",\"valueRequired\":true,\"valueName\":\"search_term_string\"}}],\"inLanguage\":\"sk-SK\"}]}<\/script>\n<!-- \/ Yoast SEO plugin. -->","yoast_head_json":{"title":"404 - BA\u00c1N PAKK - Professzion\u00e1lis ipari csomagol\u00e1s","robots":{"index":"index","follow":"follow","max-snippet":"max-snippet:-1","max-image-preview":"max-image-preview:large","max-video-preview":"max-video-preview:-1"},"canonical":"https:\/\/baanpakk.hu\/sk\/404-2\/","og_locale":"sk_SK","og_type":"article","og_title":"404 - BA\u00c1N PAKK - Professzion\u00e1lis ipari csomagol\u00e1s","og_description":"[vc_row content_placement=&#8220;middle&#8220; row_reverse_mobile=&#8220;1&#8243; css=&#8220;.vc_custom_1596528638228{padding-top: 20% !important;}&#8220; mobile_bg_img_hidden=&#8220;no&#8220; tablet_bg_img_hidden=&#8220;no&#8220; woodmart_parallax=&#8220;0&#8243; woodmart_gradient_switch=&#8220;no&#8220; row_reverse_tablet=&#8220;0&#8243; woodmart_disable_overflow=&#8220;0&#8243;][vc_column woodmart_bg_position=&#8220;center-center&#8220; woodmart_text_align=&#8220;center&#8220; css=&#8220;.vc_custom_1525787650089{padding-top: 4vh !important;padding-bottom: 4vh !important;background-position: 0","og_url":"https:\/\/baanpakk.hu\/sk\/404-2\/","og_site_name":"BA\u00c1N PAKK - Professzion\u00e1lis ipari csomagol\u00e1s","twitter_card":"summary_large_image","twitter_misc":{"Predpokladan\u00fd \u010das \u010d\u00edtania":"1 min\u00fata"},"schema":{"@context":"https:\/\/schema.org","@graph":[{"@type":"WebPage","@id":"https:\/\/baanpakk.hu\/sk\/404-2\/","url":"https:\/\/baanpakk.hu\/sk\/404-2\/","name":"404 - BA\u00c1N PAKK - Professzion\u00e1lis ipari csomagol\u00e1s","isPartOf":{"@id":"https:\/\/baanpakk.hu\/sk\/#website"},"datePublished":"2020-10-29T14:59:03+00:00","breadcrumb":{"@id":"https:\/\/baanpakk.hu\/sk\/404-2\/#breadcrumb"},"inLanguage":"sk-SK","potentialAction":[{"@type":"ReadAction","target":["https:\/\/baanpakk.hu\/sk\/404-2\/"]}]},{"@type":"BreadcrumbList","@id":"https:\/\/baanpakk.hu\/sk\/404-2\/#breadcrumb","itemListElement":[{"@type":"ListItem","position":1,"name":"Kezd\u0151lap","item":"https:\/\/baanpakk.hu\/sk\/"},{"@type":"ListItem","position":2,"name":"404"}]},{"@type":"WebSite","@id":"https:\/\/baanpakk.hu\/sk\/#website","url":"https:\/\/baanpakk.hu\/sk\/","name":"BA\u00c1N PAKK - Professzion\u00e1lis ipari csomagol\u00e1s","description":"","potentialAction":[{"@type":"SearchAction","target":{"@type":"EntryPoint","urlTemplate":"https:\/\/baanpakk.hu\/sk\/?s={search_term_string}"},"query-input":{"@type":"PropertyValueSpecification","valueRequired":true,"valueName":"search_term_string"}}],"inLanguage":"sk-SK"}]}},"_links":{"self":[{"href":"https:\/\/baanpakk.hu\/sk\/wp-json\/wp\/v2\/pages\/2239","targetHints":{"allow":["GET"]}}],"collection":[{"href":"https:\/\/baanpakk.hu\/sk\/wp-json\/wp\/v2\/pages"}],"about":[{"href":"https:\/\/baanpakk.hu\/sk\/wp-json\/wp\/v2\/types\/page"}],"author":[{"embeddable":true,"href":"https:\/\/baanpakk.hu\/sk\/wp-json\/wp\/v2\/users\/2"}],"replies":[{"embeddable":true,"href":"https:\/\/baanpakk.hu\/sk\/wp-json\/wp\/v2\/comments?post=2239"}],"version-history":[{"count":2,"href":"https:\/\/baanpakk.hu\/sk\/wp-json\/wp\/v2\/pages\/2239\/revisions"}],"predecessor-version":[{"id":2241,"href":"https:\/\/baanpakk.hu\/sk\/wp-json\/wp\/v2\/pages\/2239\/revisions\/2241"}],"wp:attachment":[{"href":"https:\/\/baanpakk.hu\/sk\/wp-json\/wp\/v2\/media?parent=2239"}],"curies":[{"name":"wp","href":"https:\/\/api.w.org\/{rel}","templated":true}]}}