{"id":2329,"date":"2020-07-10T13:19:43","date_gmt":"2020-07-10T13:19:43","guid":{"rendered":"https:\/\/baanpakk.hu\/zugesprochene-foerderungen\/"},"modified":"2020-11-12T09:05:26","modified_gmt":"2020-11-12T09:05:26","slug":"uspesne-projekty","status":"publish","type":"page","link":"https:\/\/baanpakk.hu\/sk\/uspesne-projekty\/","title":{"rendered":"\u00daspe\u0161n\u00e9 projekty"},"content":{"rendered":"<div class=\"wpb-content-wrapper\"><p>[vc_row][vc_column]\n\t\t<div id=\"wd-5facf9d2bccfe\" class=\"title-wrapper  woodmart-title-color-default woodmart-title-style-default woodmart-title-width-100 text-center woodmart-title-size-large \">\n\t\t\t\n\t\t\t<div class=\"liner-continer\">\n\t\t\t\t<span class=\"left-line\"><\/span>\n\t\t\t\t<h4 class=\"woodmart-title-container title  woodmart-font-weight-\" >GINOP-1.2.3-8-3-4-16-2017-00132 PROJEKT<\/h4>\t\t\t\t\t\t\t\t<span class=\"right-line\"><\/span>\n\t\t\t<\/div>\n\t\t\t\n\t\t\t\n\t\t\t\t\t<\/div>\n\t\t\n\t\t[vc_column_text text_larger=&#8220;no&#8220;]<strong><img loading=\"lazy\" decoding=\"async\" class=\"alignright wp-image-1819\" src=\"https:\/\/baanpakk.hu\/wp-content\/uploads\/2020\/07\/infoblokk_kedv_final_felso_cmyk_ESZA1-1-300x207.jpg\" alt=\"\" width=\"500\" height=\"345\" srcset=\"https:\/\/baanpakk.hu\/wp-content\/uploads\/2020\/07\/infoblokk_kedv_final_felso_cmyk_ESZA1-1-300x207.jpg 300w, https:\/\/baanpakk.hu\/wp-content\/uploads\/2020\/07\/infoblokk_kedv_final_felso_cmyk_ESZA1-1-1024x708.jpg 1024w, https:\/\/baanpakk.hu\/wp-content\/uploads\/2020\/07\/infoblokk_kedv_final_felso_cmyk_ESZA1-1-768x531.jpg 768w, https:\/\/baanpakk.hu\/wp-content\/uploads\/2020\/07\/infoblokk_kedv_final_felso_cmyk_ESZA1-1-600x415.jpg 600w, https:\/\/baanpakk.hu\/wp-content\/uploads\/2020\/07\/infoblokk_kedv_final_felso_cmyk_ESZA1-1.jpg 1453w\" sizes=\"auto, (max-width: 500px) 100vw, 500px\" \/><\/strong><\/p>\n<p><strong>Meno pr\u00edjemcu:<\/strong> BA\u00c1N Faipari, Kereskedelmi \u00e9s Szolg\u00e1ltat\u00f3 Bt.<br \/>\n<strong>N\u00e1zov projektu:<\/strong> Invest\u00edcia pre zvy\u0161ovanie kapacity v spolo\u010dnosti BA\u00c1N Faipari, Kereskedelmi \u00e9s Szolg\u00e1ltat\u00f3 Bet\u00e9ti T\u00e1rsas\u00e1g<br \/>\n<strong>V\u00fd\u0161ka dot\u00e1cie:<\/strong> 37 725 114 HUF<br \/>\n<strong>Miera dot\u00e1cie:<\/strong> 30 %<br \/>\n<strong>D\u00e1tum ukon\u010denia:<\/strong> 30. september 2019<br \/>\n<strong>Identifika\u010dn\u00e9 \u010d\u00edslo projektu:<\/strong> GINOP-1.2.3-8-3-4-16-2017-00132<\/p>\n<p><strong>Opis obsahu projektu:<\/strong><br \/>\n1 ks \u013eahko ovl\u00e1date\u013en\u00e9ho, robustn\u00e9ho multi zvisl\u00e9ho stroja Etalon na rezanie dosiek na mieru je vhodn\u00fd nie len na pou\u017e\u00edvanie pri opracovan\u00ed drevn\u00e9ho materi\u00e1lu, ale aj na rezanie plastov a hlin\u00edka. V r\u00e1mci rozvoja strojov\u00e9ho parku si podnikanie zaobstaralo aj 1 ks stola ERREBI RAPID M5 5 s osov\u00fdm NC riaden\u00edm na klincovanie paliet, ktor\u00fd zautomatizuje prec\u00edzne v\u00fdrobn\u00e9 pr\u00e1ce, ktor\u00e9 sa v s\u00fa\u010dasnosti u n\u00e1s nevykon\u00e1vaj\u00fa. Takto bud\u00fa nahraden\u00e9 aj \u010dinnosti vykon\u00e1van\u00e9 manu\u00e1lne. Realizova\u0165 prec\u00edzne v\u00fdrobn\u00e9 pr\u00e1ce doteraz Spolo\u010dnos\u0165 nebola schopn\u00e1.<\/p>\n<p>S\u00fa\u010das\u0165ou projektu bola aj v\u00fdstavba budovy na uskladnenie drevn\u00e9ho materi\u00e1lu v prev\u00e1dzke BA\u00c1N Bt. na adrese 9181 Kimle, Kossuth L. u. 99. popisn\u00e9 \u010d\u00edslo 029\/30, ako rozvoj s\u00fa\u010dasne funguj\u00faceho drevospracuj\u00faceho z\u00e1vodu. V r\u00e1mci invest\u00edcie sa realizovalo vykladanie z\u00e1mkovou dla\u017ebou haly s lepenkovou strechou s rozlohou 900 m2 a plochy pod skladom dreva s rozlohou 960 m2.<br \/>\nInfra\u0161trukt\u00fara a strojov\u00e1 kapacita z\u00edskan\u00e1 t\u00fdmto projektom poskytuje spolo\u010dnosti lep\u0161ie v\u00fdrobn\u00e9 z\u00e1zemie, pri\u010dom umo\u017e\u0148uje roz\u0161\u00edrenie okruhu \u010dinnost\u00ed a v\u00fdrobu produktov na e\u0161te vy\u0161\u0161ej \u00farovni spracovania, \u010do m\u00e1 za n\u00e1sledok zvy\u0161ovanie pridanej hodnoty. Spolo\u010dnos\u0165 sa zav\u00e4zuje, \u017ee po\u010das doby udr\u017eate\u013enosti zachov\u00e1 po\u010det zamestnancov, dokonca pl\u00e1nuje pr\u00edpadn\u00e9 zv\u00fd\u0161enie ich po\u010dtu.[\/vc_column_text][\/vc_column][\/vc_row][vc_row css=&#8220;.vc_custom_1594387517058{margin-top: 5vh !important;}&#8220; mobile_bg_img_hidden=&#8220;no&#8220; tablet_bg_img_hidden=&#8220;no&#8220; woodmart_parallax=&#8220;0&#8243; woodmart_gradient_switch=&#8220;no&#8220; row_reverse_mobile=&#8220;0&#8243; row_reverse_tablet=&#8220;0&#8243; woodmart_disable_overflow=&#8220;0&#8243;][vc_column]\n\t\t<div id=\"wd-5facfa04d8f5a\" class=\"title-wrapper  woodmart-title-color-default woodmart-title-style-default woodmart-title-width-100 text-center woodmart-title-size-large \">\n\t\t\t\n\t\t\t<div class=\"liner-continer\">\n\t\t\t\t<span class=\"left-line\"><\/span>\n\t\t\t\t<h4 class=\"woodmart-title-container title  woodmart-font-weight-\" >GINOP-532-16-PROJEKT<\/h4>\t\t\t\t\t\t\t\t<span class=\"right-line\"><\/span>\n\t\t\t<\/div>\n\t\t\t\n\t\t\t\n\t\t\t\t\t<\/div>\n\t\t\n\t\t[vc_column_text text_larger=&#8220;no&#8220;]<img loading=\"lazy\" decoding=\"async\" class=\"alignright wp-image-1819\" src=\"https:\/\/baanpakk.hu\/wp-content\/uploads\/2020\/07\/infoblokk_kedv_final_felso_cmyk_ESZA1-1-300x207.jpg\" alt=\"\" width=\"500\" height=\"345\" srcset=\"https:\/\/baanpakk.hu\/wp-content\/uploads\/2020\/07\/infoblokk_kedv_final_felso_cmyk_ESZA1-1-300x207.jpg 300w, https:\/\/baanpakk.hu\/wp-content\/uploads\/2020\/07\/infoblokk_kedv_final_felso_cmyk_ESZA1-1-1024x708.jpg 1024w, https:\/\/baanpakk.hu\/wp-content\/uploads\/2020\/07\/infoblokk_kedv_final_felso_cmyk_ESZA1-1-768x531.jpg 768w, https:\/\/baanpakk.hu\/wp-content\/uploads\/2020\/07\/infoblokk_kedv_final_felso_cmyk_ESZA1-1-600x415.jpg 600w, https:\/\/baanpakk.hu\/wp-content\/uploads\/2020\/07\/infoblokk_kedv_final_felso_cmyk_ESZA1-1.jpg 1453w\" sizes=\"auto, (max-width: 500px) 100vw, 500px\" \/><strong>Meno pr\u00edjemcu:<\/strong> BA\u00c1N Faipari, Kereskedelmi \u00e9s Szolg\u00e1ltat\u00f3 Bt.<br \/>\n<strong>N\u00e1zov projektu:<\/strong> Zavedenie pru\u017en\u00e9ho zamestn\u00e1vania v spolo\u010dnosti Ba\u00e1n Bt.<br \/>\n<strong>V\u00fd\u0161ka dot\u00e1cie:<\/strong> 7 797 500 HUF<br \/>\n<strong>Miera dot\u00e1cie:<\/strong> 100 %<br \/>\n<strong>D\u00e1tum ukon\u010denia:<\/strong> 31. december 2017<br \/>\n<strong>Identifika\u010dn\u00e9 \u010d\u00edslo projektu:<\/strong> GINOP-5.3.2-16-2016-00564<\/p>\n<p><strong>Opis obsahu projektu:<\/strong><br \/>\nPo\u010das realiz\u00e1cie projektu ako v\u00fdsledok poradenstva v oblasti reorganiz\u00e1cie pracovn\u00fdch okruhov a zavedenia pru\u017en\u00e9ho zamestn\u00e1vania sa vytv\u00e1rali a dop\u013a\u0148ali vn\u00fatorn\u00e9 materi\u00e1ly firmy, a to najm\u00e4 organiza\u010dn\u00fd poriadok a HR dokumenty. V r\u00e1mci rozvojov\u00e9ho pl\u00e1nu sa uskuto\u010dnilo poradenstvo spojen\u00e9 s IT rozvojom potrebn\u00fdm pre realiz\u00e1ciu odpor\u00fa\u010dan\u00e9ho organiza\u010dn\u00e9ho a HR rozvoja, ako aj poradenstvo v oblasti riadenia a vzdel\u00e1vania zamestnancov, a tie\u017e pr\u00e1c v diel\u0148ach: firemn\u00e9 otv\u00e1racie porady, vytvorenie mentorsk\u00e9ho programu a mentorsk\u00e9ho zamestn\u00e1vania na pracovisku, presk\u00famanie a rozvoj organiza\u010dnej \u0161trukt\u00fary, koncept zos\u00faladenia pr\u00e1ce so s\u00fakromn\u00fdm \u017eivotom \u2013 realizoval sa modul pre vedenie aj zamestnancov firmy. Po\u010das porady pre hodnotenie zmien sa samotn\u00e9 hodnotenie realizovalo prostredn\u00edctvom workshopov s ved\u00facimi aj zamestnancami.<br \/>\nPre dosiahnutie vzdialen\u00fdch miest je po zmapovan\u00ed IT rozvojov\u00fdch mo\u017enost\u00ed potrebn\u00e9 zaobstaranie IT prostriedkov, ktor\u00e9 e\u0161te nem\u00e1me k dispoz\u00edcii. Bol vytvoren\u00fd nov\u00fd obchodn\u00fd model umo\u017e\u0148uj\u00faci pru\u017en\u00e9 formy v\u00fdkonu pr\u00e1ce (a ich podmienok), ktor\u00fd sa buduje v \u010dase v\u00fdkonu pr\u00e1ce (pru\u017en\u00fd pracovn\u00fd \u010das) a mieste v\u00fdkonu pr\u00e1ce (pr\u00e1ca mimo kancel\u00e1rie\/prev\u00e1dzky \u2013 napr. doma) a \u010diasto\u010dne uvo\u013e\u0148uje existuj\u00face viazanosti.<\/p>\n<p>Ka\u017ed\u00fd zo 6 zamestnancov dotknut\u00fdch zaveden\u00edm pru\u017enej pracovnej doby vykon\u00e1va v\u00e4\u010d\u0161inu svojej pr\u00e1ce pomocou po\u010d\u00edta\u010da, preto z\u00e1kladnou podmienkou zabezpe\u010denia pr\u00edstupnosti bolo zaobstaranie dostato\u010dn\u00e9ho mno\u017estva notebookov a s\u00favisiaceho z\u00e1kladn\u00e9ho softv\u00e9ru, ktor\u00e9 v s\u00fa\u010dasnosti nem\u00e1me k dispoz\u00edcii. V novom obchodnom modeli sa stalo od\u00f4vodnen\u00fdm zaobstaranie hardv\u00e9rov, softv\u00e9rov, e-mailov\u00fdch klientov, routerov, \u00falo\u017e\u00edsk vhodn\u00fdch na bezpe\u010dnostn\u00e9 ukladanie a priebe\u017en\u00e9 uchov\u00e1vanie d\u00e1t, prostriedkov s ve\u013ek\u00fdm rozl\u00ed\u0161en\u00edm, pou\u017eite\u013en\u00fdch na vyhotovenie technick\u00fdch pl\u00e1nov, potrebn\u00fdch pre vytvorenie \u00falo\u017en\u00fdch a funk\u010dn\u00fdch syst\u00e9mov na b\u00e1ze VPN a cloud k uspokojeniu zv\u00fd\u0161en\u00fdch n\u00e1rokov na bezpe\u010dnos\u0165 inform\u00e1ci\u00ed a uchov\u00e1vanie ve\u013ek\u00e9ho mno\u017estva d\u00e1t. V r\u00e1mci projektu sme nadobudli 3 nov\u00e9 notebooky s programov\u00fdm bal\u00edkom Office, 1 ks \u00falo\u017en\u00e9ho a funk\u010dn\u00e9ho syst\u00e9mu na b\u00e1ze VPN a cloud, 3 ks pam\u00e4\u0165ov\u00fdch m\u00e9di\u00ed a 1 ks monitoru.[\/vc_column_text][\/vc_column][\/vc_row]<\/p>\n<\/div>","protected":false},"excerpt":{"rendered":"<p>[vc_row][vc_column][vc_column_text text_larger=&#8220;no&#8220;] Meno pr\u00edjemcu: BA\u00c1N Faipari, Kereskedelmi \u00e9s Szolg\u00e1ltat\u00f3 Bt. N\u00e1zov projektu: Invest\u00edcia pre zvy\u0161ovanie kapacity v spolo\u010dnosti BA\u00c1N Faipari,<\/p>\n","protected":false},"author":1,"featured_media":0,"parent":0,"menu_order":0,"comment_status":"closed","ping_status":"closed","template":"","meta":{"footnotes":""},"class_list":["post-2329","page","type-page","status-publish","hentry"],"yoast_head":"<!-- This site is optimized with the Yoast SEO plugin v26.7 - https:\/\/yoast.com\/wordpress\/plugins\/seo\/ -->\n<title>\u00daspe\u0161n\u00e9 projekty - BA\u00c1N PAKK - Professzion\u00e1lis ipari csomagol\u00e1s<\/title>\n<meta name=\"robots\" content=\"index, follow, max-snippet:-1, max-image-preview:large, max-video-preview:-1\" \/>\n<link rel=\"canonical\" href=\"https:\/\/baanpakk.hu\/sk\/uspesne-projekty\/\" \/>\n<meta property=\"og:locale\" content=\"sk_SK\" \/>\n<meta property=\"og:type\" content=\"article\" \/>\n<meta property=\"og:title\" content=\"\u00daspe\u0161n\u00e9 projekty - BA\u00c1N PAKK - Professzion\u00e1lis ipari csomagol\u00e1s\" \/>\n<meta property=\"og:description\" content=\"[vc_row][vc_column][vc_column_text text_larger=&#8220;no&#8220;] Meno pr\u00edjemcu: BA\u00c1N Faipari, Kereskedelmi \u00e9s Szolg\u00e1ltat\u00f3 Bt. N\u00e1zov projektu: Invest\u00edcia pre zvy\u0161ovanie kapacity v spolo\u010dnosti BA\u00c1N Faipari,\" \/>\n<meta property=\"og:url\" content=\"https:\/\/baanpakk.hu\/sk\/uspesne-projekty\/\" \/>\n<meta property=\"og:site_name\" content=\"BA\u00c1N PAKK - Professzion\u00e1lis ipari csomagol\u00e1s\" \/>\n<meta property=\"article:modified_time\" content=\"2020-11-12T09:05:26+00:00\" \/>\n<meta property=\"og:image\" content=\"https:\/\/baanpakk.hu\/wp-content\/uploads\/2020\/07\/infoblokk_kedv_final_felso_cmyk_ESZA1-1-300x207.jpg\" \/>\n<meta name=\"twitter:card\" content=\"summary_large_image\" \/>\n<meta name=\"twitter:label1\" content=\"Predpokladan\u00fd \u010das \u010d\u00edtania\" \/>\n\t<meta name=\"twitter:data1\" content=\"4 min\u00faty\" \/>\n<script type=\"application\/ld+json\" class=\"yoast-schema-graph\">{\"@context\":\"https:\/\/schema.org\",\"@graph\":[{\"@type\":\"WebPage\",\"@id\":\"https:\/\/baanpakk.hu\/sk\/uspesne-projekty\/\",\"url\":\"https:\/\/baanpakk.hu\/sk\/uspesne-projekty\/\",\"name\":\"\u00daspe\u0161n\u00e9 projekty - BA\u00c1N PAKK - Professzion\u00e1lis ipari csomagol\u00e1s\",\"isPartOf\":{\"@id\":\"https:\/\/baanpakk.hu\/sk\/#website\"},\"primaryImageOfPage\":{\"@id\":\"https:\/\/baanpakk.hu\/sk\/uspesne-projekty\/#primaryimage\"},\"image\":{\"@id\":\"https:\/\/baanpakk.hu\/sk\/uspesne-projekty\/#primaryimage\"},\"thumbnailUrl\":\"https:\/\/baanpakk.hu\/wp-content\/uploads\/2020\/07\/infoblokk_kedv_final_felso_cmyk_ESZA1-1-300x207.jpg\",\"datePublished\":\"2020-07-10T13:19:43+00:00\",\"dateModified\":\"2020-11-12T09:05:26+00:00\",\"breadcrumb\":{\"@id\":\"https:\/\/baanpakk.hu\/sk\/uspesne-projekty\/#breadcrumb\"},\"inLanguage\":\"sk-SK\",\"potentialAction\":[{\"@type\":\"ReadAction\",\"target\":[\"https:\/\/baanpakk.hu\/sk\/uspesne-projekty\/\"]}]},{\"@type\":\"ImageObject\",\"inLanguage\":\"sk-SK\",\"@id\":\"https:\/\/baanpakk.hu\/sk\/uspesne-projekty\/#primaryimage\",\"url\":\"https:\/\/baanpakk.hu\/wp-content\/uploads\/2020\/07\/infoblokk_kedv_final_felso_cmyk_ESZA1-1-300x207.jpg\",\"contentUrl\":\"https:\/\/baanpakk.hu\/wp-content\/uploads\/2020\/07\/infoblokk_kedv_final_felso_cmyk_ESZA1-1-300x207.jpg\"},{\"@type\":\"BreadcrumbList\",\"@id\":\"https:\/\/baanpakk.hu\/sk\/uspesne-projekty\/#breadcrumb\",\"itemListElement\":[{\"@type\":\"ListItem\",\"position\":1,\"name\":\"Kezd\u0151lap\",\"item\":\"https:\/\/baanpakk.hu\/sk\/\"},{\"@type\":\"ListItem\",\"position\":2,\"name\":\"\u00daspe\u0161n\u00e9 projekty\"}]},{\"@type\":\"WebSite\",\"@id\":\"https:\/\/baanpakk.hu\/sk\/#website\",\"url\":\"https:\/\/baanpakk.hu\/sk\/\",\"name\":\"BA\u00c1N PAKK - Professzion\u00e1lis ipari csomagol\u00e1s\",\"description\":\"\",\"potentialAction\":[{\"@type\":\"SearchAction\",\"target\":{\"@type\":\"EntryPoint\",\"urlTemplate\":\"https:\/\/baanpakk.hu\/sk\/?s={search_term_string}\"},\"query-input\":{\"@type\":\"PropertyValueSpecification\",\"valueRequired\":true,\"valueName\":\"search_term_string\"}}],\"inLanguage\":\"sk-SK\"}]}<\/script>\n<!-- \/ Yoast SEO plugin. -->","yoast_head_json":{"title":"\u00daspe\u0161n\u00e9 projekty - BA\u00c1N PAKK - Professzion\u00e1lis ipari csomagol\u00e1s","robots":{"index":"index","follow":"follow","max-snippet":"max-snippet:-1","max-image-preview":"max-image-preview:large","max-video-preview":"max-video-preview:-1"},"canonical":"https:\/\/baanpakk.hu\/sk\/uspesne-projekty\/","og_locale":"sk_SK","og_type":"article","og_title":"\u00daspe\u0161n\u00e9 projekty - BA\u00c1N PAKK - Professzion\u00e1lis ipari csomagol\u00e1s","og_description":"[vc_row][vc_column][vc_column_text text_larger=&#8220;no&#8220;] Meno pr\u00edjemcu: BA\u00c1N Faipari, Kereskedelmi \u00e9s Szolg\u00e1ltat\u00f3 Bt. N\u00e1zov projektu: Invest\u00edcia pre zvy\u0161ovanie kapacity v spolo\u010dnosti BA\u00c1N Faipari,","og_url":"https:\/\/baanpakk.hu\/sk\/uspesne-projekty\/","og_site_name":"BA\u00c1N PAKK - Professzion\u00e1lis ipari csomagol\u00e1s","article_modified_time":"2020-11-12T09:05:26+00:00","og_image":[{"url":"https:\/\/baanpakk.hu\/wp-content\/uploads\/2020\/07\/infoblokk_kedv_final_felso_cmyk_ESZA1-1-300x207.jpg","type":"","width":"","height":""}],"twitter_card":"summary_large_image","twitter_misc":{"Predpokladan\u00fd \u010das \u010d\u00edtania":"4 min\u00faty"},"schema":{"@context":"https:\/\/schema.org","@graph":[{"@type":"WebPage","@id":"https:\/\/baanpakk.hu\/sk\/uspesne-projekty\/","url":"https:\/\/baanpakk.hu\/sk\/uspesne-projekty\/","name":"\u00daspe\u0161n\u00e9 projekty - BA\u00c1N PAKK - Professzion\u00e1lis ipari csomagol\u00e1s","isPartOf":{"@id":"https:\/\/baanpakk.hu\/sk\/#website"},"primaryImageOfPage":{"@id":"https:\/\/baanpakk.hu\/sk\/uspesne-projekty\/#primaryimage"},"image":{"@id":"https:\/\/baanpakk.hu\/sk\/uspesne-projekty\/#primaryimage"},"thumbnailUrl":"https:\/\/baanpakk.hu\/wp-content\/uploads\/2020\/07\/infoblokk_kedv_final_felso_cmyk_ESZA1-1-300x207.jpg","datePublished":"2020-07-10T13:19:43+00:00","dateModified":"2020-11-12T09:05:26+00:00","breadcrumb":{"@id":"https:\/\/baanpakk.hu\/sk\/uspesne-projekty\/#breadcrumb"},"inLanguage":"sk-SK","potentialAction":[{"@type":"ReadAction","target":["https:\/\/baanpakk.hu\/sk\/uspesne-projekty\/"]}]},{"@type":"ImageObject","inLanguage":"sk-SK","@id":"https:\/\/baanpakk.hu\/sk\/uspesne-projekty\/#primaryimage","url":"https:\/\/baanpakk.hu\/wp-content\/uploads\/2020\/07\/infoblokk_kedv_final_felso_cmyk_ESZA1-1-300x207.jpg","contentUrl":"https:\/\/baanpakk.hu\/wp-content\/uploads\/2020\/07\/infoblokk_kedv_final_felso_cmyk_ESZA1-1-300x207.jpg"},{"@type":"BreadcrumbList","@id":"https:\/\/baanpakk.hu\/sk\/uspesne-projekty\/#breadcrumb","itemListElement":[{"@type":"ListItem","position":1,"name":"Kezd\u0151lap","item":"https:\/\/baanpakk.hu\/sk\/"},{"@type":"ListItem","position":2,"name":"\u00daspe\u0161n\u00e9 projekty"}]},{"@type":"WebSite","@id":"https:\/\/baanpakk.hu\/sk\/#website","url":"https:\/\/baanpakk.hu\/sk\/","name":"BA\u00c1N PAKK - Professzion\u00e1lis ipari csomagol\u00e1s","description":"","potentialAction":[{"@type":"SearchAction","target":{"@type":"EntryPoint","urlTemplate":"https:\/\/baanpakk.hu\/sk\/?s={search_term_string}"},"query-input":{"@type":"PropertyValueSpecification","valueRequired":true,"valueName":"search_term_string"}}],"inLanguage":"sk-SK"}]}},"_links":{"self":[{"href":"https:\/\/baanpakk.hu\/sk\/wp-json\/wp\/v2\/pages\/2329","targetHints":{"allow":["GET"]}}],"collection":[{"href":"https:\/\/baanpakk.hu\/sk\/wp-json\/wp\/v2\/pages"}],"about":[{"href":"https:\/\/baanpakk.hu\/sk\/wp-json\/wp\/v2\/types\/page"}],"author":[{"embeddable":true,"href":"https:\/\/baanpakk.hu\/sk\/wp-json\/wp\/v2\/users\/1"}],"replies":[{"embeddable":true,"href":"https:\/\/baanpakk.hu\/sk\/wp-json\/wp\/v2\/comments?post=2329"}],"version-history":[{"count":3,"href":"https:\/\/baanpakk.hu\/sk\/wp-json\/wp\/v2\/pages\/2329\/revisions"}],"predecessor-version":[{"id":2332,"href":"https:\/\/baanpakk.hu\/sk\/wp-json\/wp\/v2\/pages\/2329\/revisions\/2332"}],"wp:attachment":[{"href":"https:\/\/baanpakk.hu\/sk\/wp-json\/wp\/v2\/media?parent=2329"}],"curies":[{"name":"wp","href":"https:\/\/api.w.org\/{rel}","templated":true}]}}