{"id":2940,"date":"2021-02-04T12:40:50","date_gmt":"2021-02-04T12:40:50","guid":{"rendered":"https:\/\/baanpakk.hu\/nase-kompetencie\/packaging-design\/"},"modified":"2021-02-16T11:02:00","modified_gmt":"2021-02-16T11:02:00","slug":"navrhovanie-balenia","status":"publish","type":"page","link":"https:\/\/baanpakk.hu\/sk\/nase-kompetencie\/navrhovanie-balenia\/","title":{"rendered":"Navrhovanie balenia"},"content":{"rendered":"<div class=\"wpb-content-wrapper\"><p>[vc_row full_width=&#8220;stretch_row&#8220; content_placement=&#8220;bottom&#8220; css=&#8220;.vc_custom_1612445494509{margin-bottom: 0px !important;padding-top: 14vh !important;padding-bottom: 4vh !important;background-image: url(https:\/\/baanpakk.hu\/wp-content\/uploads\/2020\/07\/baan-pakk-pakkolj-velun-yellow.jpg?id=1668) !important;background-position: center !important;background-repeat: no-repeat !important;background-size: cover !important;}&#8220; mobile_bg_img_hidden=&#8220;no&#8220; tablet_bg_img_hidden=&#8220;no&#8220; woodmart_parallax=&#8220;0&#8243; woodmart_gradient_switch=&#8220;no&#8220; row_reverse_mobile=&#8220;0&#8243; row_reverse_tablet=&#8220;0&#8243; woodmart_disable_overflow=&#8220;1&#8243;][vc_column css=&#8220;.vc_custom_1582037279782{padding-top: 0px !important;}&#8220; mobile_bg_img_hidden=&#8220;no&#8220; tablet_bg_img_hidden=&#8220;no&#8220; woodmart_parallax=&#8220;0&#8243; woodmart_sticky_column=&#8220;false&#8220; parallax_scroll=&#8220;no&#8220; mobile_reset_margin=&#8220;no&#8220; tablet_reset_margin=&#8220;no&#8220;]\n\t\t<div id=\"wd-602ba5fa4aef6\" class=\"title-wrapper  woodmart-title-color-white woodmart-title-style-default woodmart-title-width-70 text-left woodmart-title-size-custom vc_custom_1613473276143\">\n\t\t\t\n\t\t\t<div class=\"liner-continer\">\n\t\t\t\t<span class=\"left-line\"><\/span>\n\t\t\t\t<h1 class=\"woodmart-title-container title  woodmart-font-weight-700\" >Navrhovanie balenia<\/h1>\t\t\t\t\t\t\t\t<span class=\"right-line\"><\/span>\n\t\t\t<\/div>\n\t\t\t\n\t\t\t\n\t\t\t\t\t<\/div>\n\t\t\n\t\t[\/vc_column][vc_column css=&#8220;.vc_custom_1612445470045{margin-bottom: 0px !important;padding-top: 0px !important;}&#8220; mobile_bg_img_hidden=&#8220;no&#8220; tablet_bg_img_hidden=&#8220;no&#8220; woodmart_parallax=&#8220;0&#8243; woodmart_sticky_column=&#8220;false&#8220; parallax_scroll=&#8220;no&#8220; mobile_reset_margin=&#8220;no&#8220; tablet_reset_margin=&#8220;no&#8220; offset=&#8220;vc_col-xs-12&#8243;][vc_row_inner css=&#8220;.vc_custom_1612445475592{margin-bottom: 0px !important;}&#8220; row_reverse_mobile=&#8220;0&#8243; row_reverse_tablet=&#8220;0&#8243;][vc_column_inner css=&#8220;.vc_custom_1581944820987{padding-top: 0px !important;}&#8220;]\t\n\t\t\t<div id=\"wd-602ba6020d141\" class=\"woodmart-text-block-wrapper color-scheme-custom woodmart-title-size-default woodmart-title-width-100 text-left vc_custom_1613473312489 sortores\">\n\t\t\t\t<div class=\"woodmart-title-container woodmart-text-block font-primary woodmart-font-weight-\">\n\t\t\t\t\tN\u00e1vrh balenia vyhotovuje na z\u00e1klade poskytnut\u00fdch alebo zisten\u00fdch \u00fadajov n\u00e1\u0161 drev\u00e1rsky in\u017einier, resp. odborn\u00fd in\u017einier pre baliace techniky.<\/p>\n<p><strong>Pri n\u00e1vrhu v z\u00e1ujme toho, aby sa zabalen\u00fd tovar pri preprave nepo\u0161kodil, zoh\u013ead\u0148ujeme nasledovn\u00e9 aspekty:<\/strong><\/p>\n<ul class=\"baan-list\">\n<li>sp\u00f4sob prepravy<\/li>\n<li>nam\u00e1hanie predpokladan\u00e9 po\u010das prepravy<\/li>\n<li>parametre prepravovan\u00e9ho tovaru<\/li>\n<li>predpisy vz\u0165ahuj\u00face sa na balenie<\/li>\n<li>baliacu technol\u00f3giu<\/li>\n<li>predpisy v oblasti \u017eivotn\u00e9ho prostredia<\/li>\n<li>predpisy BOZP<\/li>\n<li>rozmery prepravn\u00e9ho dopravn\u00e9ho prostriedky<\/li>\n<li>v pr\u00edpade prepravy v kontajneroch sa rozmery balen\u00fdch jednotiek optimalizujeme ku kapacite kontajnera.<\/li>\n<\/ul>\n<p>Pri pl\u00e1novan\u00ed balenia d\u00e1me presn\u00fd n\u00e1vrh aj na potrebn\u00fa prepravn\u00fa kapacitu. Ur\u010d\u00edme po\u010det a typ kontajnerov.\t\t\t\t<\/div>\n\t\t\t\t\t\n\t\t\t<\/div>\n\t\t[\/vc_column_inner][\/vc_row_inner][\/vc_column][\/vc_row]<\/p>\n<\/div>","protected":false},"excerpt":{"rendered":"<p>[vc_row full_width=&#8220;stretch_row&#8220; content_placement=&#8220;bottom&#8220; css=&#8220;.vc_custom_1612445494509{margin-bottom: 0px !important;padding-top: 14vh !important;padding-bottom: 4vh !important;background-image: url(https:\/\/baanpakk.hu\/wp-content\/uploads\/2020\/07\/baan-pakk-pakkolj-velun-yellow.jpg?id=1668) !important;background-position: center !important;background-repeat: no-repeat !important;background-size: cover !important;}&#8220; mobile_bg_img_hidden=&#8220;no&#8220; tablet_bg_img_hidden=&#8220;no&#8220;<\/p>\n","protected":false},"author":1,"featured_media":0,"parent":2185,"menu_order":0,"comment_status":"closed","ping_status":"closed","template":"","meta":{"footnotes":""},"class_list":["post-2940","page","type-page","status-publish","hentry"],"yoast_head":"<!-- This site is optimized with the Yoast SEO plugin v26.7 - https:\/\/yoast.com\/wordpress\/plugins\/seo\/ -->\n<title>Navrhovanie balenia - BA\u00c1N PAKK - Professzion\u00e1lis ipari csomagol\u00e1s<\/title>\n<meta name=\"description\" content=\"N\u00e1vrh balenia vyhotovuje na z\u00e1klade poskytnut\u00fdch alebo zisten\u00fdch \u00fadajov n\u00e1\u0161 drev\u00e1rsky in\u017einier, resp. odborn\u00fd in\u017einier pre baliace techniky.\" \/>\n<meta name=\"robots\" content=\"index, follow, max-snippet:-1, max-image-preview:large, max-video-preview:-1\" \/>\n<link rel=\"canonical\" href=\"https:\/\/baanpakk.hu\/sk\/nase-kompetencie\/navrhovanie-balenia\/\" \/>\n<meta property=\"og:locale\" content=\"sk_SK\" \/>\n<meta property=\"og:type\" content=\"article\" \/>\n<meta property=\"og:title\" content=\"Navrhovanie balenia - BA\u00c1N PAKK - Professzion\u00e1lis ipari csomagol\u00e1s\" \/>\n<meta property=\"og:description\" content=\"N\u00e1vrh balenia vyhotovuje na z\u00e1klade poskytnut\u00fdch alebo zisten\u00fdch \u00fadajov n\u00e1\u0161 drev\u00e1rsky in\u017einier, resp. odborn\u00fd in\u017einier pre baliace techniky.\" \/>\n<meta property=\"og:url\" content=\"https:\/\/baanpakk.hu\/sk\/nase-kompetencie\/navrhovanie-balenia\/\" \/>\n<meta property=\"og:site_name\" content=\"BA\u00c1N PAKK - Professzion\u00e1lis ipari csomagol\u00e1s\" \/>\n<meta property=\"article:modified_time\" content=\"2021-02-16T11:02:00+00:00\" \/>\n<meta name=\"twitter:card\" content=\"summary_large_image\" \/>\n<meta name=\"twitter:label1\" content=\"Predpokladan\u00fd \u010das \u010d\u00edtania\" \/>\n\t<meta name=\"twitter:data1\" content=\"3 min\u00faty\" \/>\n<script type=\"application\/ld+json\" class=\"yoast-schema-graph\">{\"@context\":\"https:\/\/schema.org\",\"@graph\":[{\"@type\":\"WebPage\",\"@id\":\"https:\/\/baanpakk.hu\/sk\/nase-kompetencie\/navrhovanie-balenia\/\",\"url\":\"https:\/\/baanpakk.hu\/sk\/nase-kompetencie\/navrhovanie-balenia\/\",\"name\":\"Navrhovanie balenia - BA\u00c1N PAKK - Professzion\u00e1lis ipari csomagol\u00e1s\",\"isPartOf\":{\"@id\":\"https:\/\/baanpakk.hu\/sk\/#website\"},\"datePublished\":\"2021-02-04T12:40:50+00:00\",\"dateModified\":\"2021-02-16T11:02:00+00:00\",\"description\":\"N\u00e1vrh balenia vyhotovuje na z\u00e1klade poskytnut\u00fdch alebo zisten\u00fdch \u00fadajov n\u00e1\u0161 drev\u00e1rsky in\u017einier, resp. odborn\u00fd in\u017einier pre baliace techniky.\",\"breadcrumb\":{\"@id\":\"https:\/\/baanpakk.hu\/sk\/nase-kompetencie\/navrhovanie-balenia\/#breadcrumb\"},\"inLanguage\":\"sk-SK\",\"potentialAction\":[{\"@type\":\"ReadAction\",\"target\":[\"https:\/\/baanpakk.hu\/sk\/nase-kompetencie\/navrhovanie-balenia\/\"]}]},{\"@type\":\"BreadcrumbList\",\"@id\":\"https:\/\/baanpakk.hu\/sk\/nase-kompetencie\/navrhovanie-balenia\/#breadcrumb\",\"itemListElement\":[{\"@type\":\"ListItem\",\"position\":1,\"name\":\"Kezd\u0151lap\",\"item\":\"https:\/\/baanpakk.hu\/sk\/\"},{\"@type\":\"ListItem\",\"position\":2,\"name\":\"Na\u0161e kompetencie\",\"item\":\"https:\/\/baanpakk.hu\/sk\/nase-kompetencie\/\"},{\"@type\":\"ListItem\",\"position\":3,\"name\":\"Navrhovanie balenia\"}]},{\"@type\":\"WebSite\",\"@id\":\"https:\/\/baanpakk.hu\/sk\/#website\",\"url\":\"https:\/\/baanpakk.hu\/sk\/\",\"name\":\"BA\u00c1N PAKK - Professzion\u00e1lis ipari csomagol\u00e1s\",\"description\":\"\",\"potentialAction\":[{\"@type\":\"SearchAction\",\"target\":{\"@type\":\"EntryPoint\",\"urlTemplate\":\"https:\/\/baanpakk.hu\/sk\/?s={search_term_string}\"},\"query-input\":{\"@type\":\"PropertyValueSpecification\",\"valueRequired\":true,\"valueName\":\"search_term_string\"}}],\"inLanguage\":\"sk-SK\"}]}<\/script>\n<!-- \/ Yoast SEO plugin. -->","yoast_head_json":{"title":"Navrhovanie balenia - BA\u00c1N PAKK - Professzion\u00e1lis ipari csomagol\u00e1s","description":"N\u00e1vrh balenia vyhotovuje na z\u00e1klade poskytnut\u00fdch alebo zisten\u00fdch \u00fadajov n\u00e1\u0161 drev\u00e1rsky in\u017einier, resp. odborn\u00fd in\u017einier pre baliace techniky.","robots":{"index":"index","follow":"follow","max-snippet":"max-snippet:-1","max-image-preview":"max-image-preview:large","max-video-preview":"max-video-preview:-1"},"canonical":"https:\/\/baanpakk.hu\/sk\/nase-kompetencie\/navrhovanie-balenia\/","og_locale":"sk_SK","og_type":"article","og_title":"Navrhovanie balenia - BA\u00c1N PAKK - Professzion\u00e1lis ipari csomagol\u00e1s","og_description":"N\u00e1vrh balenia vyhotovuje na z\u00e1klade poskytnut\u00fdch alebo zisten\u00fdch \u00fadajov n\u00e1\u0161 drev\u00e1rsky in\u017einier, resp. odborn\u00fd in\u017einier pre baliace techniky.","og_url":"https:\/\/baanpakk.hu\/sk\/nase-kompetencie\/navrhovanie-balenia\/","og_site_name":"BA\u00c1N PAKK - Professzion\u00e1lis ipari csomagol\u00e1s","article_modified_time":"2021-02-16T11:02:00+00:00","twitter_card":"summary_large_image","twitter_misc":{"Predpokladan\u00fd \u010das \u010d\u00edtania":"3 min\u00faty"},"schema":{"@context":"https:\/\/schema.org","@graph":[{"@type":"WebPage","@id":"https:\/\/baanpakk.hu\/sk\/nase-kompetencie\/navrhovanie-balenia\/","url":"https:\/\/baanpakk.hu\/sk\/nase-kompetencie\/navrhovanie-balenia\/","name":"Navrhovanie balenia - BA\u00c1N PAKK - Professzion\u00e1lis ipari csomagol\u00e1s","isPartOf":{"@id":"https:\/\/baanpakk.hu\/sk\/#website"},"datePublished":"2021-02-04T12:40:50+00:00","dateModified":"2021-02-16T11:02:00+00:00","description":"N\u00e1vrh balenia vyhotovuje na z\u00e1klade poskytnut\u00fdch alebo zisten\u00fdch \u00fadajov n\u00e1\u0161 drev\u00e1rsky in\u017einier, resp. odborn\u00fd in\u017einier pre baliace techniky.","breadcrumb":{"@id":"https:\/\/baanpakk.hu\/sk\/nase-kompetencie\/navrhovanie-balenia\/#breadcrumb"},"inLanguage":"sk-SK","potentialAction":[{"@type":"ReadAction","target":["https:\/\/baanpakk.hu\/sk\/nase-kompetencie\/navrhovanie-balenia\/"]}]},{"@type":"BreadcrumbList","@id":"https:\/\/baanpakk.hu\/sk\/nase-kompetencie\/navrhovanie-balenia\/#breadcrumb","itemListElement":[{"@type":"ListItem","position":1,"name":"Kezd\u0151lap","item":"https:\/\/baanpakk.hu\/sk\/"},{"@type":"ListItem","position":2,"name":"Na\u0161e kompetencie","item":"https:\/\/baanpakk.hu\/sk\/nase-kompetencie\/"},{"@type":"ListItem","position":3,"name":"Navrhovanie balenia"}]},{"@type":"WebSite","@id":"https:\/\/baanpakk.hu\/sk\/#website","url":"https:\/\/baanpakk.hu\/sk\/","name":"BA\u00c1N PAKK - Professzion\u00e1lis ipari csomagol\u00e1s","description":"","potentialAction":[{"@type":"SearchAction","target":{"@type":"EntryPoint","urlTemplate":"https:\/\/baanpakk.hu\/sk\/?s={search_term_string}"},"query-input":{"@type":"PropertyValueSpecification","valueRequired":true,"valueName":"search_term_string"}}],"inLanguage":"sk-SK"}]}},"_links":{"self":[{"href":"https:\/\/baanpakk.hu\/sk\/wp-json\/wp\/v2\/pages\/2940","targetHints":{"allow":["GET"]}}],"collection":[{"href":"https:\/\/baanpakk.hu\/sk\/wp-json\/wp\/v2\/pages"}],"about":[{"href":"https:\/\/baanpakk.hu\/sk\/wp-json\/wp\/v2\/types\/page"}],"author":[{"embeddable":true,"href":"https:\/\/baanpakk.hu\/sk\/wp-json\/wp\/v2\/users\/1"}],"replies":[{"embeddable":true,"href":"https:\/\/baanpakk.hu\/sk\/wp-json\/wp\/v2\/comments?post=2940"}],"version-history":[{"count":2,"href":"https:\/\/baanpakk.hu\/sk\/wp-json\/wp\/v2\/pages\/2940\/revisions"}],"predecessor-version":[{"id":2943,"href":"https:\/\/baanpakk.hu\/sk\/wp-json\/wp\/v2\/pages\/2940\/revisions\/2943"}],"up":[{"embeddable":true,"href":"https:\/\/baanpakk.hu\/sk\/wp-json\/wp\/v2\/pages\/2185"}],"wp:attachment":[{"href":"https:\/\/baanpakk.hu\/sk\/wp-json\/wp\/v2\/media?parent=2940"}],"curies":[{"name":"wp","href":"https:\/\/api.w.org\/{rel}","templated":true}]}}